{"id":10184,"date":"2025-12-18T09:26:35","date_gmt":"2025-12-18T09:26:35","guid":{"rendered":"https:\/\/whalewatching.placessites.com\/?post_type=product&#038;p=10184"},"modified":"2025-12-18T09:34:37","modified_gmt":"2025-12-18T09:34:37","slug":"excursion-a-las-cataratas-caleta-de-ambar-bahia-de-taino-transporte","status":"publish","type":"product","link":"https:\/\/whalewatching.placessites.com\/es\/visita\/excursion-a-las-cataratas-caleta-de-ambar-bahia-de-taino-transporte\/","title":{"rendered":"Excursi\u00f3n a las cataratas cala de \u00e1mbar bah\u00eda de Taino y transporte"},"content":{"rendered":"<p><strong>Excursi\u00f3n a las cataratas Amber Cove Taino Bay &amp; Transporte<\/strong><\/p>\n<p>Acomp\u00e1\u00f1enos en una excursi\u00f3n inolvidable llena de aventura, naturaleza y belleza. Nuestra excursi\u00f3n incluye un recorrido de tres horas y media de senderismo, nataci\u00f3n, saltos y deslizamiento hasta las impresionantes cascadas. Despu\u00e9s de la excursi\u00f3n, le proporcionaremos agua para refrescarse, lo que le permitir\u00e1 saborear los bellos momentos vividos en las cascadas.<\/p>\n<p>Esta excursi\u00f3n le llevar\u00e1 a la cascada n\u00famero 7, comenzando con una caminata moderada. A medida que avanza, comienza la verdadera emoci\u00f3n con oportunidades para saltar, deslizarse, balancearse y saltar a las refrescantes aguas. A su regreso, un gu\u00eda experto le acompa\u00f1ar\u00e1 para garantizar su seguridad mientras recorre los lugares seguros para saltar.<\/p>\n<p>Estas encantadoras cataratas encierran antiguas leyendas de los indios ta\u00ednos, lo que a\u00f1ade riqueza cultural a la experiencia. Es importante tener en cuenta que este monumento forma parte del sistema de \u00e1reas protegidas de la Rep\u00fablica Dominicana. Al reservar, le proporcionaremos los detalles necesarios, incluida la hora designada para su aventura.<\/p>","protected":false},"excerpt":{"rendered":"<div data-track=\"overview\" data-v-56a1a938=\"\">\n<section id=\"activity-overview\" class=\"activity-overview\" data-component=\"overview\" data-v-56a1a938=\"\" data-v-f3236c42=\"\">\n<p class=\"activity-overview__content\" data-test-id=\"activity-overview-content\" data-v-f3236c42=\"\">Podr\u00e1s saltar, deslizarte y nadar. Trae a tu familia o a tu grupo<\/p>\n<\/section>\n<\/div>\n<div data-track=\"key-details\" data-v-56a1a938=\"\"><\/div>","protected":false},"featured_media":10437,"template":"","meta":[],"product_brand":[],"product_cat":[97],"product_tag":[101,102],"class_list":{"0":"post-10184","1":"product","2":"type-product","3":"status-publish","4":"has-post-thumbnail","6":"product_cat-dominican-republic","7":"product_tag-excursion","8":"product_tag-tour","10":"first","11":"instock","12":"sale","13":"shipping-taxable","14":"product-type-external"},"_links":{"self":[{"href":"https:\/\/whalewatching.placessites.com\/es\/wp-json\/wp\/v2\/product\/10184","targetHints":{"allow":["GET"]}}],"collection":[{"href":"https:\/\/whalewatching.placessites.com\/es\/wp-json\/wp\/v2\/product"}],"about":[{"href":"https:\/\/whalewatching.placessites.com\/es\/wp-json\/wp\/v2\/types\/product"}],"version-history":[{"count":0,"href":"https:\/\/whalewatching.placessites.com\/es\/wp-json\/wp\/v2\/product\/10184\/revisions"}],"wp:featuredmedia":[{"embeddable":true,"href":"https:\/\/whalewatching.placessites.com\/es\/wp-json\/wp\/v2\/media\/10437"}],"wp:attachment":[{"href":"https:\/\/whalewatching.placessites.com\/es\/wp-json\/wp\/v2\/media?parent=10184"}],"wp:term":[{"taxonomy":"product_brand","embeddable":true,"href":"https:\/\/whalewatching.placessites.com\/es\/wp-json\/wp\/v2\/product_brand?post=10184"},{"taxonomy":"product_cat","embeddable":true,"href":"https:\/\/whalewatching.placessites.com\/es\/wp-json\/wp\/v2\/product_cat?post=10184"},{"taxonomy":"product_tag","embeddable":true,"href":"https:\/\/whalewatching.placessites.com\/es\/wp-json\/wp\/v2\/product_tag?post=10184"}],"curies":[{"name":"wp","href":"https:\/\/api.w.org\/{rel}","templated":true}]}}