{"id":10186,"date":"2025-12-18T09:26:35","date_gmt":"2025-12-18T09:26:35","guid":{"rendered":"https:\/\/whalewatching.placessites.com\/?post_type=product&#038;p=10186"},"modified":"2025-12-18T09:36:11","modified_gmt":"2025-12-18T09:36:11","slug":"entrada-punta-cana-blue-hole-y-scape-park-cap-cana","status":"publish","type":"product","link":"https:\/\/whalewatching.placessites.com\/es\/visita\/entrada-punta-cana-blue-hole-y-scape-park-cap-cana\/","title":{"rendered":"Punta Cana: Entrada Blue Hole y Scape Park Cap Cana"},"content":{"rendered":"<p><strong>Punta Cana: Entrada Blue Hole y Scape Park Cap Cana<\/strong><\/p>\n<p>Comience el d\u00eda en un autocar con aire acondicionado que le llevar\u00e1 desde su hotel hasta Scape Park, un parque de ecoaventura situado en el complejo tur\u00edstico de Cap Cana, que abarca m\u00e1s de 100 hect\u00e1reas (247 acres) en la costa oriental de la Rep\u00fablica Dominicana.<\/p>\n<p>Esta entrada de d\u00eda completo incluye las 10 atracciones de calidad disponibles en Scape Park. Puede que decida empezar su aventura en Scape Park en la tirolina Eco Tour y despu\u00e9s refrescarse en el Blue Hole . Usted decide.<\/p>\n<p>Atracciones disponibles en el parque:<\/p>\n<p><strong>Sendero Blue Hole | Cenote:<\/strong> Emb\u00e1rquese en una aventura cautivadora con la Ruta del Cenote del Agujero Azul, un recorrido diverso y pintoresco que promete una rica mezcla de maravillas naturales. Este sendero ofrece una experiencia envolvente a trav\u00e9s de variados ecosistemas, incluyendo exuberantes humedales, un emocionante puente colgante, encantadoras cascadas y un sereno cenote...<\/p>\n<p><strong>Expedici\u00f3n a las cuevas:<\/strong> Suba a Farallon Cliff y camine por la selva. Desciende por una escalera para entrar en la cueva y explorar su vasta red subterr\u00e1nea de c\u00e1maras y t\u00faneles.<\/p>\n<p><strong>Itinerario cultural: <\/strong> Durante un paseo por la naturaleza, observe las marcas de los ta\u00ednos, los habitantes ind\u00edgenas originales de la isla.<\/p>\n<p><strong>Saltos Azules:<\/strong> Salta desde nuestra cuerda Mabo, surca los cielos en nuestro columpio Macuya, t\u00edrate y emoci\u00f3nate en nuestra barra de monos. Y s\u00fabase a nuestras hamacas acu\u00e1ticas que le llevar\u00e1n a toda velocidad y chapoteando en estas refrescantes aguas rodeadas de antiguas cuevas e impresionantes cascadas. \u00a1El viaje de tu vida!<\/p>\n<p><strong>Tirolina Eco Splash:<\/strong> \u00bfEst\u00e1s listo para llevar tu aventura a nuevas alturas? Refr\u00e9squese con estilo en nuestra tirolina Eco-Splash, \u00a1la fusi\u00f3n definitiva de emoci\u00f3n y refrescante diversi\u00f3n acu\u00e1tica! Experimente la belleza ex\u00f3tica de su entorno desde una perspectiva \u00fanica mientras se lanza al aire y se desliza sin esfuerzo a trav\u00e9s de fuentes de agua, cascadas y ca\u00f1ones de agua. \u00a1Una forma perfecta de dar un giro a su aventura!<\/p>\n<p><strong>Iguanalandia:<\/strong>En este viaje salvaje, tendr\u00e1 un encuentro cercano con nuestras iguanas rinoceronte. Una especie de reptil que s\u00f3lo puede encontrarse en esta isla tropical.<\/p>\n<p>Corredores de cuerda: Emb\u00e1rcate en un emocionante viaje a trav\u00e9s de nuestro Rope Challenge Course - Balanc\u00e9ate, balanceate y vuela a trav\u00e9s de las copas de los \u00e1rboles como un intr\u00e9pido aventurero,<\/p>\n<p>TIROLINA SUPER RIDE. Prep\u00e1rate para sacar el superh\u00e9roe que llevas dentro en nuestra tirolina Super-man. Siente la adrenalina mientras avanzas por el cielo, suspendido como un Superh\u00e9roe en una misi\u00f3n para conquistar la gravedad. \u00a1Porque aqu\u00ed todo el mundo es un superh\u00e9roe!<\/p>\n<p>ESCAPADA A LA PLAYA: Disfruta de la escapada a una de las mejores playas de todo el pa\u00eds, de fina arena blanca y agua azul turquesa, y de la fresca brisa tropical en el Club de Playa Juanillo. Esta actividad est\u00e1 sujeta a las condiciones meteorol\u00f3gicas y a la presencia de sargazo en la costa.<\/p>","protected":false},"excerpt":{"rendered":"<div data-track=\"overview\" data-v-f00c0656=\"\">\n<section id=\"activity-overview\" class=\"activity-overview\" data-component=\"overview\" data-v-f00c0656=\"\" data-v-f3236c42=\"\">\n<p class=\"activity-overview__content\" data-test-id=\"activity-overview-content\" data-v-f3236c42=\"\">\u00a1Disfrute de un d\u00eda entero de aventuras en Scape Park! Con esta oferta exclusiva, podr\u00e1 crear combinaciones de actividades casi infinitas. Construya su propio itinerario de un d\u00eda a partir de las incre\u00edbles atracciones del parque.<\/p>\n<\/section>\n<\/div>\n<div data-track=\"key-details\" data-v-f00c0656=\"\"><\/div>","protected":false},"featured_media":10470,"template":"","meta":[],"product_brand":[],"product_cat":[97],"product_tag":[101,102],"class_list":{"0":"post-10186","1":"product","2":"type-product","3":"status-publish","4":"has-post-thumbnail","6":"product_cat-dominican-republic","7":"product_tag-excursion","8":"product_tag-tour","10":"first","11":"instock","12":"sale","13":"shipping-taxable","14":"product-type-external"},"_links":{"self":[{"href":"https:\/\/whalewatching.placessites.com\/es\/wp-json\/wp\/v2\/product\/10186","targetHints":{"allow":["GET"]}}],"collection":[{"href":"https:\/\/whalewatching.placessites.com\/es\/wp-json\/wp\/v2\/product"}],"about":[{"href":"https:\/\/whalewatching.placessites.com\/es\/wp-json\/wp\/v2\/types\/product"}],"version-history":[{"count":0,"href":"https:\/\/whalewatching.placessites.com\/es\/wp-json\/wp\/v2\/product\/10186\/revisions"}],"wp:featuredmedia":[{"embeddable":true,"href":"https:\/\/whalewatching.placessites.com\/es\/wp-json\/wp\/v2\/media\/10470"}],"wp:attachment":[{"href":"https:\/\/whalewatching.placessites.com\/es\/wp-json\/wp\/v2\/media?parent=10186"}],"wp:term":[{"taxonomy":"product_brand","embeddable":true,"href":"https:\/\/whalewatching.placessites.com\/es\/wp-json\/wp\/v2\/product_brand?post=10186"},{"taxonomy":"product_cat","embeddable":true,"href":"https:\/\/whalewatching.placessites.com\/es\/wp-json\/wp\/v2\/product_cat?post=10186"},{"taxonomy":"product_tag","embeddable":true,"href":"https:\/\/whalewatching.placessites.com\/es\/wp-json\/wp\/v2\/product_tag?post=10186"}],"curies":[{"name":"wp","href":"https:\/\/api.w.org\/{rel}","templated":true}]}}