{"id":10188,"date":"2025-12-18T09:26:35","date_gmt":"2025-12-18T09:26:35","guid":{"rendered":"https:\/\/whalewatching.placessites.com\/?post_type=product&#038;p=10188"},"modified":"2025-12-18T09:36:47","modified_gmt":"2025-12-18T09:36:47","slug":"punta-cana-coco-bongo-nightclub-experiencia-con-traslado","status":"publish","type":"product","link":"https:\/\/whalewatching.placessites.com\/es\/visita\/punta-cana-coco-bongo-nightclub-experiencia-con-traslado\/","title":{"rendered":"Punta Cana: Coco Bongo Nightclub Experiencia con Traslado"},"content":{"rendered":"<p>Sum\u00e9rgete en una noche llena de m\u00fasica, confeti, efectos especiales, espect\u00e1culos de luces y acci\u00f3n sin parar en Coco Bongo. Elige entre Barra Libre o Miembro Oro. Dependiendo de la opci\u00f3n seleccionada, disfrutar\u00e1s de diferentes ventajas a lo largo de la noche, como bebidas nacionales, bebidas premium y muchas m\u00e1s.<\/p>\n<p>Coco Bongo es conocido por sus brillantes actuaciones y su m\u00fasica, que sin duda le mantendr\u00e1n en la pista de baile. Una vez que las luces se aten\u00faan, el espect\u00e1culo comienza con confeti brillante que cae del cielo y actos de tributo que suben al escenario, trayendo lo mejor de Madonna, Michael Jackson y Beyonc\u00e9.<\/p>\n<p>Si le gusta la vida nocturna, el baile y los c\u00f3cteles tropicales, Coco Bongo Punta Cana es algo que no puede perderse.<\/p>","protected":false},"excerpt":{"rendered":"<div data-track=\"overview\" data-v-83a2b402=\"\">\n<section id=\"activity-overview\" class=\"activity-overview\" data-component=\"overview\" data-v-83a2b402=\"\" data-v-f3236c42=\"\">\n<p class=\"activity-overview__content\" data-test-id=\"activity-overview-content\" data-v-f3236c42=\"\">Disfrute del espect\u00e1culo de una de las discotecas m\u00e1s famosas de Latinoam\u00e9rica. Las noches en Coco Bongo son m\u00e1gicas, con un diverso escaparate y una inmensa variedad de escenarios cambiantes.<\/p>\n<\/section>\n<\/div>\n<div data-track=\"key-details\" data-v-83a2b402=\"\"><\/div>","protected":false},"featured_media":10482,"template":"","meta":[],"product_brand":[],"product_cat":[97],"product_tag":[101,102],"class_list":{"0":"post-10188","1":"product","2":"type-product","3":"status-publish","4":"has-post-thumbnail","6":"product_cat-dominican-republic","7":"product_tag-excursion","8":"product_tag-tour","10":"first","11":"instock","12":"shipping-taxable","13":"purchasable","14":"product-type-simple"},"_links":{"self":[{"href":"https:\/\/whalewatching.placessites.com\/es\/wp-json\/wp\/v2\/product\/10188","targetHints":{"allow":["GET"]}}],"collection":[{"href":"https:\/\/whalewatching.placessites.com\/es\/wp-json\/wp\/v2\/product"}],"about":[{"href":"https:\/\/whalewatching.placessites.com\/es\/wp-json\/wp\/v2\/types\/product"}],"version-history":[{"count":0,"href":"https:\/\/whalewatching.placessites.com\/es\/wp-json\/wp\/v2\/product\/10188\/revisions"}],"wp:featuredmedia":[{"embeddable":true,"href":"https:\/\/whalewatching.placessites.com\/es\/wp-json\/wp\/v2\/media\/10482"}],"wp:attachment":[{"href":"https:\/\/whalewatching.placessites.com\/es\/wp-json\/wp\/v2\/media?parent=10188"}],"wp:term":[{"taxonomy":"product_brand","embeddable":true,"href":"https:\/\/whalewatching.placessites.com\/es\/wp-json\/wp\/v2\/product_brand?post=10188"},{"taxonomy":"product_cat","embeddable":true,"href":"https:\/\/whalewatching.placessites.com\/es\/wp-json\/wp\/v2\/product_cat?post=10188"},{"taxonomy":"product_tag","embeddable":true,"href":"https:\/\/whalewatching.placessites.com\/es\/wp-json\/wp\/v2\/product_tag?post=10188"}],"curies":[{"name":"wp","href":"https:\/\/api.w.org\/{rel}","templated":true}]}}