{"id":10216,"date":"2025-12-18T09:27:15","date_gmt":"2025-12-18T09:27:15","guid":{"rendered":"https:\/\/whalewatching.placessites.com\/?post_type=product&#038;p=10216"},"modified":"2025-12-18T09:41:26","modified_gmt":"2025-12-18T09:41:26","slug":"punta-cana-dolphin-explorer-nados-e-interacciones","status":"publish","type":"product","link":"https:\/\/whalewatching.placessites.com\/es\/visita\/punta-cana-dolphin-explorer-nados-e-interacciones\/","title":{"rendered":"Punta Cana: Nados e Interacciones con Delfines"},"content":{"rendered":"<p><strong>Punta Cana: Nados e Interacciones con Delfines<\/strong><\/p>\n<p>Pase su tiempo en el Caribe nadando e interactuando con delfines en su h\u00e1bitat natural. Disfrute de una experiencia \u00fanica e inolvidable mientras aprende sobre la conservaci\u00f3n de la biodiversidad terrestre y marina.<\/p>\n<p>Todas las opciones de esta experiencia interactiva con delfines incluyen informaci\u00f3n interesante sobre los delfines, su dieta, programas de cuidados, as\u00ed como algunos consejos sobre c\u00f3mo ayudar a salvar su h\u00e1bitat natural.<\/p>\n<p>Elija entre las siguientes opciones:<\/p>\n<p>Nataci\u00f3n Explorer<\/p>\n<p>Coge de la mano a un delf\u00edn y deja que te lleve a nadar. Aprenda a dar la se\u00f1al y vea c\u00f3mo el delf\u00edn salta sobre usted. Este programa incluye 50 minutos de tiempo en el agua con los delfines.<\/p>\n<p>Nataci\u00f3n de excelencia<\/p>\n<p>Viva una experiencia llena de adrenalina que hasta ahora s\u00f3lo estaba reservada a los entrenadores. Obtenga una presentaci\u00f3n personalizada de los delfines que nadar\u00e1n con usted. Los entrenadores le adiestrar\u00e1n y preparar\u00e1n para el famoso foot push, en el que los delfines le empujar\u00e1n a toda velocidad por la superficie del oc\u00e9ano. Este programa incluye 60 minutos de tiempo en el agua con los delfines.<\/p>\n<p>Divertido encuentro con delfines<\/p>\n<p>Reciba el saludo de un delf\u00edn y experimente la magia de un beso de delf\u00edn. Aprenda datos sobre la anatom\u00eda de los delfines y consejos \u00fatiles sobre su conservaci\u00f3n. Este programa incluye 40 minutos de tiempo en el agua con los delfines.<\/p>","protected":false},"excerpt":{"rendered":"<div data-track=\"overview\" data-v-83a2b402=\"\">\n<section id=\"activity-overview\" class=\"activity-overview\" data-component=\"overview\" data-v-83a2b402=\"\" data-v-f3236c42=\"\">\n<p class=\"activity-overview__content\" data-test-id=\"activity-overview-content\" data-v-f3236c42=\"\">Disfrute de la experiencia \u00fanica de nadar con delfines durante su estancia en Punta Cana. Aprenda informaci\u00f3n interesante sobre los delfines y la conservaci\u00f3n de la biodiversidad terrestre y marina. Observe a los delfines mientras saltan sobre usted y tenga la oportunidad de besar a uno.<\/p>\n<\/section>\n<\/div>\n<div data-track=\"key-details\" data-v-83a2b402=\"\"><\/div>","protected":false},"featured_media":10624,"template":"","meta":[],"product_brand":[],"product_cat":[97],"product_tag":[101,102],"class_list":{"0":"post-10216","1":"product","2":"type-product","3":"status-publish","4":"has-post-thumbnail","6":"product_cat-dominican-republic","7":"product_tag-excursion","8":"product_tag-tour","10":"first","11":"instock","12":"sale","13":"shipping-taxable","14":"product-type-external"},"_links":{"self":[{"href":"https:\/\/whalewatching.placessites.com\/es\/wp-json\/wp\/v2\/product\/10216","targetHints":{"allow":["GET"]}}],"collection":[{"href":"https:\/\/whalewatching.placessites.com\/es\/wp-json\/wp\/v2\/product"}],"about":[{"href":"https:\/\/whalewatching.placessites.com\/es\/wp-json\/wp\/v2\/types\/product"}],"version-history":[{"count":0,"href":"https:\/\/whalewatching.placessites.com\/es\/wp-json\/wp\/v2\/product\/10216\/revisions"}],"wp:featuredmedia":[{"embeddable":true,"href":"https:\/\/whalewatching.placessites.com\/es\/wp-json\/wp\/v2\/media\/10624"}],"wp:attachment":[{"href":"https:\/\/whalewatching.placessites.com\/es\/wp-json\/wp\/v2\/media?parent=10216"}],"wp:term":[{"taxonomy":"product_brand","embeddable":true,"href":"https:\/\/whalewatching.placessites.com\/es\/wp-json\/wp\/v2\/product_brand?post=10216"},{"taxonomy":"product_cat","embeddable":true,"href":"https:\/\/whalewatching.placessites.com\/es\/wp-json\/wp\/v2\/product_cat?post=10216"},{"taxonomy":"product_tag","embeddable":true,"href":"https:\/\/whalewatching.placessites.com\/es\/wp-json\/wp\/v2\/product_tag?post=10216"}],"curies":[{"name":"wp","href":"https:\/\/api.w.org\/{rel}","templated":true}]}}