{"id":10233,"date":"2025-12-18T09:27:42","date_gmt":"2025-12-18T09:27:42","guid":{"rendered":"https:\/\/whalewatching.placessites.com\/?post_type=product&#038;p=10233"},"modified":"2025-12-19T10:17:51","modified_gmt":"2025-12-19T10:17:51","slug":"punta-cana-water-cave-and-macao-beach-half-day-buggy-tour","status":"publish","type":"product","link":"https:\/\/whalewatching.placessites.com\/es\/visita\/punta-cana-water-cave-and-macao-beach-half-day-buggy-tour\/","title":{"rendered":"Punta Cana: Entrada CocoBongo con Entretenimiento y Barra Libre"},"content":{"rendered":"<p>Pase una noche emocionante en el legendario local Coco Bongo de Punta Cana. Acom\u00f3dese en su asiento y disfrute del espect\u00e1culo de emocionantes actuaciones en directo mientras saborea bebidas ilimitadas.<\/p>\n<p>Llegue al lugar y prep\u00e1rese para el espect\u00e1culo de su vida. Rel\u00e1jate en tu asiento mientras presencias las actuaciones de un equipo de 40 artistas y acr\u00f3batas voladores.<\/p>\n<p>Sum\u00e9rjase en una noche llena de m\u00fasica, efectos especiales, espect\u00e1culos de luces y acci\u00f3n ininterrumpida. Saboree bebidas nacionales gratuitas o bebidas premium opcionales.<\/p>\n<p>asista al impresionante espect\u00e1culo y luego baile. Contemple el confeti que cae del cielo mientras suben al escenario los artistas tributo, con lo mejor de Madonna, Michael Jackson y Beyonc\u00e9.<\/p>","protected":false},"excerpt":{"rendered":"<p>Divi\u00e9rtase toda la noche en el local nocturno m\u00e1s de moda de la Rep\u00fablica Dominicana. Prep\u00e1rese para dejarse sorprender por acr\u00f3batas voladores, impresionantes tributos musicales y un ambiente festivo mientras disfruta de barra libre.<\/p>","protected":false},"featured_media":10196,"template":"","meta":[],"product_brand":[],"product_cat":[97],"product_tag":[],"class_list":{"0":"post-10233","1":"product","2":"type-product","3":"status-publish","4":"has-post-thumbnail","6":"product_cat-dominican-republic","8":"first","9":"instock","10":"shipping-taxable","11":"purchasable","12":"product-type-simple"},"_links":{"self":[{"href":"https:\/\/whalewatching.placessites.com\/es\/wp-json\/wp\/v2\/product\/10233","targetHints":{"allow":["GET"]}}],"collection":[{"href":"https:\/\/whalewatching.placessites.com\/es\/wp-json\/wp\/v2\/product"}],"about":[{"href":"https:\/\/whalewatching.placessites.com\/es\/wp-json\/wp\/v2\/types\/product"}],"version-history":[{"count":0,"href":"https:\/\/whalewatching.placessites.com\/es\/wp-json\/wp\/v2\/product\/10233\/revisions"}],"wp:featuredmedia":[{"embeddable":true,"href":"https:\/\/whalewatching.placessites.com\/es\/wp-json\/wp\/v2\/media\/10196"}],"wp:attachment":[{"href":"https:\/\/whalewatching.placessites.com\/es\/wp-json\/wp\/v2\/media?parent=10233"}],"wp:term":[{"taxonomy":"product_brand","embeddable":true,"href":"https:\/\/whalewatching.placessites.com\/es\/wp-json\/wp\/v2\/product_brand?post=10233"},{"taxonomy":"product_cat","embeddable":true,"href":"https:\/\/whalewatching.placessites.com\/es\/wp-json\/wp\/v2\/product_cat?post=10233"},{"taxonomy":"product_tag","embeddable":true,"href":"https:\/\/whalewatching.placessites.com\/es\/wp-json\/wp\/v2\/product_tag?post=10233"}],"curies":[{"name":"wp","href":"https:\/\/api.w.org\/{rel}","templated":true}]}}