{"id":10693,"date":"2025-12-18T09:43:40","date_gmt":"2025-12-18T09:43:40","guid":{"rendered":"https:\/\/whalewatching.placessites.com\/?post_type=product&#038;p=10693"},"modified":"2025-12-18T09:55:57","modified_gmt":"2025-12-18T09:55:57","slug":"4-hour-deep-sea-fishing-experience-from-punta-cana","status":"publish","type":"product","link":"https:\/\/whalewatching.placessites.com\/es\/visita\/4-hour-deep-sea-fishing-experience-from-punta-cana\/","title":{"rendered":"Experiencia de pesca de altura de 4 horas desde Punta Cana"},"content":{"rendered":"<p><strong>Experiencia de pesca de altura de 4 horas desde Punta Cana<\/strong><\/p>\n<p>Viva una inolvidable aventura de pesca en Punta Cana con nuestro paquete todo incluido. Comience el d\u00eda con una c\u00f3moda recogida en su hotel, donde nuestros amables gu\u00edas le dar\u00e1n la bienvenida.<\/p>\n<p>\u00danase a nosotros en un barco de pesca totalmente equipado, donde tendr\u00e1 la oportunidad de pescar diversas especies, como el marl\u00edn, el at\u00fan y el dorado, mientras disfruta de las impresionantes vistas del mar Caribe. Mientras pesca, rel\u00e1jese y disfrute de bebidas gratuitas durante todo el viaje, incluyendo refrescantes c\u00f3cteles y bebidas locales.<\/p>\n<p>Tanto si es un pescador experimentado como un principiante, nuestra experta tripulaci\u00f3n le ayudar\u00e1 y le garantizar\u00e1 una experiencia fant\u00e1stica. Reserve hoy mismo su salida de pesca y cree recuerdos imborrables en las hermosas aguas de Punta Cana.<\/p>\n<p>Punta Cana tiene mucho que ofrecer sobre la vida marina y la conservaci\u00f3n, y por eso tambi\u00e9n tenemos los mejores lugares para ir de pesca en la zona de Punta Cana.<\/p>\n<p>Punta Cana es uno de los destinos m\u00e1s populares en el Caribe para el turismo y est\u00e1 lleno de diferentes especies de peces se puede salir a pescar con nosotros.<\/p>\n<ul>\n<li>Lance el anzuelo con un equipo de pesca de alta calidad y pesque la pieza de su vida<\/li>\n<li>Refr\u00e9squese por el camino con cerveza, refrescos y agua gratuitos.<\/li>\n<li>Intente pescar especies marinas locales como el marl\u00edn, el pez vela, el at\u00fan y el dorado.<\/li>\n<li>Admire las impresionantes vistas de las aguas cristalinas de Punta Cana<\/li>\n<\/ul>","protected":false},"excerpt":{"rendered":"<div data-track=\"overview\" data-v-83a2b402=\"\">\n<section id=\"activity-overview\" class=\"activity-overview\" data-component=\"overview\" data-v-83a2b402=\"\" data-v-f3236c42=\"\">\n<p class=\"activity-overview__content\" data-test-id=\"activity-overview-content\" data-v-f3236c42=\"\">SI TE APASIONA LA PESCA DE ALTURA ESTA ES LA OPORTUNIDAD DE CAPTURAR LOS MEJORES EJEMPLARES COMO TROFEO DESDE UNA BARRACUDA MAHI MAHI HASTA UN MARLIN NUESTRO EQUIPO TE AYUDARA EN TODO MOMENTO.<\/p>\n<\/section>\n<\/div>\n<div data-track=\"key-details\" data-v-83a2b402=\"\"><\/div>","protected":false},"featured_media":11007,"template":"","meta":[],"product_brand":[],"product_cat":[97],"product_tag":[101,102],"class_list":{"0":"post-10693","1":"product","2":"type-product","3":"status-publish","4":"has-post-thumbnail","6":"product_cat-dominican-republic","7":"product_tag-excursion","8":"product_tag-tour","10":"first","11":"instock","12":"sale","13":"shipping-taxable","14":"product-type-external"},"_links":{"self":[{"href":"https:\/\/whalewatching.placessites.com\/es\/wp-json\/wp\/v2\/product\/10693","targetHints":{"allow":["GET"]}}],"collection":[{"href":"https:\/\/whalewatching.placessites.com\/es\/wp-json\/wp\/v2\/product"}],"about":[{"href":"https:\/\/whalewatching.placessites.com\/es\/wp-json\/wp\/v2\/types\/product"}],"version-history":[{"count":0,"href":"https:\/\/whalewatching.placessites.com\/es\/wp-json\/wp\/v2\/product\/10693\/revisions"}],"wp:featuredmedia":[{"embeddable":true,"href":"https:\/\/whalewatching.placessites.com\/es\/wp-json\/wp\/v2\/media\/11007"}],"wp:attachment":[{"href":"https:\/\/whalewatching.placessites.com\/es\/wp-json\/wp\/v2\/media?parent=10693"}],"wp:term":[{"taxonomy":"product_brand","embeddable":true,"href":"https:\/\/whalewatching.placessites.com\/es\/wp-json\/wp\/v2\/product_brand?post=10693"},{"taxonomy":"product_cat","embeddable":true,"href":"https:\/\/whalewatching.placessites.com\/es\/wp-json\/wp\/v2\/product_cat?post=10693"},{"taxonomy":"product_tag","embeddable":true,"href":"https:\/\/whalewatching.placessites.com\/es\/wp-json\/wp\/v2\/product_tag?post=10693"}],"curies":[{"name":"wp","href":"https:\/\/api.w.org\/{rel}","templated":true}]}}