{"id":10760,"date":"2025-12-18T09:46:14","date_gmt":"2025-12-18T09:46:14","guid":{"rendered":"https:\/\/whalewatching.placessites.com\/?post_type=product&#038;p=10760"},"modified":"2025-12-18T09:59:35","modified_gmt":"2025-12-18T09:59:35","slug":"punta-cana-dolphin-explorer-swims-and-encounters","status":"publish","type":"product","link":"https:\/\/whalewatching.placessites.com\/es\/visita\/punta-cana-dolphin-explorer-swims-and-encounters\/","title":{"rendered":"Punta Cana: Dolphin Explorer Swims and Encounters"},"content":{"rendered":"<h5 class=\"product_title entry-title\"><span style=\"font-size: 12pt;\">Punta Cana: Dolphin Explorer Swims and Encounters<\/span><\/h5>\n<p>Del\u00e9itese con la experiencia \u00fanica de nadar con delfines en Punta Cana. En esta experiencia envolvente, jugar\u00e1s con delfines que te abrazar\u00e1n y acurrucar\u00e1n, y mostrar\u00e1n sus acrobacias a\u00e9reas.<\/p>\n<p>You&#8217;ll also have access to enjoy the Sea Lion show and bird show There, you can play on the amazing Pirate Island. You will also have, showers, bathrooms, and dressing rooms.<\/p>\n<p>Swimming is optional as you can stand on a platform and watch as the dolphins come to you. Get a dolphin handshake and hug and watch their amazing aerial acrobatics. You may also choose to pet and swim with the dolphins.<\/p>\n<p>Feel free to upgrade your dolphin experience on-site.<\/p>","protected":false},"excerpt":{"rendered":"<div data-track=\"overview\" data-v-83a2b402=\"\">\n<section id=\"activity-overview\" class=\"activity-overview\" data-component=\"overview\" data-v-83a2b402=\"\" data-v-f3236c42=\"\">\n<p class=\"activity-overview__content\" data-test-id=\"activity-overview-content\" data-v-f3236c42=\"\">Dese un chapuz\u00f3n con delfines con uno de los 3 programas. Nade y juegue con los animales, observe sus acrobacias a\u00e9reas y reciba un abrazo y un apret\u00f3n de manos de delf\u00edn. Tambi\u00e9n puede jugar a varios juegos con los delfines.<\/p>\n<\/section>\n<\/div>\n<div data-track=\"key-details\" data-v-83a2b402=\"\"><\/div>","protected":false},"featured_media":11111,"template":"","meta":[],"product_brand":[],"product_cat":[97],"product_tag":[101,102],"class_list":{"0":"post-10760","1":"product","2":"type-product","3":"status-publish","4":"has-post-thumbnail","6":"product_cat-dominican-republic","7":"product_tag-excursion","8":"product_tag-tour","10":"first","11":"instock","12":"sale","13":"shipping-taxable","14":"product-type-external"},"_links":{"self":[{"href":"https:\/\/whalewatching.placessites.com\/es\/wp-json\/wp\/v2\/product\/10760","targetHints":{"allow":["GET"]}}],"collection":[{"href":"https:\/\/whalewatching.placessites.com\/es\/wp-json\/wp\/v2\/product"}],"about":[{"href":"https:\/\/whalewatching.placessites.com\/es\/wp-json\/wp\/v2\/types\/product"}],"version-history":[{"count":0,"href":"https:\/\/whalewatching.placessites.com\/es\/wp-json\/wp\/v2\/product\/10760\/revisions"}],"wp:featuredmedia":[{"embeddable":true,"href":"https:\/\/whalewatching.placessites.com\/es\/wp-json\/wp\/v2\/media\/11111"}],"wp:attachment":[{"href":"https:\/\/whalewatching.placessites.com\/es\/wp-json\/wp\/v2\/media?parent=10760"}],"wp:term":[{"taxonomy":"product_brand","embeddable":true,"href":"https:\/\/whalewatching.placessites.com\/es\/wp-json\/wp\/v2\/product_brand?post=10760"},{"taxonomy":"product_cat","embeddable":true,"href":"https:\/\/whalewatching.placessites.com\/es\/wp-json\/wp\/v2\/product_cat?post=10760"},{"taxonomy":"product_tag","embeddable":true,"href":"https:\/\/whalewatching.placessites.com\/es\/wp-json\/wp\/v2\/product_tag?post=10760"}],"curies":[{"name":"wp","href":"https:\/\/api.w.org\/{rel}","templated":true}]}}