{"id":10790,"date":"2025-12-18T09:47:37","date_gmt":"2025-12-18T09:47:37","guid":{"rendered":"https:\/\/whalewatching.placessites.com\/?post_type=product&#038;p=10790"},"modified":"2025-12-18T10:00:45","modified_gmt":"2025-12-18T10:00:45","slug":"explore-higuey-tour-cultural-de-medio-dia-desde-punta-cana","status":"publish","type":"product","link":"https:\/\/whalewatching.placessites.com\/es\/visita\/explore-higuey-tour-cultural-de-medio-dia-desde-punta-cana\/","title":{"rendered":"Explora Hig\u00fcey: Excursi\u00f3n cultural de medio d\u00eda desde Punta Cana"},"content":{"rendered":"<div class=\"toggle-content__content toggle-content__content--expanded toggle-content__content--packable\" data-v-59485d64=\"\">\n<div data-test-id=\"activity-full-description-text\" data-v-5835c99c=\"\">Explora Hig\u00fcey: Excursi\u00f3n cultural de medio d\u00eda desde Punta Cana<\/div>\n<div data-test-id=\"activity-full-description-text\" data-v-5835c99c=\"\"><\/div>\n<div data-test-id=\"activity-full-description-text\" data-v-5835c99c=\"\">Emb\u00e1rquese en una excursi\u00f3n privada que le sumergir\u00e1 en la rica historia y cultura de la Rep\u00fablica Dominicana. Descubra Hig\u00fcey, una ciudad con m\u00e1s de 500 a\u00f1os de legado, y marav\u00edllese ante la imponente Bas\u00edlica de Nuestra Se\u00f1ora de la Altagracia, s\u00edmbolo de la fe cat\u00f3lica en el pa\u00eds. Disfrute de un refrescante ba\u00f1o en las cristalinas aguas de la hermosa playa de Macao y sum\u00e9rjase en las aut\u00e9nticas tradiciones dominicanas de la mano de nuestro gu\u00eda experto.<\/div>\n<div data-test-id=\"activity-full-description-text\" data-v-5835c99c=\"\"><\/div>\n<div data-test-id=\"activity-full-description-text\" data-v-5835c99c=\"\">Lo m\u00e1s destacado:<\/div>\n<div data-test-id=\"activity-full-description-text\" data-v-5835c99c=\"\"><\/div>\n<div data-test-id=\"activity-full-description-text\" data-v-5835c99c=\"\">Un viaje enriquecedor por la historia y la cultura dominicanas.<\/div>\n<div data-test-id=\"activity-full-description-text\" data-v-5835c99c=\"\"><\/div>\n<div data-test-id=\"activity-full-description-text\" data-v-5835c99c=\"\">Explore la antigua ciudad de Hig\u00fcey y su magn\u00edfica catedral. Rel\u00e1jese con un chapuz\u00f3n en el mar Caribe en la playa de Macao.<\/div>\n<div data-test-id=\"activity-full-description-text\" data-v-5835c99c=\"\"><\/div>\n<div data-test-id=\"activity-full-description-text\" data-v-5835c99c=\"\">Disfrute de una experiencia personalizada con un gu\u00eda privado y un veh\u00edculo exclusivo.<\/div>\n<\/div>\n<div class=\"toggle-content__label-placeholder\" data-v-59485d64=\"\"><\/div>","protected":false},"excerpt":{"rendered":"<div data-track=\"overview\" data-v-83a2b402=\"\">\n<section id=\"activity-overview\" class=\"activity-overview\" data-component=\"overview\" data-v-83a2b402=\"\" data-v-f3236c42=\"\">\n<p class=\"activity-overview__content\" data-test-id=\"activity-overview-content\" data-v-f3236c42=\"\">Descubra Hig\u00fcey desde Punta Cana en nuestra excursi\u00f3n cultural de medio d\u00eda. Visite lugares emblem\u00e1ticos y sum\u00e9rjase en la historia y la cultura dominicanas. \u00a1Una experiencia enriquecedora en tan solo unas horas!<\/p>\n<\/section>\n<\/div>\n<div data-track=\"key-details\" data-v-83a2b402=\"\"><\/div>","protected":false},"featured_media":11128,"template":"","meta":[],"product_brand":[],"product_cat":[77],"product_tag":[],"class_list":{"0":"post-10790","1":"product","2":"type-product","3":"status-publish","4":"has-post-thumbnail","6":"product_cat-uncategorized","8":"first","9":"instock","10":"sale","11":"shipping-taxable","12":"product-type-external"},"_links":{"self":[{"href":"https:\/\/whalewatching.placessites.com\/es\/wp-json\/wp\/v2\/product\/10790","targetHints":{"allow":["GET"]}}],"collection":[{"href":"https:\/\/whalewatching.placessites.com\/es\/wp-json\/wp\/v2\/product"}],"about":[{"href":"https:\/\/whalewatching.placessites.com\/es\/wp-json\/wp\/v2\/types\/product"}],"version-history":[{"count":0,"href":"https:\/\/whalewatching.placessites.com\/es\/wp-json\/wp\/v2\/product\/10790\/revisions"}],"wp:featuredmedia":[{"embeddable":true,"href":"https:\/\/whalewatching.placessites.com\/es\/wp-json\/wp\/v2\/media\/11128"}],"wp:attachment":[{"href":"https:\/\/whalewatching.placessites.com\/es\/wp-json\/wp\/v2\/media?parent=10790"}],"wp:term":[{"taxonomy":"product_brand","embeddable":true,"href":"https:\/\/whalewatching.placessites.com\/es\/wp-json\/wp\/v2\/product_brand?post=10790"},{"taxonomy":"product_cat","embeddable":true,"href":"https:\/\/whalewatching.placessites.com\/es\/wp-json\/wp\/v2\/product_cat?post=10790"},{"taxonomy":"product_tag","embeddable":true,"href":"https:\/\/whalewatching.placessites.com\/es\/wp-json\/wp\/v2\/product_tag?post=10790"}],"curies":[{"name":"wp","href":"https:\/\/api.w.org\/{rel}","templated":true}]}}