{"id":10893,"date":"2025-12-18T09:51:27","date_gmt":"2025-12-18T09:51:27","guid":{"rendered":"https:\/\/whalewatching.placessites.com\/?post_type=product&#038;p=10893"},"modified":"2025-12-18T10:03:59","modified_gmt":"2025-12-18T10:03:59","slug":"los-haitises-caminata-nocturna-en-la-selva-tropical","status":"publish","type":"product","link":"https:\/\/whalewatching.placessites.com\/es\/visita\/los-haitises-caminata-nocturna-en-la-selva-tropical\/","title":{"rendered":"Caminata nocturna por la selva tropical de Los Haitises"},"content":{"rendered":"<h1 class=\"product_title entry-title\"><span style=\"font-size: 12pt;\">Caminata nocturna por la selva de Los Haitises<\/span><\/h1>\n<p>Caminata nocturna en el Parque Nacional de Los Haitises<\/p>\n<p>Ad\u00e9ntrese en la selva tropical del Parque Nacional de Los Haitises y descubra las maravillas de la naturaleza al anochecer.<\/p>\n<p>Dirigido por un gu\u00eda tur\u00edstico naturalista profesional, explorar\u00e1 la selva tropical al anochecer, con los sentidos alerta y una linterna en la mano. No pierda la oportunidad de ver las criaturas que pocos pueden presenciar: las criaturas que solo cobran vida mientras el resto del pa\u00eds duerme... En otras palabras, \u00a1la noche es el mejor momento para ver vida salvaje!<\/p>\n<p>Le recoger\u00e1n y le llevar\u00e1n al punto de partida del paseo nocturno. Su gu\u00eda tur\u00edstico le conducir\u00e1 por los senderos de la selva tropical mientras se\u00f1ala y analiza las distintas plantas y animales a lo largo del camino.<\/p>\n<p>Si llueve, consid\u00e9rese afortunado. La lluvia incrementa la actividad animal en la selva, lo que aumenta la probabilidad de que aparezcan criaturas como perezosos, murci\u00e9lagos frug\u00edvoros y la rana arbor\u00edcola de ojos rojos.<\/p>\n<p>Cuando el tour termine, te llevar\u00e1n de vuelta a tu hotel, donde podr\u00e1s descansar y ver las incre\u00edbles fotos que tomaste de la incre\u00edble fauna nocturna de Arenal. No olvides compartirlas en Facebook e Instagram y etiquetarlas con #bookingadventures.<\/p>","protected":false},"excerpt":{"rendered":"<div data-track=\"overview\" data-v-83a2b402=\"\">\n<section id=\"activity-overview\" class=\"activity-overview\" data-component=\"overview\" data-v-83a2b402=\"\" data-v-f3236c42=\"\">\n<p class=\"activity-overview__content\" data-test-id=\"activity-overview-content\" data-v-f3236c42=\"\">Descubra la naturaleza original del Parque Nacional de Los Haitises por la noche. Senderismo y presentaci\u00f3n de la fauna salvaje.<\/p>\n<\/section>\n<\/div>\n<div data-track=\"key-details\" data-v-83a2b402=\"\"><\/div>","protected":false},"featured_media":11205,"template":"","meta":[],"product_brand":[],"product_cat":[97],"product_tag":[101,102],"class_list":{"0":"post-10893","1":"product","2":"type-product","3":"status-publish","4":"has-post-thumbnail","6":"product_cat-dominican-republic","7":"product_tag-excursion","8":"product_tag-tour","10":"first","11":"instock","12":"sale","13":"shipping-taxable","14":"product-type-external"},"_links":{"self":[{"href":"https:\/\/whalewatching.placessites.com\/es\/wp-json\/wp\/v2\/product\/10893","targetHints":{"allow":["GET"]}}],"collection":[{"href":"https:\/\/whalewatching.placessites.com\/es\/wp-json\/wp\/v2\/product"}],"about":[{"href":"https:\/\/whalewatching.placessites.com\/es\/wp-json\/wp\/v2\/types\/product"}],"version-history":[{"count":0,"href":"https:\/\/whalewatching.placessites.com\/es\/wp-json\/wp\/v2\/product\/10893\/revisions"}],"wp:featuredmedia":[{"embeddable":true,"href":"https:\/\/whalewatching.placessites.com\/es\/wp-json\/wp\/v2\/media\/11205"}],"wp:attachment":[{"href":"https:\/\/whalewatching.placessites.com\/es\/wp-json\/wp\/v2\/media?parent=10893"}],"wp:term":[{"taxonomy":"product_brand","embeddable":true,"href":"https:\/\/whalewatching.placessites.com\/es\/wp-json\/wp\/v2\/product_brand?post=10893"},{"taxonomy":"product_cat","embeddable":true,"href":"https:\/\/whalewatching.placessites.com\/es\/wp-json\/wp\/v2\/product_cat?post=10893"},{"taxonomy":"product_tag","embeddable":true,"href":"https:\/\/whalewatching.placessites.com\/es\/wp-json\/wp\/v2\/product_tag?post=10893"}],"curies":[{"name":"wp","href":"https:\/\/api.w.org\/{rel}","templated":true}]}}