{"id":11020,"date":"2025-12-18T09:56:28","date_gmt":"2025-12-18T09:56:28","guid":{"rendered":"https:\/\/whalewatching.placessites.com\/?post_type=product&#038;p=11020"},"modified":"2025-12-18T10:06:29","modified_gmt":"2025-12-18T10:06:29","slug":"avistamiento-de-ballenas-en-samana","status":"publish","type":"product","link":"https:\/\/whalewatching.placessites.com\/es\/visita\/avistamiento-de-ballenas-en-samana\/","title":{"rendered":"Excursi\u00f3n de avistamiento de ballenas en Saman\u00e1"},"content":{"rendered":"<p>Excursi\u00f3n de avistamiento de ballenas en Saman\u00e1<\/p>\n<div data-track=\"overview\" data-v-83a2b402=\"\">\n<section id=\"activity-overview\" class=\"activity-overview\" data-component=\"overview\" data-v-83a2b402=\"\" data-v-f3236c42=\"\">\n<p class=\"activity-overview__content\" data-test-id=\"activity-overview-content\" data-v-f3236c42=\"\">Vive una experiencia \u00fanica mientras observas los saltos de la majestuosa ballena jorobada con este aviso en Saman\u00e1.<\/p>\n<\/section>\n<\/div>\n<p>Emb\u00e1rquese en una aventura que le dejar\u00e1 sin aliento. Disfrute de la impresionante vista de la bah\u00eda de Saman\u00e1 y sea testigo de un espect\u00e1culo \u00fanico de ballenas. Observe a estas majestuosas criaturas en su h\u00e1bitat temporal, escuche a los machos cantar sus canciones y marav\u00edllese ante incre\u00edbles exhibiciones de movimientos, meneos de cola y aleteos.<\/p>\n<p>A continuaci\u00f3n, dir\u00edjase a la famosa isla de Cayo Levantado, un refugio perfecto para relajarse con su arena blanca y sus cristalinas aguas turquesas, este para\u00edso le cautivar\u00e1. donde le espera un delicioso almuerzo dominicano.<\/p>\n<p>Esta experiencia \u00fanica le llevar\u00e1 de la majestuosidad de las ballenas a la serenidad de las aguas cristalinas y la exuberancia de la naturaleza en un d\u00eda inolvidable.<\/p>","protected":false},"excerpt":{"rendered":"<div data-track=\"overview\" data-v-83a2b402=\"\">\n<section id=\"activity-overview\" class=\"activity-overview\" data-component=\"overview\" data-v-83a2b402=\"\" data-v-f3236c42=\"\">\n<p class=\"activity-overview__content\" data-test-id=\"activity-overview-content\" data-v-f3236c42=\"\">Vive una experiencia \u00fanica mientras observas los saltos de la majestuosa ballena jorobada con este aviso en Saman\u00e1.<\/p>\n<\/section>\n<\/div>\n<div data-track=\"key-details\" data-v-83a2b402=\"\"><\/div>","protected":false},"featured_media":11270,"template":"","meta":[],"product_brand":[],"product_cat":[97],"product_tag":[101,102],"class_list":{"0":"post-11020","1":"product","2":"type-product","3":"status-publish","4":"has-post-thumbnail","6":"product_cat-dominican-republic","7":"product_tag-excursion","8":"product_tag-tour","10":"first","11":"instock","12":"sale","13":"shipping-taxable","14":"product-type-external"},"_links":{"self":[{"href":"https:\/\/whalewatching.placessites.com\/es\/wp-json\/wp\/v2\/product\/11020","targetHints":{"allow":["GET"]}}],"collection":[{"href":"https:\/\/whalewatching.placessites.com\/es\/wp-json\/wp\/v2\/product"}],"about":[{"href":"https:\/\/whalewatching.placessites.com\/es\/wp-json\/wp\/v2\/types\/product"}],"version-history":[{"count":0,"href":"https:\/\/whalewatching.placessites.com\/es\/wp-json\/wp\/v2\/product\/11020\/revisions"}],"wp:featuredmedia":[{"embeddable":true,"href":"https:\/\/whalewatching.placessites.com\/es\/wp-json\/wp\/v2\/media\/11270"}],"wp:attachment":[{"href":"https:\/\/whalewatching.placessites.com\/es\/wp-json\/wp\/v2\/media?parent=11020"}],"wp:term":[{"taxonomy":"product_brand","embeddable":true,"href":"https:\/\/whalewatching.placessites.com\/es\/wp-json\/wp\/v2\/product_brand?post=11020"},{"taxonomy":"product_cat","embeddable":true,"href":"https:\/\/whalewatching.placessites.com\/es\/wp-json\/wp\/v2\/product_cat?post=11020"},{"taxonomy":"product_tag","embeddable":true,"href":"https:\/\/whalewatching.placessites.com\/es\/wp-json\/wp\/v2\/product_tag?post=11020"}],"curies":[{"name":"wp","href":"https:\/\/api.w.org\/{rel}","templated":true}]}}