{"id":11309,"date":"2025-12-18T10:07:43","date_gmt":"2025-12-18T10:07:43","guid":{"rendered":"https:\/\/whalewatching.placessites.com\/?post_type=product&#038;p=11309"},"modified":"2025-12-18T10:19:04","modified_gmt":"2025-12-18T10:19:04","slug":"santo-domingo-odyssey-tour-desde-punta-cana-bavaro","status":"publish","type":"product","link":"https:\/\/whalewatching.placessites.com\/es\/visita\/santo-domingo-odyssey-tour-desde-punta-cana-bavaro\/","title":{"rendered":"Excursi\u00f3n Santo Domingo Odyssey desde Punta Cana\/B\u00e1varo"},"content":{"rendered":"<p>Explore la fascinante historia y cultura de Santo Domingo en esta visita guiada que le llevar\u00e1 a los principales lugares hist\u00f3ricos de la capital dominicana. Comience con una visita a los impresionantes lagos subterr\u00e1neos de Los Tres Ojos, donde podr\u00e1 admirar la belleza natural de la regi\u00f3n. A continuaci\u00f3n, sum\u00e9rjase en el rico patrimonio de la Zona Colonial, la primera ciudad del Nuevo Mundo.<\/p>\n<p>Descubra el Alc\u00e1zar de Col\u00f3n, antigua residencia del hijo de Crist\u00f3bal Col\u00f3n, y pasee por el majestuoso Palacio Presidencial. Visita el emblem\u00e1tico Parque de Col\u00f3n, un espacio lleno de vida y cultura, y termina tu recorrido en la impresionante Catedral Primada de Am\u00e9rica, la primera catedral construida en Am\u00e9rica.<\/p>\n<p>Con un gu\u00eda tur\u00edstico experto que le proporcionar\u00e1 informaci\u00f3n detallada sobre cada lugar, este recorrido es perfecto para quienes deseen conocer la historia y la cultura de la Rep\u00fablica Dominicana.<\/p>","protected":false},"excerpt":{"rendered":"<div data-track=\"overview\" data-v-83a2b402=\"\">\n<section id=\"activity-overview\" class=\"activity-overview\" data-component=\"overview\" data-v-83a2b402=\"\" data-v-f3236c42=\"\">\n<p class=\"activity-overview__content\" data-test-id=\"activity-overview-content\" data-v-f3236c42=\"\">Explore Los Tres Ojos, recorra la Zona Colonial, visite el Alc\u00e1zar de Col\u00f3n, el Palacio Presidencial, el Parque Col\u00f3n y la Catedral Primada de Am\u00e9rica en una visita guiada \u00fanica.<\/p>\n<\/section>\n<\/div>\n<div data-track=\"key-details\" data-v-83a2b402=\"\"><\/div>","protected":false},"featured_media":11620,"template":"","meta":[],"product_brand":[],"product_cat":[97],"product_tag":[101,102],"class_list":{"0":"post-11309","1":"product","2":"type-product","3":"status-publish","4":"has-post-thumbnail","6":"product_cat-dominican-republic","7":"product_tag-excursion","8":"product_tag-tour","10":"first","11":"instock","12":"shipping-taxable","13":"product-type-external"},"_links":{"self":[{"href":"https:\/\/whalewatching.placessites.com\/es\/wp-json\/wp\/v2\/product\/11309","targetHints":{"allow":["GET"]}}],"collection":[{"href":"https:\/\/whalewatching.placessites.com\/es\/wp-json\/wp\/v2\/product"}],"about":[{"href":"https:\/\/whalewatching.placessites.com\/es\/wp-json\/wp\/v2\/types\/product"}],"version-history":[{"count":0,"href":"https:\/\/whalewatching.placessites.com\/es\/wp-json\/wp\/v2\/product\/11309\/revisions"}],"wp:featuredmedia":[{"embeddable":true,"href":"https:\/\/whalewatching.placessites.com\/es\/wp-json\/wp\/v2\/media\/11620"}],"wp:attachment":[{"href":"https:\/\/whalewatching.placessites.com\/es\/wp-json\/wp\/v2\/media?parent=11309"}],"wp:term":[{"taxonomy":"product_brand","embeddable":true,"href":"https:\/\/whalewatching.placessites.com\/es\/wp-json\/wp\/v2\/product_brand?post=11309"},{"taxonomy":"product_cat","embeddable":true,"href":"https:\/\/whalewatching.placessites.com\/es\/wp-json\/wp\/v2\/product_cat?post=11309"},{"taxonomy":"product_tag","embeddable":true,"href":"https:\/\/whalewatching.placessites.com\/es\/wp-json\/wp\/v2\/product_tag?post=11309"}],"curies":[{"name":"wp","href":"https:\/\/api.w.org\/{rel}","templated":true}]}}