{"id":11392,"date":"2025-12-18T10:11:00","date_gmt":"2025-12-18T10:11:00","guid":{"rendered":"https:\/\/whalewatching.placessites.com\/?post_type=product&#038;p=11392"},"modified":"2025-12-18T10:21:51","modified_gmt":"2025-12-18T10:21:51","slug":"11392","status":"publish","type":"product","link":"https:\/\/whalewatching.placessites.com\/es\/visita\/11392\/","title":{"rendered":""},"content":{"rendered":"<p>Explore la capital de la Rep\u00fablica Dominicana en esta excursi\u00f3n privada de d\u00eda completo por Santo Domingo. Recorra las hist\u00f3ricas calles coloniales con su amable gu\u00eda local y contemple algunos de los monumentos m\u00e1s antiguos del Nuevo Mundo en la que se considera la ciudad europea m\u00e1s antigua del hemisferio occidental. Pasee a pie por la emblem\u00e1tica Zona Colonial o elija la opci\u00f3n de d\u00eda completo para ver otros lugares destacados de la ciudad. Visita tur\u00edstica privada de Santo Domingo Recorra a pie la Zona Colonial para ver sus monumentos del siglo XVI Conozca la larga historia de la ciudad con un gu\u00eda tur\u00edstico privado Visite atracciones como el Museo Alc\u00e1zar de Col\u00f3n, el Pante\u00f3n Nacional y la Catedral Primada de Am\u00e9rica Elija la excursi\u00f3n de d\u00eda completo para explorar lugares de inter\u00e9s fuera de la Zona Colonial, como el Malec\u00f3n y el Faro de Col\u00f3n Almuerzo incluido en la excursi\u00f3n de d\u00eda completo Transporte desde el hotel incluido.<\/p>","protected":false},"excerpt":{"rendered":"<div data-track=\"overview\" data-v-83a2b402=\"\">\n<section id=\"activity-overview\" class=\"activity-overview\" data-component=\"overview\" data-v-83a2b402=\"\" data-v-f3236c42=\"\">\n<p class=\"activity-overview__content\" data-test-id=\"activity-overview-content\" data-v-f3236c42=\"\">Explorar la capital de la Rep\u00fablica Dominicana<\/p>\n<\/section>\n<\/div>\n<div data-track=\"key-details\" data-v-83a2b402=\"\"><\/div>","protected":false},"featured_media":11691,"template":"","meta":[],"product_brand":[],"product_cat":[97],"product_tag":[101,102],"class_list":{"0":"post-11392","1":"product","2":"type-product","3":"status-publish","4":"has-post-thumbnail","6":"product_cat-dominican-republic","7":"product_tag-excursion","8":"product_tag-tour","10":"first","11":"instock","12":"shipping-taxable","13":"product-type-external"},"_links":{"self":[{"href":"https:\/\/whalewatching.placessites.com\/es\/wp-json\/wp\/v2\/product\/11392","targetHints":{"allow":["GET"]}}],"collection":[{"href":"https:\/\/whalewatching.placessites.com\/es\/wp-json\/wp\/v2\/product"}],"about":[{"href":"https:\/\/whalewatching.placessites.com\/es\/wp-json\/wp\/v2\/types\/product"}],"version-history":[{"count":0,"href":"https:\/\/whalewatching.placessites.com\/es\/wp-json\/wp\/v2\/product\/11392\/revisions"}],"wp:featuredmedia":[{"embeddable":true,"href":"https:\/\/whalewatching.placessites.com\/es\/wp-json\/wp\/v2\/media\/11691"}],"wp:attachment":[{"href":"https:\/\/whalewatching.placessites.com\/es\/wp-json\/wp\/v2\/media?parent=11392"}],"wp:term":[{"taxonomy":"product_brand","embeddable":true,"href":"https:\/\/whalewatching.placessites.com\/es\/wp-json\/wp\/v2\/product_brand?post=11392"},{"taxonomy":"product_cat","embeddable":true,"href":"https:\/\/whalewatching.placessites.com\/es\/wp-json\/wp\/v2\/product_cat?post=11392"},{"taxonomy":"product_tag","embeddable":true,"href":"https:\/\/whalewatching.placessites.com\/es\/wp-json\/wp\/v2\/product_tag?post=11392"}],"curies":[{"name":"wp","href":"https:\/\/api.w.org\/{rel}","templated":true}]}}