{"id":11572,"date":"2025-12-18T10:17:13","date_gmt":"2025-12-18T10:17:13","guid":{"rendered":"https:\/\/whalewatching.placessites.com\/?post_type=product&#038;p=11572"},"modified":"2025-12-18T10:29:30","modified_gmt":"2025-12-18T10:29:30","slug":"haitises-cayo-levantado-isla-bacardi","status":"publish","type":"product","link":"https:\/\/whalewatching.placessites.com\/es\/visita\/haitises-cayo-levantado-isla-bacardi\/","title":{"rendered":"Haitises + Cayo Levantado ( Isla Bacardi )"},"content":{"rendered":"<p>Emb\u00e1rquese en una excursi\u00f3n de d\u00eda completo desde Saman\u00e1 al Parque Nacional de Los Haitises. Contemple la belleza natural del parque en una excursi\u00f3n en barco y busque diversas especies de colores mientras explora. Disfrute de un almuerzo buffet t\u00edpico dominicano en la paradis\u00edaca isla de Cayo Levantado.<\/p>\n<p>Suba a bordo de un c\u00f3modo barco en el puerto de Saman\u00e1 y navegue por los numerosos islotes que componen el Parque Nacional de Los Haitises. Contemple las atracciones naturales del parque, como los manglares, y algunas de las especies de aves del parque, como pel\u00edcanos, garzas y el halc\u00f3n de Ridgway.<\/p>\n<p>T\u00f3mese su tiempo para pasear por cuevas hist\u00f3ricas y paisajes espectacularmente exuberantes. Marav\u00edllese ante las cuevas, que cuentan con algunos de los mayores n\u00fameros de petroglifos y pictograf\u00edas ind\u00edgenas del pa\u00eds.<\/p>\n<p>Viaje a Cayo Levantado, tambi\u00e9n conocido como Isla Bacard\u00ed, y disfrute de las c\u00e1lidas playas de este pintoresco destino, as\u00ed como de un almuerzo buffet repleto de deliciosos sabores antes de regresar a su punto de encuentro.<\/p>","protected":false},"excerpt":{"rendered":"<div data-track=\"overview\" data-v-83a2b402=\"\">\n<section id=\"activity-overview\" class=\"activity-overview\" data-component=\"overview\" data-v-83a2b402=\"\" data-v-f3236c42=\"\">\n<p class=\"activity-overview__content\" data-test-id=\"activity-overview-content\" data-v-f3236c42=\"\">Descubra el Parque Nacional de Los Haitises en una excursi\u00f3n guiada en barco en esta excursi\u00f3n de d\u00eda completo desde Saman\u00e1. Explore cuevas a pie y disfrute de un almuerzo buffet dominicano en la pintoresca isla de Cayo Levantado.<\/p>\n<\/section>\n<\/div>\n<div data-track=\"key-details\" data-v-83a2b402=\"\"><\/div>","protected":false},"featured_media":11892,"template":"","meta":[],"product_brand":[],"product_cat":[97],"product_tag":[101,102],"class_list":{"0":"post-11572","1":"product","2":"type-product","3":"status-publish","4":"has-post-thumbnail","6":"product_cat-dominican-republic","7":"product_tag-excursion","8":"product_tag-tour","10":"first","11":"instock","12":"shipping-taxable","13":"product-type-external"},"_links":{"self":[{"href":"https:\/\/whalewatching.placessites.com\/es\/wp-json\/wp\/v2\/product\/11572","targetHints":{"allow":["GET"]}}],"collection":[{"href":"https:\/\/whalewatching.placessites.com\/es\/wp-json\/wp\/v2\/product"}],"about":[{"href":"https:\/\/whalewatching.placessites.com\/es\/wp-json\/wp\/v2\/types\/product"}],"version-history":[{"count":0,"href":"https:\/\/whalewatching.placessites.com\/es\/wp-json\/wp\/v2\/product\/11572\/revisions"}],"wp:featuredmedia":[{"embeddable":true,"href":"https:\/\/whalewatching.placessites.com\/es\/wp-json\/wp\/v2\/media\/11892"}],"wp:attachment":[{"href":"https:\/\/whalewatching.placessites.com\/es\/wp-json\/wp\/v2\/media?parent=11572"}],"wp:term":[{"taxonomy":"product_brand","embeddable":true,"href":"https:\/\/whalewatching.placessites.com\/es\/wp-json\/wp\/v2\/product_brand?post=11572"},{"taxonomy":"product_cat","embeddable":true,"href":"https:\/\/whalewatching.placessites.com\/es\/wp-json\/wp\/v2\/product_cat?post=11572"},{"taxonomy":"product_tag","embeddable":true,"href":"https:\/\/whalewatching.placessites.com\/es\/wp-json\/wp\/v2\/product_tag?post=11572"}],"curies":[{"name":"wp","href":"https:\/\/api.w.org\/{rel}","templated":true}]}}