{"id":12448,"date":"2025-12-18T10:53:07","date_gmt":"2025-12-18T10:53:07","guid":{"rendered":"https:\/\/whalewatching.placessites.com\/?post_type=product&#038;p=12448"},"modified":"2025-12-18T11:02:34","modified_gmt":"2025-12-18T11:02:34","slug":"bayahibe-samana-y-miches-excursion-de-un-dia-para-avistamiento-de-ballenas","status":"publish","type":"product","link":"https:\/\/whalewatching.placessites.com\/es\/visita\/bayahibe-samana-y-miches-excursion-de-un-dia-para-avistamiento-de-ballenas\/","title":{"rendered":"Bayahibe: Excursi\u00f3n de un d\u00eda para avistar ballenas en Saman\u00e1 y Miches"},"content":{"rendered":"<p>Bayahibe: Saman\u00e1 and Miches Whale Watching Day Trip, Atraviese las bah\u00edas de Miches y Saman\u00e1 en barco y disfrute de un para\u00edso con las ballenas jorobadas. El dise\u00f1o de esta excursi\u00f3n y sus elementos la convierten en la mayor y m\u00e1s completa excursi\u00f3n de avistamiento de ballenas con mayor duraci\u00f3n ofrecida en el destino B\u00e1varo Punta Cana. Aqu\u00ed, al ritmo del ron dominicano Brugal, le daremos la bienvenida en la Isla Bacard\u00ed. Tras un emocionante viaje observando las ballenas en su santuario, la arena blanca de Isla Bacard\u00ed le desconectar\u00e1 durante su estancia, ofreci\u00e9ndole una maravillosa playa.<\/p>\n<p>El lugar donde almorzar\u00e1s ser\u00e1 el puente perfecto para llegar al monumento de la Cascada del Lim\u00f3n, donde la soledad del entorno por la tarde ser\u00e1 la compa\u00f1\u00eda perfecta para disfrutar de toda su magia y frescura.<\/p>\n<p>Comience el d\u00eda con la recogida en su hotel de B\u00e1varo y dir\u00edjase al Muelle de las Ca\u00f1itas. Zarpe hacia el santuario de ballenas y disfrute de una excursi\u00f3n de avistamiento de cet\u00e1ceos. Despu\u00e9s, dir\u00edjase a la isla de Cayo Levantado y disfrute de una copa de bienvenida.<\/p>\n<p>Salida hacia Saman\u00e1 para realizar un recorrido por la ciudad y un safari por el campo en Santa B\u00e1rbara de Saman\u00e1 y la comunidad de El Lim\u00f3n. Visita a un rancho en medio de la selva. Montar a caballo con asistencia guiada desde el pueblo local.<\/p>\n<p>Visita a la Cascada del Lim\u00f3n, un salto de agua de 50 metros de altura. Salida del muelle de Saman\u00e1 hacia el muelle de Ca\u00f1itas. Regreso a su hotel en B\u00e1varo.<\/p>","protected":false},"excerpt":{"rendered":"<div data-track=\"overview\" data-v-83a2b402=\"\">\n<section id=\"activity-overview\" class=\"activity-overview\" data-component=\"overview\" data-v-83a2b402=\"\" data-v-f3236c42=\"\">\n<p class=\"activity-overview__content\" data-test-id=\"activity-overview-content\" data-v-f3236c42=\"\">Descubra la belleza de la pen\u00ednsula de Saman\u00e1 en una excursi\u00f3n de un d\u00eda desde Bayahibe. Observe las ballenas jorobadas en su h\u00e1bitat natural y disfrute de un almuerzo tipo buf\u00e9 en un restaurante local de Saman\u00e1.<\/p>\n<\/section>\n<\/div>\n<div data-track=\"key-details\" data-v-83a2b402=\"\"><\/div>","protected":false},"featured_media":12686,"template":"","meta":[],"product_brand":[],"product_cat":[97],"product_tag":[101,102],"class_list":{"0":"post-12448","1":"product","2":"type-product","3":"status-publish","4":"has-post-thumbnail","6":"product_cat-dominican-republic","7":"product_tag-excursion","8":"product_tag-tour","10":"first","11":"instock","12":"shipping-taxable","13":"product-type-external"},"_links":{"self":[{"href":"https:\/\/whalewatching.placessites.com\/es\/wp-json\/wp\/v2\/product\/12448","targetHints":{"allow":["GET"]}}],"collection":[{"href":"https:\/\/whalewatching.placessites.com\/es\/wp-json\/wp\/v2\/product"}],"about":[{"href":"https:\/\/whalewatching.placessites.com\/es\/wp-json\/wp\/v2\/types\/product"}],"version-history":[{"count":0,"href":"https:\/\/whalewatching.placessites.com\/es\/wp-json\/wp\/v2\/product\/12448\/revisions"}],"wp:featuredmedia":[{"embeddable":true,"href":"https:\/\/whalewatching.placessites.com\/es\/wp-json\/wp\/v2\/media\/12686"}],"wp:attachment":[{"href":"https:\/\/whalewatching.placessites.com\/es\/wp-json\/wp\/v2\/media?parent=12448"}],"wp:term":[{"taxonomy":"product_brand","embeddable":true,"href":"https:\/\/whalewatching.placessites.com\/es\/wp-json\/wp\/v2\/product_brand?post=12448"},{"taxonomy":"product_cat","embeddable":true,"href":"https:\/\/whalewatching.placessites.com\/es\/wp-json\/wp\/v2\/product_cat?post=12448"},{"taxonomy":"product_tag","embeddable":true,"href":"https:\/\/whalewatching.placessites.com\/es\/wp-json\/wp\/v2\/product_tag?post=12448"}],"curies":[{"name":"wp","href":"https:\/\/api.w.org\/{rel}","templated":true}]}}