{"id":12614,"date":"2025-12-18T10:59:34","date_gmt":"2025-12-18T10:59:34","guid":{"rendered":"https:\/\/whalewatching.placessites.com\/?post_type=product&#038;p=12614"},"modified":"2025-12-18T11:10:01","modified_gmt":"2025-12-18T11:10:01","slug":"excursion-de-un-dia-a-isla-saona-desde-santo-domingo-con-almuerzo","status":"publish","type":"product","link":"https:\/\/whalewatching.placessites.com\/es\/visita\/excursion-de-un-dia-a-isla-saona-desde-santo-domingo-con-almuerzo\/","title":{"rendered":"Excursi\u00f3n de un d\u00eda a Isla Saona desde Santo Domingo con almuerzo"},"content":{"rendered":"<p>Excursi\u00f3n de un d\u00eda a Isla Saona desde Santo Domingo con almuerzo<\/p>\n<p>Disfrute de la impresionante belleza de Isla Saona en una inolvidable excursi\u00f3n de un d\u00eda desde Santo Domingo. Esta aventura comienza con una c\u00f3moda recogida en el Parque Col\u00f3n, en el coraz\u00f3n de la Zona Colonial, justo enfrente de la impresionante Catedral. A medida que se embarca en su viaje, prep\u00e1rese para un emocionante paseo en lancha r\u00e1pida a trav\u00e9s de las brillantes aguas turquesas del Mar Caribe, donde las suaves olas y el c\u00e1lido sol crean un ambiente id\u00edlico.<\/p>\n<p>Al llegar a Isla Saona, le dar\u00e1n la bienvenida unas playas suaves y empolvadas y unas palmeras que le invitar\u00e1n a relajarse. Encuentre el lugar perfecto en la playa para relajarse y tomar el sol, o sum\u00e9rjase en las aguas cristalinas para darse un refrescante ba\u00f1o. No se pierda la oportunidad de visitar la encantadora piscina de estrellas de mar, donde podr\u00e1 maravillarse con estas vibrantes criaturas en su h\u00e1bitat natural, rodeado de un paisaje id\u00edlico.<\/p>\n<p>Cuando el hambre apriete, del\u00e9itese con un apetitoso almuerzo servido en la playa, con sabores locales que deleitan el paladar. Acompa\u00f1e su comida con bebidas del bar abierto, donde le esperan c\u00f3cteles tropicales y refrescantes bebidas para mantenerse fresco bajo el sol.<\/p>\n<p>Despu\u00e9s de un tranquilo almuerzo, descubra la emoci\u00f3n de embarcar en un c\u00f3modo catamar\u00e1n para realizar un tranquilo crucero de regreso a tierra firme, disfrutando de las impresionantes vistas de la costa durante el trayecto. Esta excursi\u00f3n de un d\u00eda promete una mezcla perfecta de aventura, relajaci\u00f3n y recuerdos inolvidables en la impresionante Isla Saona.<\/p>","protected":false},"excerpt":{"rendered":"<div data-track=\"overview\" data-v-83a2b402=\"\">\n<section id=\"activity-overview\" class=\"activity-overview\" data-component=\"overview\" data-v-83a2b402=\"\" data-v-f3236c42=\"\">\n<p class=\"activity-overview__content\" data-test-id=\"activity-overview-content\" data-v-f3236c42=\"\">Descubra la belleza natural de Isla Saona en una excursi\u00f3n de un d\u00eda desde su ubicaci\u00f3n. Rel\u00e1jese en las playas de arena blanca, nade en las aguas cristalinas y busque estrellas de mar en el mar Caribe.<\/p>\n<\/section>\n<\/div>\n<div data-track=\"key-details\" data-v-83a2b402=\"\"><\/div>","protected":false},"featured_media":12883,"template":"","meta":[],"product_brand":[],"product_cat":[97,98],"product_tag":[101,102],"class_list":{"0":"post-12614","1":"product","2":"type-product","3":"status-publish","4":"has-post-thumbnail","6":"product_cat-dominican-republic","7":"product_cat-saona-island","8":"product_tag-excursion","9":"product_tag-tour","11":"first","12":"instock","13":"sale","14":"shipping-taxable","15":"product-type-external"},"_links":{"self":[{"href":"https:\/\/whalewatching.placessites.com\/es\/wp-json\/wp\/v2\/product\/12614","targetHints":{"allow":["GET"]}}],"collection":[{"href":"https:\/\/whalewatching.placessites.com\/es\/wp-json\/wp\/v2\/product"}],"about":[{"href":"https:\/\/whalewatching.placessites.com\/es\/wp-json\/wp\/v2\/types\/product"}],"version-history":[{"count":0,"href":"https:\/\/whalewatching.placessites.com\/es\/wp-json\/wp\/v2\/product\/12614\/revisions"}],"wp:featuredmedia":[{"embeddable":true,"href":"https:\/\/whalewatching.placessites.com\/es\/wp-json\/wp\/v2\/media\/12883"}],"wp:attachment":[{"href":"https:\/\/whalewatching.placessites.com\/es\/wp-json\/wp\/v2\/media?parent=12614"}],"wp:term":[{"taxonomy":"product_brand","embeddable":true,"href":"https:\/\/whalewatching.placessites.com\/es\/wp-json\/wp\/v2\/product_brand?post=12614"},{"taxonomy":"product_cat","embeddable":true,"href":"https:\/\/whalewatching.placessites.com\/es\/wp-json\/wp\/v2\/product_cat?post=12614"},{"taxonomy":"product_tag","embeddable":true,"href":"https:\/\/whalewatching.placessites.com\/es\/wp-json\/wp\/v2\/product_tag?post=12614"}],"curies":[{"name":"wp","href":"https:\/\/api.w.org\/{rel}","templated":true}]}}