{"id":13246,"date":"2025-12-18T11:25:21","date_gmt":"2025-12-18T11:25:21","guid":{"rendered":"https:\/\/whalewatching.placessites.com\/?post_type=product&#038;p=13246"},"modified":"2025-12-18T11:34:25","modified_gmt":"2025-12-18T11:34:25","slug":"excursion-guiada-de-un-dia-a-samana-con-almuerzo-buffet-y-avistamiento-de-ballenas","status":"publish","type":"product","link":"https:\/\/whalewatching.placessites.com\/es\/visita\/excursion-guiada-de-un-dia-a-samana-con-almuerzo-buffet-y-avistamiento-de-ballenas\/","title":{"rendered":"Saman\u00e1: Excursi\u00f3n guiada de un d\u00eda con almuerzo buffet y avistamiento de ballenas"},"content":{"rendered":"<p>Disfrute de un evento \u00fanico en la Rep\u00fablica Dominicana, el Santuario de Avistamiento de Ballenas Jorobadas que visitan nuestras costas en la Bah\u00eda de Saman\u00e1 una vez al a\u00f1o, de enero a finales de marzo y vienen a aparearse y dar a luz a sus cr\u00edas.<\/p>\n<p>La experiencia comienza saliendo desde sus Hoteles y atravesando la llanura oriental, hacia Las Ca\u00f1itas de Miches.<\/p>\n<p>Una vez en el Muelle de Las Ca\u00f1itas, embarcaremos para dirigirnos al Santuario de Ballenas, donde permaneceremos aproximadamente 2 horas y media.<\/p>\n<p>Tras el avistamiento, nos dirigiremos a Cayo Levantado o Isla Bacard\u00ed, donde almorzaremos y pasaremos un rato en la playa (aproximadamente 1 hora y 30 minutos).<\/p>\n<p>Despu\u00e9s del almuerzo, abordamos nuevamente la lancha para dirigirnos al Muelle de Saman\u00e1 donde nos espera el Cami\u00f3n Safari para dirigirnos al Rancho, donde daremos un paseo de aproximadamente 30 minutos por la selva virgen.<\/p>\n<p>y por las orillas del r\u00edo hasta llegar a la Cascada El Lim\u00f3n, con una altura de m\u00e1s de 60 metros, para disfrutar de un refrescante y rejuvenecedor chapuz\u00f3n.<\/p>","protected":false},"excerpt":{"rendered":"<div data-track=\"overview\" data-v-83a2b402=\"\">\n<section id=\"activity-overview\" class=\"activity-overview\" data-component=\"overview\" data-v-83a2b402=\"\" data-v-f3236c42=\"\">\n<p class=\"activity-overview__content\" data-test-id=\"activity-overview-content\" data-v-f3236c42=\"\">Descubra la provincia de Saman\u00e1 en esta excursi\u00f3n de un d\u00eda con gu\u00eda. Sea testigo de las ballenas jorobadas en el Santuario de Mam\u00edferos Marinos de Saman\u00e1 y visite la Isla Bacard\u00ed y la Cascada El Lim\u00f3n.<\/p>\n<\/section>\n<\/div>\n<div data-track=\"key-details\" data-v-83a2b402=\"\"><\/div>","protected":false},"featured_media":13462,"template":"","meta":[],"product_brand":[],"product_cat":[97],"product_tag":[101,102],"class_list":{"0":"post-13246","1":"product","2":"type-product","3":"status-publish","4":"has-post-thumbnail","6":"product_cat-dominican-republic","7":"product_tag-excursion","8":"product_tag-tour","10":"first","11":"instock","12":"shipping-taxable","13":"product-type-external"},"_links":{"self":[{"href":"https:\/\/whalewatching.placessites.com\/es\/wp-json\/wp\/v2\/product\/13246","targetHints":{"allow":["GET"]}}],"collection":[{"href":"https:\/\/whalewatching.placessites.com\/es\/wp-json\/wp\/v2\/product"}],"about":[{"href":"https:\/\/whalewatching.placessites.com\/es\/wp-json\/wp\/v2\/types\/product"}],"version-history":[{"count":0,"href":"https:\/\/whalewatching.placessites.com\/es\/wp-json\/wp\/v2\/product\/13246\/revisions"}],"wp:featuredmedia":[{"embeddable":true,"href":"https:\/\/whalewatching.placessites.com\/es\/wp-json\/wp\/v2\/media\/13462"}],"wp:attachment":[{"href":"https:\/\/whalewatching.placessites.com\/es\/wp-json\/wp\/v2\/media?parent=13246"}],"wp:term":[{"taxonomy":"product_brand","embeddable":true,"href":"https:\/\/whalewatching.placessites.com\/es\/wp-json\/wp\/v2\/product_brand?post=13246"},{"taxonomy":"product_cat","embeddable":true,"href":"https:\/\/whalewatching.placessites.com\/es\/wp-json\/wp\/v2\/product_cat?post=13246"},{"taxonomy":"product_tag","embeddable":true,"href":"https:\/\/whalewatching.placessites.com\/es\/wp-json\/wp\/v2\/product_tag?post=13246"}],"curies":[{"name":"wp","href":"https:\/\/api.w.org\/{rel}","templated":true}]}}