{"id":13409,"date":"2025-12-18T11:32:19","date_gmt":"2025-12-18T11:32:19","guid":{"rendered":"https:\/\/whalewatching.placessites.com\/?post_type=product&#038;p=13409"},"modified":"2025-12-18T11:42:19","modified_gmt":"2025-12-18T11:42:19","slug":"bayahibe-buggy-tour-amazing-half-day","status":"publish","type":"product","link":"https:\/\/whalewatching.placessites.com\/es\/visita\/bayahibe-buggy-tour-amazing-half-day\/","title":{"rendered":"Bayahibe: Buggy tour amazing half-day"},"content":{"rendered":"<p>Primer Turno: 8:00 AM - 12:00 PM<\/p>\n<p>Recogida a las 8:00 AM: Comience su d\u00eda con la emoci\u00f3n de un tour de descubrimiento en buggy en Bayahibe, siendo recogido para esta experiencia \u00fanica.<\/p>\n<p>Bateyes and Sugarcane: Explore the bateyes, discover the life of Haitian workers, and make a stop to taste authentic sugarcane and refreshments. Immerse yourself in the culture as you explore this fascinating environment. Chav\u00f3n River: Feel the adrenaline as you venture into the waters of the<\/p>\n<p>Chav\u00f3n River. Enjoy a revitalizing swim and participate in water activities that will connect you even more with nature.<\/p>\n<p>Rancho y degustaci\u00f3n: Dir\u00edjase al rancho para una pausa cultural y culinaria. Deguste un plato de frutas frescas, caf\u00e9 y chocolate mientras explora las plantas de caf\u00e9, cacao y otras frutas tropicales. Descubra la magia que se esconde tras la producci\u00f3n local.<\/p>\n<p>Regreso a las 12:00 PM: Despu\u00e9s de una ma\u00f1ana de descubrimientos, regresamos al punto de partida a las 12:00 PM.<\/p>\n<p>Segundo turno: 14:00 - 17:30<\/p>\n<p>Recogida a las 14:00: Prep\u00e1rate para una tarde llena de exploraci\u00f3n y aventuras en buggy.<\/p>\n<p>Bateyes y ca\u00f1a de az\u00facar: Reviva la experiencia de los bateyes, profundizando en la vida y la cultura de los trabajadores haitianos.<\/p>\n<p>Chav\u00f3n River: Explore the waters of the Chav\u00f3n River again, immersing yourself in the natural beauty and excitement of water activities. Ranch and Tasting: Return to the ranch for another session of cultural and culinary discovery. Explore the coffee, cacao, and other local delights while tasting new treats.<\/p>\n<p>Regreso a las 17:30 Concluimos el tour al atardecer, regresando a su ubicaci\u00f3n a las 5:30 PM.<\/p>","protected":false},"excerpt":{"rendered":"<div data-track=\"overview\" data-v-83a2b402=\"\">\n<section id=\"activity-overview\" class=\"activity-overview\" data-component=\"overview\" data-v-83a2b402=\"\" data-v-f3236c42=\"\">\n<p class=\"activity-overview__content\" data-test-id=\"activity-overview-content\" data-v-f3236c42=\"\">Embark on an exciting buggy tour in Bayahibe. Explore bateyes, taste sugarcane, take a dip in the Chav\u00f3n River, and fruit tasting at the ranch. available: 8:00 AM &#8211; 12:00 PM and 2:00 PM &#8211; 5:30 PM.<\/p>\n<\/section>\n<\/div>\n<div data-track=\"key-details\" data-v-83a2b402=\"\"><\/div>","protected":false},"featured_media":13633,"template":"","meta":[],"product_brand":[],"product_cat":[97],"product_tag":[101,102],"class_list":{"0":"post-13409","1":"product","2":"type-product","3":"status-publish","4":"has-post-thumbnail","6":"product_cat-dominican-republic","7":"product_tag-excursion","8":"product_tag-tour","10":"first","11":"instock","12":"shipping-taxable","13":"product-type-external"},"_links":{"self":[{"href":"https:\/\/whalewatching.placessites.com\/es\/wp-json\/wp\/v2\/product\/13409","targetHints":{"allow":["GET"]}}],"collection":[{"href":"https:\/\/whalewatching.placessites.com\/es\/wp-json\/wp\/v2\/product"}],"about":[{"href":"https:\/\/whalewatching.placessites.com\/es\/wp-json\/wp\/v2\/types\/product"}],"version-history":[{"count":0,"href":"https:\/\/whalewatching.placessites.com\/es\/wp-json\/wp\/v2\/product\/13409\/revisions"}],"wp:featuredmedia":[{"embeddable":true,"href":"https:\/\/whalewatching.placessites.com\/es\/wp-json\/wp\/v2\/media\/13633"}],"wp:attachment":[{"href":"https:\/\/whalewatching.placessites.com\/es\/wp-json\/wp\/v2\/media?parent=13409"}],"wp:term":[{"taxonomy":"product_brand","embeddable":true,"href":"https:\/\/whalewatching.placessites.com\/es\/wp-json\/wp\/v2\/product_brand?post=13409"},{"taxonomy":"product_cat","embeddable":true,"href":"https:\/\/whalewatching.placessites.com\/es\/wp-json\/wp\/v2\/product_cat?post=13409"},{"taxonomy":"product_tag","embeddable":true,"href":"https:\/\/whalewatching.placessites.com\/es\/wp-json\/wp\/v2\/product_tag?post=13409"}],"curies":[{"name":"wp","href":"https:\/\/api.w.org\/{rel}","templated":true}]}}