{"id":13670,"date":"2025-12-18T11:43:17","date_gmt":"2025-12-18T11:43:17","guid":{"rendered":"https:\/\/whalewatching.placessites.com\/?post_type=product&#038;p=13670"},"modified":"2025-12-18T11:56:07","modified_gmt":"2025-12-18T11:56:07","slug":"from-punta-cana-santo-domingo-city-tour","status":"publish","type":"product","link":"https:\/\/whalewatching.placessites.com\/es\/visita\/from-punta-cana-santo-domingo-city-tour\/","title":{"rendered":"From Punta Cana: Santo Domingo City Tour"},"content":{"rendered":"<p>Santo Domingo is a magical city, full of history, culture and amazing landscapes. Explore the oldest Capital of the \u201cNew\u201d World, Santo Domingo, the first city founded in America.<\/p>\n<p>Este recorrido tur\u00edstico le muestra una ciudad llena de historia y cultura. Una actividad estupenda para toda la familia.<\/p>\n<p>- Le recogeremos en su Hotel para comenzar un incre\u00edble viaje a Santo Domingo, durante el viaje podr\u00e1 ver incre\u00edbles detalles sobre la Cultura de la Rep\u00fablica Dominicana.<\/p>\n<p>- A su llegada a Santo Domingo visitar\u00e1 los incre\u00edbles cenotes del Parque Nacional de Los Tres Ojos, especialmente naturales y m\u00e1gicos.<\/p>\n<p>- Daremos un paseo por la Zona Colonial, una calle rom\u00e1ntica, la primera de Am\u00e9rica, \u201cLas Damas\u201d. Disfrutando de una panor\u00e1mica antigua pero pintoresca.<\/p>\n<div class=\"toggle-content__content toggle-content__content--expanded toggle-content__content--packable\" data-v-59485d64=\"\">\n<div data-test-id=\"activity-full-description-text\" data-v-5835c99c=\"\">It operates every day. Its approximate total duration is 10 hours.<\/div>\n<\/div>\n<div class=\"toggle-content__label-placeholder\" data-v-59485d64=\"\"><\/div>","protected":false},"excerpt":{"rendered":"<div data-track=\"overview\" data-v-83a2b402=\"\">\n<section id=\"activity-overview\" class=\"activity-overview\" data-component=\"overview\" data-v-83a2b402=\"\" data-v-f3236c42=\"\">\n<p class=\"activity-overview__content\" data-test-id=\"activity-overview-content\" data-v-f3236c42=\"\">Discover the magical city of Santa Domingo with a guide on this all-inclusive tour. Explore the city and visit famous landmarks like the Colonial Zone, the Cenotes of Los Tres Ojos National Park, and much more.<\/p>\n<\/section>\n<\/div>\n<div data-track=\"key-details\" data-v-83a2b402=\"\"><\/div>","protected":false},"featured_media":13942,"template":"","meta":[],"product_brand":[],"product_cat":[97],"product_tag":[101,102],"class_list":{"0":"post-13670","1":"product","2":"type-product","3":"status-publish","4":"has-post-thumbnail","6":"product_cat-dominican-republic","7":"product_tag-excursion","8":"product_tag-tour","10":"first","11":"instock","12":"shipping-taxable","13":"product-type-external"},"_links":{"self":[{"href":"https:\/\/whalewatching.placessites.com\/es\/wp-json\/wp\/v2\/product\/13670","targetHints":{"allow":["GET"]}}],"collection":[{"href":"https:\/\/whalewatching.placessites.com\/es\/wp-json\/wp\/v2\/product"}],"about":[{"href":"https:\/\/whalewatching.placessites.com\/es\/wp-json\/wp\/v2\/types\/product"}],"version-history":[{"count":0,"href":"https:\/\/whalewatching.placessites.com\/es\/wp-json\/wp\/v2\/product\/13670\/revisions"}],"wp:featuredmedia":[{"embeddable":true,"href":"https:\/\/whalewatching.placessites.com\/es\/wp-json\/wp\/v2\/media\/13942"}],"wp:attachment":[{"href":"https:\/\/whalewatching.placessites.com\/es\/wp-json\/wp\/v2\/media?parent=13670"}],"wp:term":[{"taxonomy":"product_brand","embeddable":true,"href":"https:\/\/whalewatching.placessites.com\/es\/wp-json\/wp\/v2\/product_brand?post=13670"},{"taxonomy":"product_cat","embeddable":true,"href":"https:\/\/whalewatching.placessites.com\/es\/wp-json\/wp\/v2\/product_cat?post=13670"},{"taxonomy":"product_tag","embeddable":true,"href":"https:\/\/whalewatching.placessites.com\/es\/wp-json\/wp\/v2\/product_tag?post=13670"}],"curies":[{"name":"wp","href":"https:\/\/api.w.org\/{rel}","templated":true}]}}