{"id":16586,"date":"2025-12-18T13:58:11","date_gmt":"2025-12-18T13:58:11","guid":{"rendered":"https:\/\/whalewatching.placessites.com\/?post_type=product&#038;p=16586"},"modified":"2025-12-18T13:59:33","modified_gmt":"2025-12-18T13:59:33","slug":"punta-cana-santo-domingo-private-day-trip","status":"publish","type":"product","link":"https:\/\/whalewatching.placessites.com\/es\/visita\/punta-cana-santo-domingo-private-day-trip\/","title":{"rendered":"Punta Cana: Santo Domingo Private Day Trip"},"content":{"rendered":"<p>Santo Domingo is a magical city, full of history, culture and amazing landscapes. Explore the oldest Capital of the \u201cNew\u201d World, Santo Domingo, the first city founded in America.<\/p>\n<p>Este recorrido tur\u00edstico le muestra una ciudad llena de historia y cultura. Una actividad estupenda para toda la familia.<\/p>\n<p>- Le recogeremos en su Hotel para comenzar un incre\u00edble viaje a Santo Domingo, durante el viaje podr\u00e1 ver incre\u00edbles detalles sobre la Cultura de la Rep\u00fablica Dominicana.<\/p>\n<p>- A su llegada a Santo Domingo visitar\u00e1 los incre\u00edbles cenotes del Parque Nacional de Los Tres Ojos, especialmente naturales y m\u00e1gicos.<\/p>\n<p>- Visitar\u00e1s los monumentos m\u00e1s importantes de la Ciudad: La 1\u00aa Catedral de Am\u00e9rica, el Alc\u00e1zar de Col\u00f3n y el Pante\u00f3n Nacional, El Faro a Col\u00f3n.<\/p>\n<p>- Daremos un paseo por la Zona Colonial, una calle rom\u00e1ntica, la primera de Am\u00e9rica, \u201cLas Damas\u201d. Disfrutando de una panor\u00e1mica antigua pero pintoresca.<\/p>\n<p>Funciona todos los d\u00edas. Su duraci\u00f3n aproximada es de 10 horas.<\/p>","protected":false},"excerpt":{"rendered":"<div data-track=\"overview\" data-v-83a2b402=\"\">\n<section id=\"activity-overview\" class=\"activity-overview\" data-component=\"overview\" data-v-83a2b402=\"\" data-v-f3236c42=\"\">\n<p class=\"activity-overview__content\" data-test-id=\"activity-overview-content\" data-v-f3236c42=\"\">Private Enjoy the history, culture, and landscapes of Santo Domingo on this day tour from Punta Cana. Visit the Three Eyes National Park cenotes, America&#8217;s first cathedral, and the National Pantheon.<\/p>\n<\/section>\n<\/div>\n<div data-track=\"key-details\" data-v-83a2b402=\"\"><\/div>","protected":false},"featured_media":16610,"template":"","meta":[],"product_brand":[],"product_cat":[97],"product_tag":[101,102],"class_list":{"0":"post-16586","1":"product","2":"type-product","3":"status-publish","4":"has-post-thumbnail","6":"product_cat-dominican-republic","7":"product_tag-excursion","8":"product_tag-tour","10":"first","11":"instock","12":"shipping-taxable","13":"product-type-external"},"_links":{"self":[{"href":"https:\/\/whalewatching.placessites.com\/es\/wp-json\/wp\/v2\/product\/16586","targetHints":{"allow":["GET"]}}],"collection":[{"href":"https:\/\/whalewatching.placessites.com\/es\/wp-json\/wp\/v2\/product"}],"about":[{"href":"https:\/\/whalewatching.placessites.com\/es\/wp-json\/wp\/v2\/types\/product"}],"version-history":[{"count":0,"href":"https:\/\/whalewatching.placessites.com\/es\/wp-json\/wp\/v2\/product\/16586\/revisions"}],"wp:featuredmedia":[{"embeddable":true,"href":"https:\/\/whalewatching.placessites.com\/es\/wp-json\/wp\/v2\/media\/16610"}],"wp:attachment":[{"href":"https:\/\/whalewatching.placessites.com\/es\/wp-json\/wp\/v2\/media?parent=16586"}],"wp:term":[{"taxonomy":"product_brand","embeddable":true,"href":"https:\/\/whalewatching.placessites.com\/es\/wp-json\/wp\/v2\/product_brand?post=16586"},{"taxonomy":"product_cat","embeddable":true,"href":"https:\/\/whalewatching.placessites.com\/es\/wp-json\/wp\/v2\/product_cat?post=16586"},{"taxonomy":"product_tag","embeddable":true,"href":"https:\/\/whalewatching.placessites.com\/es\/wp-json\/wp\/v2\/product_tag?post=16586"}],"curies":[{"name":"wp","href":"https:\/\/api.w.org\/{rel}","templated":true}]}}