{"id":17079,"date":"2025-12-18T14:21:33","date_gmt":"2025-12-18T14:21:33","guid":{"rendered":"https:\/\/whalewatching.placessites.com\/?post_type=product&#038;p=17079"},"modified":"2025-12-18T14:24:00","modified_gmt":"2025-12-18T14:24:00","slug":"punta-cana-1-way-private-transfer-2","status":"publish","type":"product","link":"https:\/\/whalewatching.placessites.com\/es\/visita\/punta-cana-1-way-private-transfer-2\/","title":{"rendered":"Punta Cana: Traslado privado de ida"},"content":{"rendered":"<p><strong>Punta Cana: Traslado privado de ida<\/strong><\/p>\n<p>Cuando reserva un traslado privado, est\u00e1 reservando un c\u00f3modo viaje de ida desde el aeropuerto de Punta Cana hasta su hotel en Punta Cana, o viceversa. Adem\u00e1s, tiene la opci\u00f3n de organizar un traslado de ida desde el aeropuerto a Macao o Uvero Alto.<\/p>\n<p>A su llegada al aeropuerto, no pierda de vista a un amable conductor con un cartel con su nombre, listo para ayudarle con su equipaje y guiarle hasta un veh\u00edculo c\u00f3modo y con aire acondicionado.<\/p>\n<p>Si sale desde su hotel, su atento ch\u00f3fer le esperar\u00e1 en el vest\u00edbulo y le garantizar\u00e1 un viaje tranquilo y sin estr\u00e9s al aeropuerto. Mientras se relaja en el veh\u00edculo bien equipado, disfrute de los impresionantes paisajes del camino.<\/p>\n<p>Tenga la seguridad de que llegar\u00e1 a su destino con tiempo de sobra, lo que le permitir\u00e1 iniciar su viaje o regresar a casa de forma relajada y sin prisas.<\/p>","protected":false},"excerpt":{"rendered":"<p>Reserve un traslado privado entre el Aeropuerto Internacional de Punta Cana (PUJ) y su hotel en Punta Cana. Viaje en un c\u00f3modo coche con aire acondicionado antes o despu\u00e9s de un largo viaje.<\/p>","protected":false},"featured_media":17122,"template":"","meta":[],"product_brand":[],"product_cat":[97],"product_tag":[101,102],"class_list":{"0":"post-17079","1":"product","2":"type-product","3":"status-publish","4":"has-post-thumbnail","6":"product_cat-dominican-republic","7":"product_tag-excursion","8":"product_tag-tour","10":"first","11":"instock","12":"shipping-taxable","13":"product-type-external"},"_links":{"self":[{"href":"https:\/\/whalewatching.placessites.com\/es\/wp-json\/wp\/v2\/product\/17079","targetHints":{"allow":["GET"]}}],"collection":[{"href":"https:\/\/whalewatching.placessites.com\/es\/wp-json\/wp\/v2\/product"}],"about":[{"href":"https:\/\/whalewatching.placessites.com\/es\/wp-json\/wp\/v2\/types\/product"}],"version-history":[{"count":0,"href":"https:\/\/whalewatching.placessites.com\/es\/wp-json\/wp\/v2\/product\/17079\/revisions"}],"wp:featuredmedia":[{"embeddable":true,"href":"https:\/\/whalewatching.placessites.com\/es\/wp-json\/wp\/v2\/media\/17122"}],"wp:attachment":[{"href":"https:\/\/whalewatching.placessites.com\/es\/wp-json\/wp\/v2\/media?parent=17079"}],"wp:term":[{"taxonomy":"product_brand","embeddable":true,"href":"https:\/\/whalewatching.placessites.com\/es\/wp-json\/wp\/v2\/product_brand?post=17079"},{"taxonomy":"product_cat","embeddable":true,"href":"https:\/\/whalewatching.placessites.com\/es\/wp-json\/wp\/v2\/product_cat?post=17079"},{"taxonomy":"product_tag","embeddable":true,"href":"https:\/\/whalewatching.placessites.com\/es\/wp-json\/wp\/v2\/product_tag?post=17079"}],"curies":[{"name":"wp","href":"https:\/\/api.w.org\/{rel}","templated":true}]}}