{"id":17361,"date":"2025-12-18T14:33:19","date_gmt":"2025-12-18T14:33:19","guid":{"rendered":"https:\/\/whalewatching.placessites.com\/?post_type=product&#038;p=17361"},"modified":"2025-12-18T14:41:47","modified_gmt":"2025-12-18T14:41:47","slug":"republica-dominicana-excursion-de-3-horas-para-amantes-del-chocolate","status":"publish","type":"product","link":"https:\/\/whalewatching.placessites.com\/es\/visita\/republica-dominicana-excursion-de-3-horas-para-amantes-del-chocolate\/","title":{"rendered":"Rep\u00fablica Dominicana: Excursi\u00f3n de 3 horas para amantes del chocolate"},"content":{"rendered":"<p>Si es usted un amante del chocolate, tiene la oportunidad de disfrutar de esta amplia sesi\u00f3n educativa sobre el chocolate. En esta visita disfrutar\u00e1 de las ventajas de la visita a la plantaci\u00f3n con informaci\u00f3n adicional de los expertos en chocolate.<\/p>\n<p>En este recorrido, los expertos le guiar\u00e1n por cada uno de los pasos necesarios para elaborar cacao de calidad. Comienza con la siembra, donde podr\u00e1s sembrar tu propia planta de cacao, y contin\u00faa aprendiendo sobre la cosecha, el corte y la extracci\u00f3n de los granos de una vaina de cacao. Contin\u00faa con el proceso posterior a la cosecha: la fermentaci\u00f3n y el secado, factores determinantes en la calidad del chocolate. Conozca el ecosistema de la Rep\u00fablica Dominicana y lo que le permite tener las condiciones perfectas para cultivar cacao fino que evoluciona hasta convertirse en chocolates de la mejor calidad.<\/p>\n<p>Tras un excelente almuerzo local, asistir\u00e1 a una sesi\u00f3n en la que aprender\u00e1 a degustar el chocolate con los cinco sentidos. Adem\u00e1s, visitar\u00e1 otra de las plantaciones, donde podr\u00e1 observar un procesamiento m\u00e1s automatizado del cacao a peque\u00f1a escala. Tambi\u00e9n aprender\u00e1 m\u00e1s sobre los procesos de fermentaci\u00f3n y secado, y su importancia en la creaci\u00f3n de chocolate gourmet.<\/p>","protected":false},"excerpt":{"rendered":"<div data-track=\"overview\" data-v-83a2b402=\"\">\n<section id=\"activity-overview\" class=\"activity-overview\" data-component=\"overview\" data-v-83a2b402=\"\" data-v-f3236c42=\"\">\n<p class=\"activity-overview__content\" data-test-id=\"activity-overview-content\" data-v-f3236c42=\"\">Esta excursi\u00f3n de 3 horas en la Rep\u00fablica Dominicana est\u00e1 dise\u00f1ada para los amantes del chocolate que deseen profundizar en el proceso del cacao y el chocolate. Har\u00e1s un recorrido, almorzar\u00e1s y tendr\u00e1s una exclusiva degustaci\u00f3n de chocolate<\/p>\n<\/section>\n<\/div>\n<div data-track=\"key-details\" data-v-83a2b402=\"\"><\/div>","protected":false},"featured_media":17537,"template":"","meta":[],"product_brand":[],"product_cat":[97],"product_tag":[101,102],"class_list":{"0":"post-17361","1":"product","2":"type-product","3":"status-publish","4":"has-post-thumbnail","6":"product_cat-dominican-republic","7":"product_tag-excursion","8":"product_tag-tour","10":"first","11":"instock","12":"shipping-taxable","13":"product-type-external"},"_links":{"self":[{"href":"https:\/\/whalewatching.placessites.com\/es\/wp-json\/wp\/v2\/product\/17361","targetHints":{"allow":["GET"]}}],"collection":[{"href":"https:\/\/whalewatching.placessites.com\/es\/wp-json\/wp\/v2\/product"}],"about":[{"href":"https:\/\/whalewatching.placessites.com\/es\/wp-json\/wp\/v2\/types\/product"}],"version-history":[{"count":0,"href":"https:\/\/whalewatching.placessites.com\/es\/wp-json\/wp\/v2\/product\/17361\/revisions"}],"wp:featuredmedia":[{"embeddable":true,"href":"https:\/\/whalewatching.placessites.com\/es\/wp-json\/wp\/v2\/media\/17537"}],"wp:attachment":[{"href":"https:\/\/whalewatching.placessites.com\/es\/wp-json\/wp\/v2\/media?parent=17361"}],"wp:term":[{"taxonomy":"product_brand","embeddable":true,"href":"https:\/\/whalewatching.placessites.com\/es\/wp-json\/wp\/v2\/product_brand?post=17361"},{"taxonomy":"product_cat","embeddable":true,"href":"https:\/\/whalewatching.placessites.com\/es\/wp-json\/wp\/v2\/product_cat?post=17361"},{"taxonomy":"product_tag","embeddable":true,"href":"https:\/\/whalewatching.placessites.com\/es\/wp-json\/wp\/v2\/product_tag?post=17361"}],"curies":[{"name":"wp","href":"https:\/\/api.w.org\/{rel}","templated":true}]}}