{"id":17415,"date":"2025-12-18T14:35:38","date_gmt":"2025-12-18T14:35:38","guid":{"rendered":"https:\/\/whalewatching.placessites.com\/?post_type=product&#038;p=17415"},"modified":"2025-12-18T14:44:40","modified_gmt":"2025-12-18T14:44:40","slug":"punta-cana-sunset-horseback-ride-in-macao-beach-and-forest-3","status":"publish","type":"product","link":"https:\/\/whalewatching.placessites.com\/es\/visita\/punta-cana-sunset-horseback-ride-in-macao-beach-and-forest-3\/","title":{"rendered":"Punta Cana: Paseo a Caballo al Atardecer en la Playa y Bosque de Macao"},"content":{"rendered":"<p>Entre en un reino de pura tranquilidad y belleza natural con este exclusivo paseo a caballo al atardecer. Esta exquisita aventura le sumergir\u00e1 en el esplendor de la playa de Macao y la verde extensi\u00f3n del bosque. Imag\u00ednese a lomos de un majestuoso corcel mientras los dorados rayos del sol poniente danzan por el horizonte, arrojando un hipn\u00f3tico resplandor sobre el paisaje.<\/p>\n<p>Pero lo que diferencia nuestra experiencia es la meticulosa atenci\u00f3n que prestamos a los detalles. Desde el momento de la reserva, el transporte se organiza a la perfecci\u00f3n, garantizando que su viaje de ida y vuelta a la excursi\u00f3n sea lo m\u00e1s fluido posible.<\/p>\n<p>Y como entendemos que la exploraci\u00f3n a menudo va de la mano con la indulgencia, hemos incorporado una parada de compras de cortes\u00eda en su itinerario. T\u00f3mese su tiempo para admirar los tesoros y souvenirs locales, lo que le permitir\u00e1 capturar la esencia de la Rep\u00fablica Dominicana y conservarla para siempre.<\/p>\n<p>Esta excursi\u00f3n no se limita a hacer turismo, sino que crea momentos inolvidables que perduran en la memoria mucho despu\u00e9s de terminar el viaje. Es perfecto para aquellos que buscan aventuras pero prefieren viajar de forma concisa, por lo que es una opci\u00f3n ideal para los hu\u00e9spedes que buscan una breve escapada desde la comodidad de su hotel o Airbnb.<\/p>\n<div class=\"toggle-content__content toggle-content__content--expanded toggle-content__content--packable\" data-v-59485d64=\"\">\n<div data-test-id=\"activity-full-description-text\" data-v-5835c99c=\"\">No deje pasar esta oportunidad. \u00danase a nosotros en una experiencia extraordinaria que promete encender sus sentidos y dejarle sin aliento. Reserve ahora y d\u00e9jenos guiarle en un viaje de descubrimientos y maravillas.<\/div>\n<\/div>\n<div class=\"toggle-content__label-placeholder\" data-v-59485d64=\"\"><\/div>","protected":false},"excerpt":{"rendered":"<div data-track=\"overview\" data-v-83a2b402=\"\">\n<section id=\"activity-overview\" class=\"activity-overview\" data-component=\"overview\" data-v-83a2b402=\"\" data-v-f3236c42=\"\">\n<p class=\"activity-overview__content\" data-test-id=\"activity-overview-content\" data-v-f3236c42=\"\">Descubra el encantador encanto de la playa y el bosque de Macao en un fascinante paseo a caballo al atardecer, con transporte gratuito.<\/p>\n<\/section>\n<\/div>\n<div data-track=\"key-details\" data-v-83a2b402=\"\"><\/div>","protected":false},"featured_media":17604,"template":"","meta":[],"product_brand":[],"product_cat":[97],"product_tag":[101,102],"class_list":{"0":"post-17415","1":"product","2":"type-product","3":"status-publish","4":"has-post-thumbnail","6":"product_cat-dominican-republic","7":"product_tag-excursion","8":"product_tag-tour","10":"first","11":"instock","12":"sale","13":"shipping-taxable","14":"purchasable","15":"product-type-simple"},"_links":{"self":[{"href":"https:\/\/whalewatching.placessites.com\/es\/wp-json\/wp\/v2\/product\/17415","targetHints":{"allow":["GET"]}}],"collection":[{"href":"https:\/\/whalewatching.placessites.com\/es\/wp-json\/wp\/v2\/product"}],"about":[{"href":"https:\/\/whalewatching.placessites.com\/es\/wp-json\/wp\/v2\/types\/product"}],"version-history":[{"count":0,"href":"https:\/\/whalewatching.placessites.com\/es\/wp-json\/wp\/v2\/product\/17415\/revisions"}],"wp:featuredmedia":[{"embeddable":true,"href":"https:\/\/whalewatching.placessites.com\/es\/wp-json\/wp\/v2\/media\/17604"}],"wp:attachment":[{"href":"https:\/\/whalewatching.placessites.com\/es\/wp-json\/wp\/v2\/media?parent=17415"}],"wp:term":[{"taxonomy":"product_brand","embeddable":true,"href":"https:\/\/whalewatching.placessites.com\/es\/wp-json\/wp\/v2\/product_brand?post=17415"},{"taxonomy":"product_cat","embeddable":true,"href":"https:\/\/whalewatching.placessites.com\/es\/wp-json\/wp\/v2\/product_cat?post=17415"},{"taxonomy":"product_tag","embeddable":true,"href":"https:\/\/whalewatching.placessites.com\/es\/wp-json\/wp\/v2\/product_tag?post=17415"}],"curies":[{"name":"wp","href":"https:\/\/api.w.org\/{rel}","templated":true}]}}