{"id":18154,"date":"2025-12-18T15:09:08","date_gmt":"2025-12-18T15:09:08","guid":{"rendered":"https:\/\/whalewatching.placessites.com\/?post_type=product&#038;p=18154"},"modified":"2025-12-19T10:18:52","modified_gmt":"2025-12-19T10:18:52","slug":"los-haitises-kayak-cano-hondo-piscinas-excursion-en-grupo-desde-miches","status":"publish","type":"product","link":"https:\/\/whalewatching.placessites.com\/es\/visita\/los-haitises-kayak-cano-hondo-piscinas-excursion-en-grupo-desde-miches\/","title":{"rendered":"Las Terrenas: Avistamiento Privado de Ballenas Medio D\u00eda"},"content":{"rendered":"<p>Transporte privado desde Las Terrenas. Viaje en barco para explorar la Bah\u00eda de Saman\u00e1, que alberga miles de ballenas jorobadas durante su \u00e9poca de apareamiento invernal. A continuaci\u00f3n, disfrute de las pintorescas vistas de Cayo Levantado, tambi\u00e9n conocido como isla Bacard\u00ed e isla Farola.<\/p>\n<p>Salga del puerto seleccionado y dir\u00edjase hacia la bah\u00eda de Saman\u00e1, escudri\u00f1ando las aguas en busca de las majestuosas ballenas jorobadas en plena temporada de apareamiento. Disfrute de estar en el agua y si\u00e9ntase c\u00f3modo con aperitivos y bebidas a bordo. Saque fotos de estos grandes animales y aprenda datos importantes de su gu\u00eda. Al\u00e9jese de los grandes grupos y visite a las ballenas con su familia y amigos.<\/p>\n<div class=\"toggle-content__content toggle-content__content--expanded toggle-content__content--packable\" data-v-59485d64=\"\">\n<div data-test-id=\"activity-full-description-text\" data-v-5835c99c=\"\">Aproveche para zambullirse en las serenas aguas y disfrutar del resto del d\u00eda antes de regresar al muelle.<\/div>\n<\/div>\n<div class=\"toggle-content__label-placeholder\" data-v-59485d64=\"\"><\/div>","protected":false},"excerpt":{"rendered":"<div data-track=\"overview\" data-v-83a2b402=\"\">\n<section id=\"activity-overview\" class=\"activity-overview\" data-component=\"overview\" data-v-83a2b402=\"\" data-v-f3236c42=\"\">\n<p class=\"activity-overview__content\" data-test-id=\"activity-overview-content\" data-v-f3236c42=\"\">Disfrute de la inolvidable experiencia del avistamiento de ballenas en un viaje privado solo para ballenas. Visite las Ballenas Jorobadas lejos de Grupos Tur\u00edsticos.<\/p>\n<\/section>\n<\/div>\n<div data-track=\"key-details\" data-v-83a2b402=\"\"><\/div>","protected":false},"featured_media":16640,"template":"","meta":[],"product_brand":[],"product_cat":[97],"product_tag":[101,102],"class_list":{"0":"post-18154","1":"product","2":"type-product","3":"status-publish","4":"has-post-thumbnail","6":"product_cat-dominican-republic","7":"product_tag-excursion","8":"product_tag-tour","10":"first","11":"instock","12":"shipping-taxable","13":"product-type-external"},"_links":{"self":[{"href":"https:\/\/whalewatching.placessites.com\/es\/wp-json\/wp\/v2\/product\/18154","targetHints":{"allow":["GET"]}}],"collection":[{"href":"https:\/\/whalewatching.placessites.com\/es\/wp-json\/wp\/v2\/product"}],"about":[{"href":"https:\/\/whalewatching.placessites.com\/es\/wp-json\/wp\/v2\/types\/product"}],"version-history":[{"count":0,"href":"https:\/\/whalewatching.placessites.com\/es\/wp-json\/wp\/v2\/product\/18154\/revisions"}],"wp:featuredmedia":[{"embeddable":true,"href":"https:\/\/whalewatching.placessites.com\/es\/wp-json\/wp\/v2\/media\/16640"}],"wp:attachment":[{"href":"https:\/\/whalewatching.placessites.com\/es\/wp-json\/wp\/v2\/media?parent=18154"}],"wp:term":[{"taxonomy":"product_brand","embeddable":true,"href":"https:\/\/whalewatching.placessites.com\/es\/wp-json\/wp\/v2\/product_brand?post=18154"},{"taxonomy":"product_cat","embeddable":true,"href":"https:\/\/whalewatching.placessites.com\/es\/wp-json\/wp\/v2\/product_cat?post=18154"},{"taxonomy":"product_tag","embeddable":true,"href":"https:\/\/whalewatching.placessites.com\/es\/wp-json\/wp\/v2\/product_tag?post=18154"}],"curies":[{"name":"wp","href":"https:\/\/api.w.org\/{rel}","templated":true}]}}