{"id":10167,"date":"2025-12-18T09:26:34","date_gmt":"2025-12-18T09:26:34","guid":{"rendered":"https:\/\/whalewatching.placessites.com\/?post_type=product&#038;p=10167"},"modified":"2025-12-18T09:27:11","modified_gmt":"2025-12-18T09:27:11","slug":"-2","status":"publish","type":"product","link":"https:\/\/whalewatching.placessites.com\/fr\/tournee\/-2\/","title":{"rendered":"Bayahibe : Excursion d'une journ\u00e9e sur l'\u00eele de Saona"},"content":{"rendered":"<p>Bayahibe : Excursion d'une journ\u00e9e sur l'\u00eele de Saona<\/p>\n<p>Embarquez pour une aventure inoubliable sur l'\u00e9poustouflante \u00eele de Saona, un joyau cach\u00e9 r\u00e9put\u00e9 pour ses plages de sable blanc immacul\u00e9, ses eaux turquoise \u00e9blouissantes et ses palmiers qui se balancent, cr\u00e9ant ainsi un paradis tropical pittoresque. Cette excursion est con\u00e7ue pour offrir une atmosph\u00e8re idyllique o\u00f9 la d\u00e9tente et le plaisir sont au premier plan de votre exp\u00e9rience.<\/p>\n<p>Votre journ\u00e9e commence par une prise en charge pratique \u00e0 votre h\u00f4tel, o\u00f9 vous serez accueilli par un personnel amical qui vous escortera jusqu'\u00e0 Bayahibe. \u00c0 votre arriv\u00e9e dans ce charmant village c\u00f4tier, vous monterez \u00e0 bord d'un bateau rapide, pr\u00eat \u00e0 naviguer sur l'accueillante mer des Cara\u00efbes pour vous rendre sur l'\u00eele de Saona.<\/p>\n<p>En chemin, vous vous arr\u00eaterez \u00e0 une \u00e9tonnante piscine naturelle, une oasis de s\u00e9r\u00e9nit\u00e9 aux eaux cristallines qui vous invitent \u00e0 vous rafra\u00eechir. Prenez le temps de vous d\u00e9tendre et d'appr\u00e9cier la beaut\u00e9 de votre environnement avant de poursuivre votre exp\u00e9dition vers l'\u00eele de Saona.<\/p>\n<p>Une fois arriv\u00e9, vous disposerez d'environ 3,5 heures pour vous pr\u00e9lasser au soleil, vous promener sur les rivages de sable doux ou pratiquer des activit\u00e9s nautiques telles que la plong\u00e9e avec masque et tuba dans les r\u00e9cifs coralliens aux couleurs \u00e9clatantes. L'atmosph\u00e8re est parfaite pour s'impr\u00e9gner du charme tropical et de l'ambiance d\u00e9contract\u00e9e de l'\u00eele.<\/p>\n<p>\u00c0 14 h 35, il est temps de commencer le voyage de retour. Vous monterez \u00e0 bord d'un catamaran anim\u00e9 pour le retour \u00e0 Bayahibe, o\u00f9 l'ambiance se transforme en une joyeuse c\u00e9l\u00e9bration. Vous danserez au son d'une musique entra\u00eenante et vous vous m\u00ealerez aux autres voyageurs, ce qui fera de ce voyage de retour d'une heure et demie une exp\u00e9rience exaltante.<\/p>\n<p>Apr\u00e8s une journ\u00e9e remplie de plaisirs ensoleill\u00e9s et de moments m\u00e9morables, vous serez ramen\u00e9 \u00e0 votre h\u00e9bergement, emportant avec vous les souvenirs d'une journ\u00e9e magnifique sur l'\u00eele de Saona.<\/p>","protected":false},"excerpt":{"rendered":"<p>Explorez la merveilleuse \u00eele de Saona. D\u00e9couvrez les pittoresques piscines naturelles et les plages de sable blanc des Cara\u00efbes avant de c\u00e9l\u00e9brer votre retour en faisant la f\u00eate sur un catamaran.<\/p>","protected":false},"featured_media":10202,"template":"","meta":[],"product_brand":[],"product_cat":[97,98],"product_tag":[99,100],"class_list":{"0":"post-10167","1":"product","2":"type-product","3":"status-publish","4":"has-post-thumbnail","6":"product_cat-dominican-republic","7":"product_cat-saona-island","8":"product_tag-isla-saona","9":"product_tag-saona-island","11":"first","12":"instock","13":"sale","14":"shipping-taxable","15":"product-type-external"},"_links":{"self":[{"href":"https:\/\/whalewatching.placessites.com\/fr\/wp-json\/wp\/v2\/product\/10167","targetHints":{"allow":["GET"]}}],"collection":[{"href":"https:\/\/whalewatching.placessites.com\/fr\/wp-json\/wp\/v2\/product"}],"about":[{"href":"https:\/\/whalewatching.placessites.com\/fr\/wp-json\/wp\/v2\/types\/product"}],"version-history":[{"count":0,"href":"https:\/\/whalewatching.placessites.com\/fr\/wp-json\/wp\/v2\/product\/10167\/revisions"}],"wp:featuredmedia":[{"embeddable":true,"href":"https:\/\/whalewatching.placessites.com\/fr\/wp-json\/wp\/v2\/media\/10202"}],"wp:attachment":[{"href":"https:\/\/whalewatching.placessites.com\/fr\/wp-json\/wp\/v2\/media?parent=10167"}],"wp:term":[{"taxonomy":"product_brand","embeddable":true,"href":"https:\/\/whalewatching.placessites.com\/fr\/wp-json\/wp\/v2\/product_brand?post=10167"},{"taxonomy":"product_cat","embeddable":true,"href":"https:\/\/whalewatching.placessites.com\/fr\/wp-json\/wp\/v2\/product_cat?post=10167"},{"taxonomy":"product_tag","embeddable":true,"href":"https:\/\/whalewatching.placessites.com\/fr\/wp-json\/wp\/v2\/product_tag?post=10167"}],"curies":[{"name":"wp","href":"https:\/\/api.w.org\/{rel}","templated":true}]}}