{"id":10180,"date":"2025-12-18T09:26:35","date_gmt":"2025-12-18T09:26:35","guid":{"rendered":"https:\/\/whalewatching.placessites.com\/?post_type=product&#038;p=10180"},"modified":"2025-12-18T09:34:11","modified_gmt":"2025-12-18T09:34:11","slug":"nage-et-rencontres-avec-les-dauphins-a-punta-cana","status":"publish","type":"product","link":"https:\/\/whalewatching.placessites.com\/fr\/tournee\/nage-et-rencontres-avec-les-dauphins-a-punta-cana\/","title":{"rendered":"Punta Cana : D\u00e9couverte des dauphins : baignades et rencontres"},"content":{"rendered":"<p><strong>Punta Cana : D\u00e9couverte des dauphins : baignades et rencontres<\/strong><\/p>\n<p>Profitez de l'exp\u00e9rience unique de nager avec les dauphins \u00e0 Punta Cana. Dans cette exp\u00e9rience immersive, vous jouerez avec les dauphins qui vous prendront dans leurs bras et vous feront des c\u00e2lins, et vous pourrez admirer leurs acrobaties a\u00e9riennes.<\/p>\n<p>Choisissez l'un des trois programmes de nage avec les dauphins. Chaque programme comprend diverses activit\u00e9s avec les dauphins, notamment des poign\u00e9es de main et des c\u00e2lins.<\/p>\n<p>Le week-end, vous aurez \u00e9galement acc\u00e8s \u00e0 la Isla del Pirata. Vous pourrez vous amuser sur l'\u00e9tonnante \u00eele des pirates, qui comprend des tunnels et des toboggans aquatiques, des piscines pour adultes et pour enfants, et un jacuzzi. Vous aurez \u00e9galement acc\u00e8s \u00e0 des chaises longues, des douches, des salles de bains et des vestiaires.<\/p>\n<p><strong>Rencontre avec les dauphins - D\u00e9butant<\/strong><\/p>\n<p>Cette option est id\u00e9ale pour tous les \u00e2ges. La baignade est facultative, car vous pouvez vous tenir sur une plate-forme et regarder les dauphins venir \u00e0 vous. Vous pouvez serrer la main des dauphins, leur faire une accolade et assister \u00e0 leurs incroyables acrobaties a\u00e9riennes. Vous pouvez \u00e9galement choisir de caresser les dauphins et de nager avec eux.<\/p>\n<p><strong>Aventure de nage avec les dauphins - Interm\u00e9diaire<\/strong><\/p>\n<p>Cette option comprend la balade ventrale, o\u00f9 vous vous accrochez aux nageoires du dauphin pendant qu'il roule \u00e0 reculons sur l'eau. Cette option comprend \u00e9galement le \"Boogie Push\", o\u00f9 le dauphin vous pousse sur la surface de l'eau pendant que vous chevauchez une planche de boogie. Vous recevrez \u00e9galement une poign\u00e9e de main amicale du dauphin et une accolade.<\/p>\n<p><strong>Royal Swim - Avanc\u00e9<\/strong><\/p>\n<p>Cette activit\u00e9, la plus dynamique du centre, comprend des \u00e9l\u00e9ments sp\u00e9ciaux tels que la pouss\u00e9e des pieds, o\u00f9 deux dauphins vous soul\u00e8vent hors de l'eau pour vous faire planer. Essayez le remorquage dorsal, o\u00f9 deux dauphins vous tirent sur l'eau en vous tenant par les nageoires.<\/p>","protected":false},"excerpt":{"rendered":"<div data-track=\"overview\" data-v-56a1a938=\"\">\n<section id=\"activity-overview\" class=\"activity-overview\" data-component=\"overview\" data-v-56a1a938=\"\" data-v-f3236c42=\"\">\n<p class=\"activity-overview__content\" data-test-id=\"activity-overview-content\" data-v-f3236c42=\"\">Faites un plongeon avec les dauphins gr\u00e2ce \u00e0 l'un des trois programmes propos\u00e9s. Nagez et jouez avec les animaux, observez leurs acrobaties a\u00e9riennes et recevez une \u00e9treinte et une poign\u00e9e de main de la part d'un dauphin. Vous pouvez \u00e9galement jouer \u00e0 divers jeux avec les dauphins.<\/p>\n<\/section>\n<\/div>\n<div data-track=\"key-details\" data-v-56a1a938=\"\"><\/div>","protected":false},"featured_media":10377,"template":"","meta":[],"product_brand":[],"product_cat":[97],"product_tag":[101,102],"class_list":{"0":"post-10180","1":"product","2":"type-product","3":"status-publish","4":"has-post-thumbnail","6":"product_cat-dominican-republic","7":"product_tag-excursion","8":"product_tag-tour","10":"first","11":"instock","12":"sale","13":"shipping-taxable","14":"product-type-external"},"_links":{"self":[{"href":"https:\/\/whalewatching.placessites.com\/fr\/wp-json\/wp\/v2\/product\/10180","targetHints":{"allow":["GET"]}}],"collection":[{"href":"https:\/\/whalewatching.placessites.com\/fr\/wp-json\/wp\/v2\/product"}],"about":[{"href":"https:\/\/whalewatching.placessites.com\/fr\/wp-json\/wp\/v2\/types\/product"}],"version-history":[{"count":0,"href":"https:\/\/whalewatching.placessites.com\/fr\/wp-json\/wp\/v2\/product\/10180\/revisions"}],"wp:featuredmedia":[{"embeddable":true,"href":"https:\/\/whalewatching.placessites.com\/fr\/wp-json\/wp\/v2\/media\/10377"}],"wp:attachment":[{"href":"https:\/\/whalewatching.placessites.com\/fr\/wp-json\/wp\/v2\/media?parent=10180"}],"wp:term":[{"taxonomy":"product_brand","embeddable":true,"href":"https:\/\/whalewatching.placessites.com\/fr\/wp-json\/wp\/v2\/product_brand?post=10180"},{"taxonomy":"product_cat","embeddable":true,"href":"https:\/\/whalewatching.placessites.com\/fr\/wp-json\/wp\/v2\/product_cat?post=10180"},{"taxonomy":"product_tag","embeddable":true,"href":"https:\/\/whalewatching.placessites.com\/fr\/wp-json\/wp\/v2\/product_tag?post=10180"}],"curies":[{"name":"wp","href":"https:\/\/api.w.org\/{rel}","templated":true}]}}