{"id":10190,"date":"2025-12-18T09:26:35","date_gmt":"2025-12-18T09:26:35","guid":{"rendered":"https:\/\/whalewatching.placessites.com\/?post_type=product&#038;p=10190"},"modified":"2025-12-18T09:39:01","modified_gmt":"2025-12-18T09:39:01","slug":"3in1-los-haitises-n-p-yanigua-waterfall-montana-redonda","status":"publish","type":"product","link":"https:\/\/whalewatching.placessites.com\/fr\/tournee\/3in1-los-haitises-n-p-yanigua-waterfall-montana-redonda\/","title":{"rendered":"3en1 : P.N. Los Haitises + cascade de Yanigua + Monta\u00f1a Redonda"},"content":{"rendered":"<div class=\"wpb-content-wrapper\"><div class=\"vc_row wpb_row st bg-holder\"><div class='container'><div class='row'>\n\t<div class=\"wpb_column column_container col-md-12\"><div class=\"vc_column-inner wpb_wrapper\">\n\t\t\t\n\t<div class=\"wpb_text_column wpb_content_element\" >\n\t\t<div class=\"wpb_wrapper\">\n\t\t\t<p><strong>3en1 : P.N. Los Haitises + cascade de Yanigua + Monta\u00f1a Redonda<\/strong><\/p>\n<p>Vous \u00eates sur le point de faire l'exp\u00e9rience d'un v\u00e9ritable circuit \u00e9cologique pour d\u00e9couvrir la campagne et les jungles de la R\u00e9publique dominicaine, vous apprendrez l'histoire et la culture dominicaines, le parc national de Los Haitises o\u00f9 vous pourrez marcher dans les for\u00eats tropicales qui ont servi de lieu de tournage au film Jurassic Park.<\/p>\n<p>Vous verrez les incroyables rochers qui d\u00e9passent de l'eau jusqu'\u00e0 30 m\u00e8tres de hauteur. Les centaines d'esp\u00e8ces d'oiseaux en voie de disparition en vol au-dessus du vaste paysage du parc et de ses majestueuses mangroves.<\/p>\n<p>Vous traverserez la Monta\u00f1a Redonda \u00e0 bord d'un Safari Truck jusqu'\u00e0 ce que vous atteigniez son sommet, profitant de ses vues panoramiques majestueuses sur la c\u00f4te nord-est de l'\u00eele (baie de Saman\u00e1) \u00e0 305 m\u00e8tres d'altitude.<\/p>\n<p>Vous d\u00e9couvrirez des dizaines de plantations, notamment de cacao et de caf\u00e9.<\/p>\n<p>Vous ferez l'exp\u00e9rience d'un spectacle de cacao dans lequel nous vous montrerons, \u00e9tape par \u00e9tape, comment le cacao est r\u00e9colt\u00e9 jusqu'\u00e0 ce qu'il soit transform\u00e9 en chocolat cr\u00e9ant le Nutella dominicain, et vous boirez du chocolat chaud que vous pourrez d\u00e9guster gratuitement accompagn\u00e9 d'un d\u00e9licieux pain \u00e0 la noix de coco de la maison.<\/p>\n<p>Vous nagerez sous une cascade isol\u00e9e et vierge \u00e0 Yanigua et ferez connaissance avec la zone d'ambre bleue unique au monde. La cabane de Tarzan (une maison au sommet d'un arbre \u00e0 35 m\u00e8tres de hauteur).<\/p>\n<p>Vous recevrez \u00e9galement des soins \u00e0 base d'argile naturelle provenant de la rivi\u00e8re, sans frais suppl\u00e9mentaires.<\/p>\n<p>L'heure du d\u00e9jeuner : Vous go\u00fbterez la meilleure cuisine dominicaine qui soit, un buffet \u00e0 volont\u00e9 et un bar ouvert sans alcool au bord de la cascade.<\/p>\n<p>Une journ\u00e9e riche en exp\u00e9riences m\u00e9morables vous attend !<\/p>\n<div id=\"gtx-trans\" style=\"position: absolute; left: 283px; top: 48px;\">\n<div class=\"gtx-trans-icon\"><\/div>\n<\/div>\n<div id=\"gtx-trans\" style=\"position: absolute; left: 283px; top: 48px;\">\n<div class=\"gtx-trans-icon\"><\/div>\n<\/div>\n\n\t\t<\/div>\n\t<\/div>\n<div class=\"vc_empty_space\"   style=\"height: 32px\"><span class=\"vc_empty_space_inner\"><\/span><\/div>\n\t<div class=\"wpb_text_column wpb_content_element\" >\n\t\t<div class=\"wpb_wrapper\">\n\t\t\t<h2 class=\"collection-header_title\" data-test-id=\"collection-title\" data-v-9c8cb860=\"\">En fonction de votre recherche dans Los Haitises :<\/h2>\n\n\t\t<\/div>\n\t<\/div>\n<div class=\"vc_empty_space\"   style=\"height: 32px\"><span class=\"vc_empty_space_inner\"><\/span><\/div><div class=\"woocommerce columns-4\"><ul class=\"products columns-4\">\n<li class=\"product type-product post-15730 status-publish first instock product_cat-dominican-republic product_tag-excursion product_tag-tour has-post-thumbnail shipping-taxable product-type-external\">\r\n\t<a href=\"https:\/\/whalewatching.placessites.com\/fr\/tournee\/-343\/\" class=\"woocommerce-LoopProduct-link woocommerce-loop-product__link\"><img fetchpriority=\"high\" decoding=\"async\" width=\"300\" height=\"300\" src=\"https:\/\/whalewatching.placessites.com\/wp-content\/uploads\/2025\/12\/99-24-300x300.png\" class=\"attachment-woocommerce_thumbnail size-woocommerce_thumbnail\" alt=\"Excursion en bateau aux piscines naturelles de Cano Hondo et Los Haitises\" srcset=\"https:\/\/whalewatching.placessites.com\/wp-content\/uploads\/2025\/12\/99-24-300x300.png 300w, https:\/\/whalewatching.placessites.com\/wp-content\/uploads\/2025\/12\/99-24-1536x1536.png 1536w, https:\/\/whalewatching.placessites.com\/wp-content\/uploads\/2025\/12\/99-24-2048x2048.png 2048w, https:\/\/whalewatching.placessites.com\/wp-content\/uploads\/2025\/12\/99-24-100x100.png 100w\" sizes=\"(max-width: 300px) 100vw, 300px\" \/><h2 class=\"woocommerce-loop-product__title\">Excursion en bateau aux piscines naturelles de Cano Hondo et Los Haitises<\/h2>\n\t<span class=\"price\"><span class=\"woocs_price_code\" data-currency=\"\" data-redraw-id=\"69e0a0672a46b\"  data-product-id=\"15730\"><span class=\"woocommerce-Price-amount amount\"><bdi>67.00<span class=\"woocommerce-Price-currencySymbol\">&#36;<\/span><\/bdi><\/span><\/span><\/span>\n<\/a><a href=\"https:\/\/gyg.me\/5mBIbAYw\" aria-describedby=\"woocommerce_loop_add_to_cart_link_describedby_15730\" data-quantity=\"1\" class=\"button product_type_external\" data-product_id=\"15730\" data-product_sku=\"\" aria-label=\"V\u00e9rifier la disponibilit\u00e9\" rel=\"nofollow noopener\" target=\"_blank\">V\u00e9rifier la disponibilit\u00e9<\/a>\t<span id=\"woocommerce_loop_add_to_cart_link_describedby_15730\" class=\"screen-reader-text\">\n\t\t\t<\/span>\n<\/li>\r\n<li class=\"product type-product post-17357 status-publish instock product_cat-dominican-republic product_tag-excursion product_tag-tour has-post-thumbnail shipping-taxable product-type-external\">\r\n\t<a href=\"https:\/\/whalewatching.placessites.com\/fr\/tournee\/santo-domingo-los-haitises-cayo-levantado-island-2\/\" class=\"woocommerce-LoopProduct-link woocommerce-loop-product__link\"><img decoding=\"async\" width=\"300\" height=\"300\" src=\"https:\/\/whalewatching.placessites.com\/wp-content\/uploads\/2025\/12\/99-216-300x300.jpg\" class=\"attachment-woocommerce_thumbnail size-woocommerce_thumbnail\" alt=\"Saint-Domingue : Los Haitises et l&#039;\u00eele de Cayo Levantado\" srcset=\"https:\/\/whalewatching.placessites.com\/wp-content\/uploads\/2025\/12\/99-216-300x300.jpg 300w, https:\/\/whalewatching.placessites.com\/wp-content\/uploads\/2025\/12\/99-216-1536x1536.jpg 1536w, https:\/\/whalewatching.placessites.com\/wp-content\/uploads\/2025\/12\/99-216-2048x2048.jpg 2048w, https:\/\/whalewatching.placessites.com\/wp-content\/uploads\/2025\/12\/99-216-100x100.jpg 100w\" sizes=\"(max-width: 300px) 100vw, 300px\" \/><h2 class=\"woocommerce-loop-product__title\">Saint-Domingue : Los Haitises et l'\u00eele de Cayo Levantado<\/h2>\n\t<span class=\"price\"><span class=\"woocs_price_code\" data-currency=\"\" data-redraw-id=\"69e0a0672ad6b\"  data-product-id=\"17357\"><span class=\"woocommerce-Price-amount amount\"><bdi>175.00<span class=\"woocommerce-Price-currencySymbol\">&#36;<\/span><\/bdi><\/span><\/span><\/span>\n<\/a><a href=\"https:\/\/gyg.me\/5N7byd00\" aria-describedby=\"woocommerce_loop_add_to_cart_link_describedby_17357\" data-quantity=\"1\" class=\"button product_type_external\" data-product_id=\"17357\" data-product_sku=\"\" aria-label=\"V\u00e9rifier la disponibilit\u00e9\" rel=\"nofollow noopener\" target=\"_blank\">V\u00e9rifier la disponibilit\u00e9<\/a>\t<span id=\"woocommerce_loop_add_to_cart_link_describedby_17357\" class=\"screen-reader-text\">\n\t\t\t<\/span>\n<\/li>\r\n<\/ul>\n<\/div><\/div>\n\t<\/div> \n<\/div><!--End .row--><\/div><!--End .container--><\/div>\n<\/div>","protected":false},"excerpt":{"rendered":"<div data-track=\"overview\" data-v-83a2b402=\"\">\n<section id=\"activity-overview\" class=\"activity-overview\" data-component=\"overview\" data-v-83a2b402=\"\" data-v-f3236c42=\"\">\n<p class=\"activity-overview__content\" data-test-id=\"activity-overview-content\" data-v-f3236c42=\"\">Faites l'exp\u00e9rience d'une excursion d'une journ\u00e9e compl\u00e8te, tout compris, plong\u00e9e dans la v\u00e9ritable culture dominicaine, \u00e0 la d\u00e9couverte de la faune et de la flore du pays. D\u00e9couvrez les mangroves, l'ambre bleu, les grottes, les jungles, les for\u00eats tropicales, les chutes d'eau et bien plus encore...<\/p>\n<\/section>\n<\/div>\n<div data-track=\"key-details\" data-v-83a2b402=\"\"><\/div>","protected":false},"featured_media":10506,"template":"","meta":[],"product_brand":[],"product_cat":[97],"product_tag":[101,102],"class_list":{"0":"post-10190","1":"product","2":"type-product","3":"status-publish","4":"has-post-thumbnail","6":"product_cat-dominican-republic","7":"product_tag-excursion","8":"product_tag-tour","10":"first","11":"instock","12":"sale","13":"shipping-taxable","14":"product-type-external"},"_links":{"self":[{"href":"https:\/\/whalewatching.placessites.com\/fr\/wp-json\/wp\/v2\/product\/10190","targetHints":{"allow":["GET"]}}],"collection":[{"href":"https:\/\/whalewatching.placessites.com\/fr\/wp-json\/wp\/v2\/product"}],"about":[{"href":"https:\/\/whalewatching.placessites.com\/fr\/wp-json\/wp\/v2\/types\/product"}],"version-history":[{"count":0,"href":"https:\/\/whalewatching.placessites.com\/fr\/wp-json\/wp\/v2\/product\/10190\/revisions"}],"wp:featuredmedia":[{"embeddable":true,"href":"https:\/\/whalewatching.placessites.com\/fr\/wp-json\/wp\/v2\/media\/10506"}],"wp:attachment":[{"href":"https:\/\/whalewatching.placessites.com\/fr\/wp-json\/wp\/v2\/media?parent=10190"}],"wp:term":[{"taxonomy":"product_brand","embeddable":true,"href":"https:\/\/whalewatching.placessites.com\/fr\/wp-json\/wp\/v2\/product_brand?post=10190"},{"taxonomy":"product_cat","embeddable":true,"href":"https:\/\/whalewatching.placessites.com\/fr\/wp-json\/wp\/v2\/product_cat?post=10190"},{"taxonomy":"product_tag","embeddable":true,"href":"https:\/\/whalewatching.placessites.com\/fr\/wp-json\/wp\/v2\/product_tag?post=10190"}],"curies":[{"name":"wp","href":"https:\/\/api.w.org\/{rel}","templated":true}]}}