{"id":10416,"date":"2025-12-18T09:34:02","date_gmt":"2025-12-18T09:34:02","guid":{"rendered":"https:\/\/whalewatching.placessites.com\/?post_type=product&#038;p=10416"},"modified":"2025-12-19T10:17:52","modified_gmt":"2025-12-19T10:17:52","slug":"-16","status":"publish","type":"product","link":"https:\/\/whalewatching.placessites.com\/fr\/tournee\/-16\/","title":{"rendered":"Excursion en catamaran sur l'\u00eele de Saona : D\u00e9jeuner et Open Bar"},"content":{"rendered":"<h2>Excursion en catamaran sur l'\u00eele de Saona : D\u00e9jeuner et Open Bar<\/h2>\n<p>Entrez dans le paradis de l'\u00eele de Saona, o\u00f9 les paysages luxuriants et les eaux scintillantes cr\u00e9ent une escapade inoubliable dans les Cara\u00efbes. Une excursion en catamaran ou en bateau rapide vers cette magnifique destination figure parmi les meilleures excursions en R\u00e9publique dominicaine, et ce pour de bonnes raisons. Imaginez le sable dor\u00e9 qui s'\u00e9tend \u00e0 l'infini, les eaux turquoise cristallines et les cocotiers qui se balancent, encadrant votre journ\u00e9e parfaite au soleil, agr\u00e9ment\u00e9e d'un d\u00e9licieux rhum dominicain. Cette excursion vous permet de vous immerger totalement dans la beaut\u00e9 de la nature tout en savourant un d\u00e9licieux d\u00e9jeuner barbecue.<\/p>\n<p>Itin\u00e9raire :<br \/>\n- 9H00-10H00 : Notre aventure commence au d\u00e9part de la charmante ville de Bayahibe. Alors que nous glissons sur la mer scintillante \u00e0 bord d'un catamaran spacieux, pr\u00e9parez-vous \u00e0 vivre une exp\u00e9rience exaltante au son de la musique, de divertissements anim\u00e9s et d'une vari\u00e9t\u00e9 de boissons pour maintenir l'ambiance festive.<\/p>\n<p>- Notre premi\u00e8re \u00e9tape enchanteresse est Palmilla, une piscine naturelle \u00e0 couper le souffle o\u00f9 vous pouvez nager dans des eaux calmes et chaudes et rencontrer de d\u00e9licates \u00e9toiles de mer au bout de vos doigts, ce qui constitue une exp\u00e9rience sous-marine vraiment unique.<\/p>\n<p>- Poursuivant notre voyage, nous nous approcherons de notre plage exclusive sur Isla Saona, un joyau cach\u00e9 qui promet de vous captiver. En seulement 30 \u00e0 45 minutes, vous arriverez \u00e0 l'une des destinations les plus pittoresques des Cara\u00efbes, o\u00f9 chaque regard r\u00e9v\u00e8le des vues dignes d'une carte postale.<\/p>\n<p>- Pendant votre s\u00e9jour sur la plage, profitez de notre bar ouvert qui propose de l'eau rafra\u00eechissante, des sodas p\u00e9tillants, des jus fra\u00eechement press\u00e9s et du rhum dominicain onctueux, pour que votre soif soit toujours \u00e9tanch\u00e9e.<\/p>\n<p>- De 13h00 \u00e0 14h00, savourez un buffet international exquis avec la mer turquoise en toile de fond. Profitez de la brise l\u00e9g\u00e8re en d\u00eenant \u00e0 l'ombre des palmiers, tandis que le bruit des vagues s'\u00e9crasant sur le rivage cr\u00e9e une bande sonore apaisante pour votre repas.<\/p>\n<p>- Vers 15h00 : Alors que la journ\u00e9e s'ach\u00e8ve, nous entamons un voyage de retour serein vers Bayahibe, en nous rem\u00e9morant les moments magiques v\u00e9cus, avant de revenir \u00e0 notre point de d\u00e9part vers 17 heures.<\/p>\n<p>Rejoignez-nous pour une journ\u00e9e remplie de beaut\u00e9, de d\u00e9tente et de souvenirs inoubliables !<\/p>","protected":false},"excerpt":{"rendered":"<div data-track=\"overview\" data-v-56a1a938=\"\">\n<section id=\"activity-overview\" class=\"activity-overview\" data-component=\"overview\" data-v-56a1a938=\"\" data-v-f3236c42=\"\">\n<p class=\"activity-overview__content\" data-test-id=\"activity-overview-content\" data-v-f3236c42=\"\">Saona Profitez de l'excursion num\u00e9ro 1 des Cara\u00efbes L'\u00eele de Saona, une aventure unique qui ne fait aucun doute et si vous aimez l'aventure, cette excursion d'une journ\u00e9e compl\u00e8te est faite pour vous La personne en provenance de Cap Cana paie un suppl\u00e9ment de 10 euros.<\/p>\n<\/section>\n<\/div>\n<div data-track=\"key-details\" data-v-56a1a938=\"\"><\/div>","protected":false},"featured_media":10359,"template":"","meta":[],"product_brand":[],"product_cat":[97,98],"product_tag":[101,102],"class_list":{"0":"post-10416","1":"product","2":"type-product","3":"status-publish","4":"has-post-thumbnail","6":"product_cat-dominican-republic","7":"product_cat-saona-island","8":"product_tag-excursion","9":"product_tag-tour","11":"first","12":"instock","13":"sale","14":"shipping-taxable","15":"product-type-external"},"_links":{"self":[{"href":"https:\/\/whalewatching.placessites.com\/fr\/wp-json\/wp\/v2\/product\/10416","targetHints":{"allow":["GET"]}}],"collection":[{"href":"https:\/\/whalewatching.placessites.com\/fr\/wp-json\/wp\/v2\/product"}],"about":[{"href":"https:\/\/whalewatching.placessites.com\/fr\/wp-json\/wp\/v2\/types\/product"}],"version-history":[{"count":0,"href":"https:\/\/whalewatching.placessites.com\/fr\/wp-json\/wp\/v2\/product\/10416\/revisions"}],"wp:featuredmedia":[{"embeddable":true,"href":"https:\/\/whalewatching.placessites.com\/fr\/wp-json\/wp\/v2\/media\/10359"}],"wp:attachment":[{"href":"https:\/\/whalewatching.placessites.com\/fr\/wp-json\/wp\/v2\/media?parent=10416"}],"wp:term":[{"taxonomy":"product_brand","embeddable":true,"href":"https:\/\/whalewatching.placessites.com\/fr\/wp-json\/wp\/v2\/product_brand?post=10416"},{"taxonomy":"product_cat","embeddable":true,"href":"https:\/\/whalewatching.placessites.com\/fr\/wp-json\/wp\/v2\/product_cat?post=10416"},{"taxonomy":"product_tag","embeddable":true,"href":"https:\/\/whalewatching.placessites.com\/fr\/wp-json\/wp\/v2\/product_tag?post=10416"}],"curies":[{"name":"wp","href":"https:\/\/api.w.org\/{rel}","templated":true}]}}