{"id":10469,"date":"2025-12-18T09:36:06","date_gmt":"2025-12-18T09:36:06","guid":{"rendered":"https:\/\/whalewatching.placessites.com\/?post_type=product&#038;p=10469"},"modified":"2025-12-19T10:17:52","modified_gmt":"2025-12-19T10:17:52","slug":"transferts-prives-de-laeroport-de-punta-cana-aux-hotels-3","status":"publish","type":"product","link":"https:\/\/whalewatching.placessites.com\/fr\/tournee\/transferts-prives-de-laeroport-de-punta-cana-aux-hotels-3\/","title":{"rendered":"Transferts priv\u00e9s de l'a\u00e9roport de Punta Cana aux h\u00f4tels"},"content":{"rendered":"<p><strong>Transferts priv\u00e9s de l'a\u00e9roport de Punta Cana aux h\u00f4tels<\/strong><\/p>\n<p>\u00c0 votre descente d'avion \u00e0 Punta Cana, vous sentirez imm\u00e9diatement la chaleur du soleil des Cara\u00efbes vous envelopper. Apr\u00e8s avoir r\u00e9cup\u00e9r\u00e9 vos bagages, vous vous dirigerez vers la zone des arriv\u00e9es, o\u00f9 votre chauffeur vous attendra avec impatience, tenant une pancarte \u00e0 votre nom.<\/p>\n<p>Avec un sourire amical, ils vous accueilleront et vous escorteront jusqu'\u00e0 votre v\u00e9hicule priv\u00e9, id\u00e9alement gar\u00e9 juste \u00e0 l'ext\u00e9rieur du terminal. En vous installant dans les si\u00e8ges confortables, vous appr\u00e9cierez la fra\u00eecheur apport\u00e9e par le syst\u00e8me de contr\u00f4le de la temp\u00e9rature du v\u00e9hicule. Si vous l'avez demand\u00e9 \u00e0 l'avance, un si\u00e8ge b\u00e9b\u00e9 sera d\u00e9j\u00e0 en place pour la s\u00e9curit\u00e9 et le confort de votre enfant.<\/p>\n<p>Une fois votre groupe rassembl\u00e9, le chauffeur naviguera habilement dans le trafic anim\u00e9 de l'a\u00e9roport et vous emm\u00e8nera loin du terminal, sur les routes ouvertes de Punta Cana. En chemin, vous apercevrez le paysage tropical luxuriant qui caract\u00e9rise cette magnifique destination, avec ses palmiers qui se balancent et ses eaux turquoise qui pars\u00e8ment le paysage.<\/p>\n<p>Pendant que vous vous dirigez vers votre h\u00f4tel, votre chauffeur vous racontera des anecdotes int\u00e9ressantes sur Punta Cana et vous donnera des conseils d'initi\u00e9s et des recommandations pour profiter au maximum de votre s\u00e9jour. N'h\u00e9sitez pas \u00e0 poser des questions ou \u00e0 vous asseoir et \u00e0 profiter du trajet, sachant que vous \u00eates entre de bonnes mains.<\/p>\n<p>Une fois le transfert termin\u00e9, vous descendrez du v\u00e9hicule et entrerez dans le cadre accueillant de votre h\u00f4tel, pr\u00eat \u00e0 commencer votre aventure \u00e0 Punta Cana. Du d\u00e9but \u00e0 la fin, votre transfert a\u00e9roportuaire sera fluide, confortable et sans stress, donnant le ton parfait \u00e0 votre escapade dans les Cara\u00efbes.<\/p>","protected":false},"excerpt":{"rendered":"<div data-track=\"overview\" data-v-56a1a938=\"\">\n<section id=\"activity-overview\" class=\"activity-overview\" data-component=\"overview\" data-v-56a1a938=\"\" data-v-f3236c42=\"\">\n<p class=\"activity-overview__content\" data-test-id=\"activity-overview-content\" data-v-f3236c42=\"\">Faites l'exp\u00e9rience de transferts a\u00e9roportuaires en douceur \u00e0 Punta Cana gr\u00e2ce \u00e0 nos v\u00e9hicules priv\u00e9s. Oubliez les tracas de la cohabitation avec des inconnus et profitez d'un trajet sans stress jusqu'\u00e0 votre h\u00f4tel.<\/p>\n<\/section>\n<\/div>\n<div data-track=\"key-details\" data-v-56a1a938=\"\"><\/div>","protected":false},"featured_media":10382,"template":"","meta":[],"product_brand":[],"product_cat":[97],"product_tag":[101,102],"class_list":{"0":"post-10469","1":"product","2":"type-product","3":"status-publish","4":"has-post-thumbnail","6":"product_cat-dominican-republic","7":"product_tag-excursion","8":"product_tag-tour","10":"first","11":"instock","12":"sale","13":"shipping-taxable","14":"product-type-external"},"_links":{"self":[{"href":"https:\/\/whalewatching.placessites.com\/fr\/wp-json\/wp\/v2\/product\/10469","targetHints":{"allow":["GET"]}}],"collection":[{"href":"https:\/\/whalewatching.placessites.com\/fr\/wp-json\/wp\/v2\/product"}],"about":[{"href":"https:\/\/whalewatching.placessites.com\/fr\/wp-json\/wp\/v2\/types\/product"}],"version-history":[{"count":0,"href":"https:\/\/whalewatching.placessites.com\/fr\/wp-json\/wp\/v2\/product\/10469\/revisions"}],"wp:featuredmedia":[{"embeddable":true,"href":"https:\/\/whalewatching.placessites.com\/fr\/wp-json\/wp\/v2\/media\/10382"}],"wp:attachment":[{"href":"https:\/\/whalewatching.placessites.com\/fr\/wp-json\/wp\/v2\/media?parent=10469"}],"wp:term":[{"taxonomy":"product_brand","embeddable":true,"href":"https:\/\/whalewatching.placessites.com\/fr\/wp-json\/wp\/v2\/product_brand?post=10469"},{"taxonomy":"product_cat","embeddable":true,"href":"https:\/\/whalewatching.placessites.com\/fr\/wp-json\/wp\/v2\/product_cat?post=10469"},{"taxonomy":"product_tag","embeddable":true,"href":"https:\/\/whalewatching.placessites.com\/fr\/wp-json\/wp\/v2\/product_tag?post=10469"}],"curies":[{"name":"wp","href":"https:\/\/api.w.org\/{rel}","templated":true}]}}