{"id":10893,"date":"2025-12-18T09:51:27","date_gmt":"2025-12-18T09:51:27","guid":{"rendered":"https:\/\/whalewatching.placessites.com\/?post_type=product&#038;p=10893"},"modified":"2025-12-18T10:03:59","modified_gmt":"2025-12-18T10:03:59","slug":"los-haitises-randonnee-nocturne-dans-la-foret-tropicale","status":"publish","type":"product","link":"https:\/\/whalewatching.placessites.com\/fr\/tournee\/los-haitises-randonnee-nocturne-dans-la-foret-tropicale\/","title":{"rendered":"Randonn\u00e9e nocturne dans la for\u00eat tropicale de Los Haitises"},"content":{"rendered":"<h1 class=\"product_title entry-title\"><span style=\"font-size: 12pt;\">Randonn\u00e9e nocturne dans la for\u00eat tropicale de Los Haitises<\/span><\/h1>\n<p>Randonn\u00e9e nocturne dans le parc national de Los Haitises<\/p>\n<p>Aventurez-vous dans la for\u00eat tropicale du parc national de Los Haitises et d\u00e9couvrez les merveilles de la nature \u00e0 la tomb\u00e9e de la nuit.<\/p>\n<p>Sous la conduite d'un guide naturaliste professionnel, vous explorerez la for\u00eat tropicale \u00e0 la nuit tomb\u00e9e, les sens en \u00e9veil et une lampe de poche \u00e0 la main. Ne manquez pas la chance de voir les cr\u00e9atures que peu de gens peuvent observer : celles qui ne prennent vie que pendant que le reste du pays dort... En d'autres termes, la nuit est le meilleur moment pour observer la faune !<\/p>\n<p>Vous serez pris en charge et emmen\u00e9 au point de d\u00e9part de la promenade nocturne. Votre guide vous conduira \u00e0 travers les sentiers de la for\u00eat tropicale tout en vous montrant et en analysant les diff\u00e9rentes plantes et animaux le long du chemin.<\/p>\n<p>S'il pleut, estimez-vous chanceux ! La pluie augmente l'activit\u00e9 animale dans la for\u00eat tropicale, ce qui accro\u00eet la probabilit\u00e9 de voir appara\u00eetre des cr\u00e9atures telles que les paresseux, les chauves-souris frugivores et la rainette aux yeux rouges.<\/p>\n<p>Une fois l'excursion termin\u00e9e, vous serez ramen\u00e9 \u00e0 votre h\u00f4tel, o\u00f9 vous pourrez vous reposer et visionner les superbes photos que vous avez prises de l'incroyable faune nocturne d'Arenal. N'oubliez pas de les partager sur Facebook et Instagram et de les taguer avec #bookingadventures.<\/p>","protected":false},"excerpt":{"rendered":"<div data-track=\"overview\" data-v-83a2b402=\"\">\n<section id=\"activity-overview\" class=\"activity-overview\" data-component=\"overview\" data-v-83a2b402=\"\" data-v-f3236c42=\"\">\n<p class=\"activity-overview__content\" data-test-id=\"activity-overview-content\" data-v-f3236c42=\"\">D\u00e9couvrez la nature originale du parc national de Los Haitises de nuit. Randonn\u00e9e et pr\u00e9sentation de la faune.<\/p>\n<\/section>\n<\/div>\n<div data-track=\"key-details\" data-v-83a2b402=\"\"><\/div>","protected":false},"featured_media":11205,"template":"","meta":[],"product_brand":[],"product_cat":[97],"product_tag":[101,102],"class_list":{"0":"post-10893","1":"product","2":"type-product","3":"status-publish","4":"has-post-thumbnail","6":"product_cat-dominican-republic","7":"product_tag-excursion","8":"product_tag-tour","10":"first","11":"instock","12":"sale","13":"shipping-taxable","14":"product-type-external"},"_links":{"self":[{"href":"https:\/\/whalewatching.placessites.com\/fr\/wp-json\/wp\/v2\/product\/10893","targetHints":{"allow":["GET"]}}],"collection":[{"href":"https:\/\/whalewatching.placessites.com\/fr\/wp-json\/wp\/v2\/product"}],"about":[{"href":"https:\/\/whalewatching.placessites.com\/fr\/wp-json\/wp\/v2\/types\/product"}],"version-history":[{"count":0,"href":"https:\/\/whalewatching.placessites.com\/fr\/wp-json\/wp\/v2\/product\/10893\/revisions"}],"wp:featuredmedia":[{"embeddable":true,"href":"https:\/\/whalewatching.placessites.com\/fr\/wp-json\/wp\/v2\/media\/11205"}],"wp:attachment":[{"href":"https:\/\/whalewatching.placessites.com\/fr\/wp-json\/wp\/v2\/media?parent=10893"}],"wp:term":[{"taxonomy":"product_brand","embeddable":true,"href":"https:\/\/whalewatching.placessites.com\/fr\/wp-json\/wp\/v2\/product_brand?post=10893"},{"taxonomy":"product_cat","embeddable":true,"href":"https:\/\/whalewatching.placessites.com\/fr\/wp-json\/wp\/v2\/product_cat?post=10893"},{"taxonomy":"product_tag","embeddable":true,"href":"https:\/\/whalewatching.placessites.com\/fr\/wp-json\/wp\/v2\/product_tag?post=10893"}],"curies":[{"name":"wp","href":"https:\/\/api.w.org\/{rel}","templated":true}]}}