{"id":11020,"date":"2025-12-18T09:56:28","date_gmt":"2025-12-18T09:56:28","guid":{"rendered":"https:\/\/whalewatching.placessites.com\/?post_type=product&#038;p=11020"},"modified":"2025-12-18T10:06:29","modified_gmt":"2025-12-18T10:06:29","slug":"excursion-dobservation-des-baleines-a-samana","status":"publish","type":"product","link":"https:\/\/whalewatching.placessites.com\/fr\/tournee\/excursion-dobservation-des-baleines-a-samana\/","title":{"rendered":"Observation des baleines \u00e0 Samana"},"content":{"rendered":"<p>Observation des baleines \u00e0 Samana<\/p>\n<div data-track=\"overview\" data-v-83a2b402=\"\">\n<section id=\"activity-overview\" class=\"activity-overview\" data-component=\"overview\" data-v-83a2b402=\"\" data-v-f3236c42=\"\">\n<p class=\"activity-overview__content\" data-test-id=\"activity-overview-content\" data-v-f3236c42=\"\">Vivez une exp\u00e9rience unique en observant les sauts de la majestueuse baleine \u00e0 bosse avec cet avertissement \u00e0 Saman\u00e1.<\/p>\n<\/section>\n<\/div>\n<p>Embarquez pour une aventure qui vous laissera bouche b\u00e9e ! Profitez de la vue imprenable sur la baie de Saman\u00e1 et assistez \u00e0 un spectacle de baleines unique en son genre. Observez ces cr\u00e9atures majestueuses dans leur habitat temporaire, \u00e9coutez le chant des m\u00e2les et \u00e9merveillez-vous devant les incroyables d\u00e9monstrations de mouvements, de remuements de queue et de battements d'ailes.<\/p>\n<p>Ensuite, direction la c\u00e9l\u00e8bre \u00eele de Cayo Levantado, un havre de paix parfait pour se d\u00e9tendre avec son sable blanc et ses eaux turquoise cristallines, ce paradis vous captivera. o\u00f9 un d\u00e9licieux d\u00e9jeuner dominicain vous attend.<\/p>\n<p>Cette exp\u00e9rience unique vous fera passer de la majest\u00e9 des baleines \u00e0 la s\u00e9r\u00e9nit\u00e9 des eaux cristallines et \u00e0 l'exub\u00e9rance de la nature en une journ\u00e9e inoubliable !<\/p>","protected":false},"excerpt":{"rendered":"<div data-track=\"overview\" data-v-83a2b402=\"\">\n<section id=\"activity-overview\" class=\"activity-overview\" data-component=\"overview\" data-v-83a2b402=\"\" data-v-f3236c42=\"\">\n<p class=\"activity-overview__content\" data-test-id=\"activity-overview-content\" data-v-f3236c42=\"\">Vivez une exp\u00e9rience unique en observant les sauts de la majestueuse baleine \u00e0 bosse avec cet avertissement \u00e0 Saman\u00e1.<\/p>\n<\/section>\n<\/div>\n<div data-track=\"key-details\" data-v-83a2b402=\"\"><\/div>","protected":false},"featured_media":11270,"template":"","meta":[],"product_brand":[],"product_cat":[97],"product_tag":[101,102],"class_list":{"0":"post-11020","1":"product","2":"type-product","3":"status-publish","4":"has-post-thumbnail","6":"product_cat-dominican-republic","7":"product_tag-excursion","8":"product_tag-tour","10":"first","11":"instock","12":"sale","13":"shipping-taxable","14":"product-type-external"},"_links":{"self":[{"href":"https:\/\/whalewatching.placessites.com\/fr\/wp-json\/wp\/v2\/product\/11020","targetHints":{"allow":["GET"]}}],"collection":[{"href":"https:\/\/whalewatching.placessites.com\/fr\/wp-json\/wp\/v2\/product"}],"about":[{"href":"https:\/\/whalewatching.placessites.com\/fr\/wp-json\/wp\/v2\/types\/product"}],"version-history":[{"count":0,"href":"https:\/\/whalewatching.placessites.com\/fr\/wp-json\/wp\/v2\/product\/11020\/revisions"}],"wp:featuredmedia":[{"embeddable":true,"href":"https:\/\/whalewatching.placessites.com\/fr\/wp-json\/wp\/v2\/media\/11270"}],"wp:attachment":[{"href":"https:\/\/whalewatching.placessites.com\/fr\/wp-json\/wp\/v2\/media?parent=11020"}],"wp:term":[{"taxonomy":"product_brand","embeddable":true,"href":"https:\/\/whalewatching.placessites.com\/fr\/wp-json\/wp\/v2\/product_brand?post=11020"},{"taxonomy":"product_cat","embeddable":true,"href":"https:\/\/whalewatching.placessites.com\/fr\/wp-json\/wp\/v2\/product_cat?post=11020"},{"taxonomy":"product_tag","embeddable":true,"href":"https:\/\/whalewatching.placessites.com\/fr\/wp-json\/wp\/v2\/product_tag?post=11020"}],"curies":[{"name":"wp","href":"https:\/\/api.w.org\/{rel}","templated":true}]}}