{"id":11249,"date":"2025-12-18T10:05:28","date_gmt":"2025-12-18T10:05:28","guid":{"rendered":"https:\/\/whalewatching.placessites.com\/?post_type=product&#038;p=11249"},"modified":"2025-12-18T10:16:25","modified_gmt":"2025-12-18T10:16:25","slug":"los-haitises-montana-redonda-tour","status":"publish","type":"product","link":"https:\/\/whalewatching.placessites.com\/fr\/tournee\/los-haitises-montana-redonda-tour\/","title":{"rendered":"Depuis Punta Cana : Excursion \u00e0 Los Haitises avec visite de la Monta\u00f1a Redonda"},"content":{"rendered":"<div class=\"wpb-content-wrapper\"><div class=\"vc_row wpb_row st bg-holder\"><div class='container'><div class='row'>\n\t<div class=\"wpb_column column_container col-md-12\"><div class=\"vc_column-inner wpb_wrapper\">\n\t\t\t\n\t<div class=\"wpb_text_column wpb_content_element\" >\n\t\t<div class=\"wpb_wrapper\">\n\t\t\t<h4 class=\"product_title entry-title\">Depuis Punta Cana : Excursion \u00e0 Los Haitises avec visite de la Monta\u00f1a Redonda<\/h4>\n<p>Nous viendrons vous chercher \u00e0 votre h\u00f4tel de Punta Cana \u00e0 partir de 6h30 et partirons pour le parc national de Los Haitises, un paysage karstique unique baign\u00e9 par les eaux de la baie de Saman\u00e1.<\/p>\n<p>\u00c0 notre arriv\u00e9e, nous monterons \u00e0 bord d'un bateau et naviguerons le long du fleuve Ca\u00f1o Hondo en direction de la baie de San Lorenzo, tout en observant les enchev\u00eatrements de mangroves rouges sur le rivage. En pleine mer, nous pourrons apercevoir des mogotes rocheux peupl\u00e9s de p\u00e9licans et de moucherolles \u00e0 queue fourchue.<\/p>\n<p>L'exp\u00e9dition se poursuit vers les grottes Arena et Linea, autrefois utilis\u00e9es par le peuple indig\u00e8ne Ta\u00edno. \u00c0 l'int\u00e9rieur, nous verrons ces grottes d\u00e9cor\u00e9es de pictogrammes et de p\u00e9troglyphes indig\u00e8nes.<\/p>\n<p>Notre prochain arr\u00eat sera l'h\u00f4tel Ca\u00f1o Hondo Paradise, o\u00f9 nous descendrons du bateau et verrons de magnifiques piscines naturelles dans l'enceinte de l'h\u00f4tel. Vous pourrez vous rafra\u00eechir dans la rivi\u00e8re Jivales avant de prendre un d\u00e9jeuner dominicain traditionnel, que nous mangerons dans cet endroit idyllique.<\/p>\n<p>Une fois l'\u00e9nergie retrouv\u00e9e, nous monterons dans une jeep pour nous rendre au sommet de la montagne Redonda, nich\u00e9e entre deux lagunes : Lim\u00f3n et Redonda. Depuis le sommet, la vue sur la jungle est digne d'un conte de f\u00e9es.<\/p>\n<p>Enfin, nous reviendrons sur le continent et retournerons \u00e0 Punta Cana, o\u00f9 nous arriverons \u00e0 votre h\u00f4tel entre 16 h 30 et 18 h 30.<\/p>\n\n\t\t<\/div>\n\t<\/div>\n<div class=\"vc_empty_space\"   style=\"height: 32px\"><span class=\"vc_empty_space_inner\"><\/span><\/div>\n\t<div class=\"wpb_text_column wpb_content_element\" >\n\t\t<div class=\"wpb_wrapper\">\n\t\t\t<h2 class=\"collection-header_title\" data-test-id=\"collection-title\" data-v-9c8cb860=\"\">Based on your search in Los Haitises<\/h2>\n\n\t\t<\/div>\n\t<\/div>\n<div class=\"vc_empty_space\"   style=\"height: 32px\"><span class=\"vc_empty_space_inner\"><\/span><\/div><div class=\"woocommerce columns-4\"><ul class=\"products columns-4\">\n<li class=\"product type-product post-15730 status-publish first instock product_cat-dominican-republic product_tag-excursion product_tag-tour has-post-thumbnail shipping-taxable product-type-external\">\r\n\t<a href=\"https:\/\/whalewatching.placessites.com\/fr\/tournee\/-343\/\" class=\"woocommerce-LoopProduct-link woocommerce-loop-product__link\"><img fetchpriority=\"high\" decoding=\"async\" width=\"300\" height=\"300\" src=\"https:\/\/whalewatching.placessites.com\/wp-content\/uploads\/2025\/12\/99-24-300x300.png\" class=\"attachment-woocommerce_thumbnail size-woocommerce_thumbnail\" alt=\"Excursion en bateau aux piscines naturelles de Cano Hondo et Los Haitises\" srcset=\"https:\/\/whalewatching.placessites.com\/wp-content\/uploads\/2025\/12\/99-24-300x300.png 300w, https:\/\/whalewatching.placessites.com\/wp-content\/uploads\/2025\/12\/99-24-1536x1536.png 1536w, https:\/\/whalewatching.placessites.com\/wp-content\/uploads\/2025\/12\/99-24-2048x2048.png 2048w, https:\/\/whalewatching.placessites.com\/wp-content\/uploads\/2025\/12\/99-24-100x100.png 100w\" sizes=\"(max-width: 300px) 100vw, 300px\" \/><h2 class=\"woocommerce-loop-product__title\">Excursion en bateau aux piscines naturelles de Cano Hondo et Los Haitises<\/h2>\n\t<span class=\"price\"><span class=\"woocs_price_code\" data-currency=\"\" data-redraw-id=\"69ea4e202205d\"  data-product-id=\"15730\"><span class=\"woocommerce-Price-amount amount\"><bdi>67.00<span class=\"woocommerce-Price-currencySymbol\">&#36;<\/span><\/bdi><\/span><\/span><\/span>\n<\/a><a href=\"https:\/\/gyg.me\/5mBIbAYw\" aria-describedby=\"woocommerce_loop_add_to_cart_link_describedby_15730\" data-quantity=\"1\" class=\"button product_type_external\" data-product_id=\"15730\" data-product_sku=\"\" aria-label=\"V\u00e9rifier la disponibilit\u00e9\" rel=\"nofollow noopener\" target=\"_blank\">V\u00e9rifier la disponibilit\u00e9<\/a>\t<span id=\"woocommerce_loop_add_to_cart_link_describedby_15730\" class=\"screen-reader-text\">\n\t\t\t<\/span>\n<\/li>\r\n<li class=\"product type-product post-16599 status-publish instock product_cat-dominican-republic product_tag-excursion product_tag-tour has-post-thumbnail shipping-taxable product-type-external\">\r\n\t<a href=\"https:\/\/whalewatching.placessites.com\/fr\/tournee\/los-haitises-grottes-mangroves-foret-tropicale-randonnee-en-bateau-2\/\" class=\"woocommerce-LoopProduct-link woocommerce-loop-product__link\"><img decoding=\"async\" width=\"300\" height=\"300\" src=\"https:\/\/whalewatching.placessites.com\/wp-content\/uploads\/2025\/12\/99-175-300x300.jpg\" class=\"attachment-woocommerce_thumbnail size-woocommerce_thumbnail\" alt=\"Los Haitises: Caves, Mangroves, &amp; Rainforest Hike\/Boat Tour\" srcset=\"https:\/\/whalewatching.placessites.com\/wp-content\/uploads\/2025\/12\/99-175-300x300.jpg 300w, https:\/\/whalewatching.placessites.com\/wp-content\/uploads\/2025\/12\/99-175-1536x1536.jpg 1536w, https:\/\/whalewatching.placessites.com\/wp-content\/uploads\/2025\/12\/99-175-2048x2048.jpg 2048w, https:\/\/whalewatching.placessites.com\/wp-content\/uploads\/2025\/12\/99-175-100x100.jpg 100w\" sizes=\"(max-width: 300px) 100vw, 300px\" \/><h2 class=\"woocommerce-loop-product__title\">Los Haitises: Caves, Mangroves, &#038; Rainforest Hike\/Boat Tour<\/h2>\n\t<span class=\"price\"><span class=\"woocs_price_code\" data-currency=\"\" data-redraw-id=\"69ea4e2022e5e\"  data-product-id=\"16599\"><span class=\"woocommerce-Price-amount amount\"><bdi>68.00<span class=\"woocommerce-Price-currencySymbol\">&#36;<\/span><\/bdi><\/span><\/span><\/span>\n<\/a><a href=\"https:\/\/gyg.me\/UM2ZOVC5\" aria-describedby=\"woocommerce_loop_add_to_cart_link_describedby_16599\" data-quantity=\"1\" class=\"button product_type_external\" data-product_id=\"16599\" data-product_sku=\"\" aria-label=\"V\u00e9rifier la disponibilit\u00e9\" rel=\"nofollow noopener\" target=\"_blank\">V\u00e9rifier la disponibilit\u00e9<\/a>\t<span id=\"woocommerce_loop_add_to_cart_link_describedby_16599\" class=\"screen-reader-text\">\n\t\t\t<\/span>\n<\/li>\r\n<li class=\"product type-product post-17357 status-publish instock product_cat-dominican-republic product_tag-excursion product_tag-tour has-post-thumbnail shipping-taxable product-type-external\">\r\n\t<a href=\"https:\/\/whalewatching.placessites.com\/fr\/tournee\/santo-domingo-los-haitises-cayo-levantado-island-2\/\" class=\"woocommerce-LoopProduct-link woocommerce-loop-product__link\"><img decoding=\"async\" width=\"300\" height=\"300\" src=\"https:\/\/whalewatching.placessites.com\/wp-content\/uploads\/2025\/12\/99-216-300x300.jpg\" class=\"attachment-woocommerce_thumbnail size-woocommerce_thumbnail\" alt=\"Saint-Domingue : Los Haitises et l&#039;\u00eele de Cayo Levantado\" srcset=\"https:\/\/whalewatching.placessites.com\/wp-content\/uploads\/2025\/12\/99-216-300x300.jpg 300w, https:\/\/whalewatching.placessites.com\/wp-content\/uploads\/2025\/12\/99-216-1536x1536.jpg 1536w, https:\/\/whalewatching.placessites.com\/wp-content\/uploads\/2025\/12\/99-216-2048x2048.jpg 2048w, https:\/\/whalewatching.placessites.com\/wp-content\/uploads\/2025\/12\/99-216-100x100.jpg 100w\" sizes=\"(max-width: 300px) 100vw, 300px\" \/><h2 class=\"woocommerce-loop-product__title\">Saint-Domingue : Los Haitises et l'\u00eele de Cayo Levantado<\/h2>\n\t<span class=\"price\"><span class=\"woocs_price_code\" data-currency=\"\" data-redraw-id=\"69ea4e2023b1d\"  data-product-id=\"17357\"><span class=\"woocommerce-Price-amount amount\"><bdi>175.00<span class=\"woocommerce-Price-currencySymbol\">&#36;<\/span><\/bdi><\/span><\/span><\/span>\n<\/a><a href=\"https:\/\/gyg.me\/5N7byd00\" aria-describedby=\"woocommerce_loop_add_to_cart_link_describedby_17357\" data-quantity=\"1\" class=\"button product_type_external\" data-product_id=\"17357\" data-product_sku=\"\" aria-label=\"V\u00e9rifier la disponibilit\u00e9\" rel=\"nofollow noopener\" target=\"_blank\">V\u00e9rifier la disponibilit\u00e9<\/a>\t<span id=\"woocommerce_loop_add_to_cart_link_describedby_17357\" class=\"screen-reader-text\">\n\t\t\t<\/span>\n<\/li>\r\n<\/ul>\n<\/div><div class=\"vc_empty_space\"   style=\"height: 32px\"><span class=\"vc_empty_space_inner\"><\/span><\/div><\/div>\n\t<\/div> \n<\/div><!--End .row--><\/div><!--End .container--><\/div>\n<\/div>","protected":false},"excerpt":{"rendered":"<div data-track=\"overview\" data-v-83a2b402=\"\">\n<section id=\"activity-overview\" class=\"activity-overview\" data-component=\"overview\" data-v-83a2b402=\"\" data-v-f3236c42=\"\">\n<p class=\"activity-overview__content\" data-test-id=\"activity-overview-content\" data-v-f3236c42=\"\">Explorez les merveilles naturelles du parc national de Los Haitises lors d'une excursion au d\u00e9part de Punta Cana. Naviguez en bateau le long de la rivi\u00e8re, visitez des grottes et des piscines naturelles et montez en jeep jusqu'au sommet de la Monta\u00f1a Redonda.<\/p>\n<\/section>\n<\/div>\n<div data-track=\"key-details\" data-v-83a2b402=\"\"><\/div>","protected":false},"featured_media":11543,"template":"","meta":[],"product_brand":[],"product_cat":[97],"product_tag":[101,102],"class_list":{"0":"post-11249","1":"product","2":"type-product","3":"status-publish","4":"has-post-thumbnail","6":"product_cat-dominican-republic","7":"product_tag-excursion","8":"product_tag-tour","10":"first","11":"instock","12":"sale","13":"shipping-taxable","14":"product-type-external"},"_links":{"self":[{"href":"https:\/\/whalewatching.placessites.com\/fr\/wp-json\/wp\/v2\/product\/11249","targetHints":{"allow":["GET"]}}],"collection":[{"href":"https:\/\/whalewatching.placessites.com\/fr\/wp-json\/wp\/v2\/product"}],"about":[{"href":"https:\/\/whalewatching.placessites.com\/fr\/wp-json\/wp\/v2\/types\/product"}],"version-history":[{"count":0,"href":"https:\/\/whalewatching.placessites.com\/fr\/wp-json\/wp\/v2\/product\/11249\/revisions"}],"wp:featuredmedia":[{"embeddable":true,"href":"https:\/\/whalewatching.placessites.com\/fr\/wp-json\/wp\/v2\/media\/11543"}],"wp:attachment":[{"href":"https:\/\/whalewatching.placessites.com\/fr\/wp-json\/wp\/v2\/media?parent=11249"}],"wp:term":[{"taxonomy":"product_brand","embeddable":true,"href":"https:\/\/whalewatching.placessites.com\/fr\/wp-json\/wp\/v2\/product_brand?post=11249"},{"taxonomy":"product_cat","embeddable":true,"href":"https:\/\/whalewatching.placessites.com\/fr\/wp-json\/wp\/v2\/product_cat?post=11249"},{"taxonomy":"product_tag","embeddable":true,"href":"https:\/\/whalewatching.placessites.com\/fr\/wp-json\/wp\/v2\/product_tag?post=11249"}],"curies":[{"name":"wp","href":"https:\/\/api.w.org\/{rel}","templated":true}]}}