{"id":11392,"date":"2025-12-18T10:11:00","date_gmt":"2025-12-18T10:11:00","guid":{"rendered":"https:\/\/whalewatching.placessites.com\/?post_type=product&#038;p=11392"},"modified":"2025-12-18T10:21:51","modified_gmt":"2025-12-18T10:21:51","slug":"-62","status":"publish","type":"product","link":"https:\/\/whalewatching.placessites.com\/fr\/tournee\/-62\/","title":{"rendered":""},"content":{"rendered":"<p>Explorez la capitale de la R\u00e9publique dominicaine lors de cette visite priv\u00e9e d'une journ\u00e9e \u00e0 Saint-Domingue. Naviguez dans les rues coloniales historiques avec votre sympathique guide local et d\u00e9couvrez certains des plus anciens monuments du Nouveau Monde dans ce qui est consid\u00e9r\u00e9 comme la plus ancienne ville europ\u00e9enne de l'h\u00e9misph\u00e8re occidental. Promenez-vous \u00e0 pied dans l'embl\u00e9matique zone coloniale ou optez pour une journ\u00e9e compl\u00e8te afin de d\u00e9couvrir d'autres points forts de la ville. Visite touristique priv\u00e9e de Saint-Domingue Faites une visite \u00e0 pied de la zone coloniale pour voir ses monuments du XVIe si\u00e8cle D\u00e9couvrez la longue histoire de la ville avec un guide priv\u00e9 Visitez des attractions telles que le mus\u00e9e Alcazar de Colon, le Panth\u00e9on national et la cath\u00e9drale primate d'Am\u00e9rique Choisissez l'excursion d'une journ\u00e9e compl\u00e8te pour explorer des sites en dehors de la zone coloniale, tels que le Malecon et le phare de Columbus D\u00e9jeuner inclus dans l'excursion d'une journ\u00e9e compl\u00e8te Transport \u00e0 l'h\u00f4tel inclus.<\/p>","protected":false},"excerpt":{"rendered":"<div data-track=\"overview\" data-v-83a2b402=\"\">\n<section id=\"activity-overview\" class=\"activity-overview\" data-component=\"overview\" data-v-83a2b402=\"\" data-v-f3236c42=\"\">\n<p class=\"activity-overview__content\" data-test-id=\"activity-overview-content\" data-v-f3236c42=\"\">D\u00e9couvrez la capitale de la R\u00e9publique dominicaine<\/p>\n<\/section>\n<\/div>\n<div data-track=\"key-details\" data-v-83a2b402=\"\"><\/div>","protected":false},"featured_media":11691,"template":"","meta":[],"product_brand":[],"product_cat":[97],"product_tag":[101,102],"class_list":{"0":"post-11392","1":"product","2":"type-product","3":"status-publish","4":"has-post-thumbnail","6":"product_cat-dominican-republic","7":"product_tag-excursion","8":"product_tag-tour","10":"first","11":"instock","12":"shipping-taxable","13":"product-type-external"},"_links":{"self":[{"href":"https:\/\/whalewatching.placessites.com\/fr\/wp-json\/wp\/v2\/product\/11392","targetHints":{"allow":["GET"]}}],"collection":[{"href":"https:\/\/whalewatching.placessites.com\/fr\/wp-json\/wp\/v2\/product"}],"about":[{"href":"https:\/\/whalewatching.placessites.com\/fr\/wp-json\/wp\/v2\/types\/product"}],"version-history":[{"count":0,"href":"https:\/\/whalewatching.placessites.com\/fr\/wp-json\/wp\/v2\/product\/11392\/revisions"}],"wp:featuredmedia":[{"embeddable":true,"href":"https:\/\/whalewatching.placessites.com\/fr\/wp-json\/wp\/v2\/media\/11691"}],"wp:attachment":[{"href":"https:\/\/whalewatching.placessites.com\/fr\/wp-json\/wp\/v2\/media?parent=11392"}],"wp:term":[{"taxonomy":"product_brand","embeddable":true,"href":"https:\/\/whalewatching.placessites.com\/fr\/wp-json\/wp\/v2\/product_brand?post=11392"},{"taxonomy":"product_cat","embeddable":true,"href":"https:\/\/whalewatching.placessites.com\/fr\/wp-json\/wp\/v2\/product_cat?post=11392"},{"taxonomy":"product_tag","embeddable":true,"href":"https:\/\/whalewatching.placessites.com\/fr\/wp-json\/wp\/v2\/product_tag?post=11392"}],"curies":[{"name":"wp","href":"https:\/\/api.w.org\/{rel}","templated":true}]}}