{"id":11614,"date":"2025-12-18T10:18:36","date_gmt":"2025-12-18T10:18:36","guid":{"rendered":"https:\/\/whalewatching.placessites.com\/?post_type=product&#038;p=11614"},"modified":"2025-12-18T10:32:15","modified_gmt":"2025-12-18T10:32:15","slug":"-79","status":"publish","type":"product","link":"https:\/\/whalewatching.placessites.com\/fr\/tournee\/-79\/","title":{"rendered":"Punta Cana Day trip from Punta Cana to Los Haitises"},"content":{"rendered":"<p>Los Haitises Day Trip We&#8217;ll pick you up at your hotel in Punta Cana from 6:30 am onwards and set off for Los Haitises National Park, a unique karst landscape bathed by the waters of Saman\u00e1 Bay.<\/p>\n<p>\u00c0 notre arriv\u00e9e, nous monterons \u00e0 bord d'un bateau et naviguerons le long du fleuve Ca\u00f1o Hondo en direction de la baie de San Lorenzo, tout en observant les enchev\u00eatrements de mangroves rouges sur le rivage. En pleine mer, nous pourrons apercevoir des mogotes rocheux peupl\u00e9s de p\u00e9licans et de moucherolles \u00e0 queue fourchue.<\/p>\n<p>L'exp\u00e9dition se poursuit vers les grottes Arena et Linea, autrefois utilis\u00e9es par le peuple indig\u00e8ne Ta\u00edno. \u00c0 l'int\u00e9rieur, nous verrons ces grottes d\u00e9cor\u00e9es de pictogrammes et de p\u00e9troglyphes indig\u00e8nes.<\/p>\n<p>Notre prochain arr\u00eat sera l'h\u00f4tel Ca\u00f1o Hondo Paradise, o\u00f9 nous descendrons du bateau et verrons de magnifiques piscines naturelles dans l'enceinte de l'h\u00f4tel. Vous pourrez vous rafra\u00eechir dans la rivi\u00e8re Jivales avant de prendre un d\u00e9jeuner dominicain traditionnel, que nous mangerons dans cet endroit idyllique.<\/p>\n<p>Une fois l'\u00e9nergie retrouv\u00e9e, nous monterons dans une jeep pour nous rendre au sommet de la montagne Redonda, nich\u00e9e entre deux lagunes : Lim\u00f3n et Redonda. Depuis le sommet, la vue sur la jungle est digne d'un conte de f\u00e9es.<\/p>\n<p>Enfin, nous reviendrons sur le continent et retournerons \u00e0 Punta Cana, o\u00f9 nous arriverons \u00e0 votre h\u00f4tel entre 16 h 30 et 18 h 30.<\/p>","protected":false},"excerpt":{"rendered":"<p>Day Trip the natural wonders of Los Haitises National Park on an excursion from Punta Cana. River on a boat, visit natural caves and pools, and ride a jeep to the top of Monta\u00f1a Redonda.<\/p>\n<div data-track=\"key-details\" data-v-83a2b402=\"\"><\/div>","protected":false},"featured_media":11924,"template":"","meta":[],"product_brand":[],"product_cat":[97],"product_tag":[101,102],"class_list":{"0":"post-11614","1":"product","2":"type-product","3":"status-publish","4":"has-post-thumbnail","6":"product_cat-dominican-republic","7":"product_tag-excursion","8":"product_tag-tour","10":"first","11":"instock","12":"shipping-taxable","13":"product-type-external"},"_links":{"self":[{"href":"https:\/\/whalewatching.placessites.com\/fr\/wp-json\/wp\/v2\/product\/11614","targetHints":{"allow":["GET"]}}],"collection":[{"href":"https:\/\/whalewatching.placessites.com\/fr\/wp-json\/wp\/v2\/product"}],"about":[{"href":"https:\/\/whalewatching.placessites.com\/fr\/wp-json\/wp\/v2\/types\/product"}],"version-history":[{"count":0,"href":"https:\/\/whalewatching.placessites.com\/fr\/wp-json\/wp\/v2\/product\/11614\/revisions"}],"wp:featuredmedia":[{"embeddable":true,"href":"https:\/\/whalewatching.placessites.com\/fr\/wp-json\/wp\/v2\/media\/11924"}],"wp:attachment":[{"href":"https:\/\/whalewatching.placessites.com\/fr\/wp-json\/wp\/v2\/media?parent=11614"}],"wp:term":[{"taxonomy":"product_brand","embeddable":true,"href":"https:\/\/whalewatching.placessites.com\/fr\/wp-json\/wp\/v2\/product_brand?post=11614"},{"taxonomy":"product_cat","embeddable":true,"href":"https:\/\/whalewatching.placessites.com\/fr\/wp-json\/wp\/v2\/product_cat?post=11614"},{"taxonomy":"product_tag","embeddable":true,"href":"https:\/\/whalewatching.placessites.com\/fr\/wp-json\/wp\/v2\/product_tag?post=11614"}],"curies":[{"name":"wp","href":"https:\/\/api.w.org\/{rel}","templated":true}]}}