{"id":12862,"date":"2025-12-18T11:09:04","date_gmt":"2025-12-18T11:09:04","guid":{"rendered":"https:\/\/whalewatching.placessites.com\/?post_type=product&#038;p=12862"},"modified":"2025-12-18T11:19:18","modified_gmt":"2025-12-18T11:19:18","slug":"-177","status":"publish","type":"product","link":"https:\/\/whalewatching.placessites.com\/fr\/tournee\/-177\/","title":{"rendered":"Aventure \u00e0 4 roues"},"content":{"rendered":"<p><strong>Aventure \u00e0 4 roues<\/strong><\/p>\n<div class=\"woocommerce-product-details__short-description\">\n<div data-track=\"key-details\" data-v-83a2b402=\"\">Rejoignez-nous pour une aventure en 4x4 ! Nous viendrons vous chercher \u00e0 votre h\u00f4tel \u00e0 Playa Dorada, Sosua ou Cabarete et vous emm\u00e8nerons au point de d\u00e9part de l'excursion, \u00e0 seulement 30 minutes de Sosua et Puerto Plata. Veuillez porter des v\u00eatements que vous \u00eates pr\u00eat \u00e0 jeter et des lunettes de soleil, car la route peut \u00eatre poussi\u00e9reuse, boueuse et humide. Aucun permis ou comp\u00e9tence particuli\u00e8re n'est requis. Apr\u00e8s un bref briefing, votre m\u00e9morable aventure hors route commencera. Tous les v\u00e9hicules \u00e0 quatre roues motrices sont s\u00fbrs et faciles \u00e0 utiliser.<\/div>\n<div data-track=\"key-details\" data-v-83a2b402=\"\"><\/div>\n<div data-track=\"key-details\" data-v-83a2b402=\"\">D\u00e9couvrez la beaut\u00e9 naturelle de la R\u00e9publique dominicaine lors de cette excursion d'une demi-journ\u00e9e. Vous d\u00e9couvrirez des paysages \u00e9tonnants, des chemins boueux et une plage pittoresque. Conduisez votre v\u00e9hicule \u00e0 quatre roues \u00e0 travers des champs de canne \u00e0 sucre et jusqu'\u00e0 la plage. Cette excursion est id\u00e9ale pour ceux qui souhaitent s'amuser tout en d\u00e9couvrant la beaut\u00e9 naturelle de la R\u00e9publique dominicaine.<\/div>\n<\/div>","protected":false},"excerpt":{"rendered":"<div data-track=\"overview\" data-v-83a2b402=\"\">\n<section id=\"activity-overview\" class=\"activity-overview\" data-component=\"overview\" data-v-83a2b402=\"\" data-v-f3236c42=\"\">\n<p class=\"activity-overview__content\" data-test-id=\"activity-overview-content\" data-v-f3236c42=\"\">Conduisez votre propre v\u00e9hicule \u00e0 quatre roues \u00e0 travers les champs de canne \u00e0 sucre et jusqu'\u00e0 la plage. Profitez d'un paysage \u00e9tonnant, de chemins boueux et d'une plage pittoresque. Il s'agit d'une demi-journ\u00e9e tr\u00e8s amusante pour ceux qui souhaitent d\u00e9couvrir la beaut\u00e9 naturelle de la R\u00e9publique dominicaine.<\/p>\n<\/section>\n<\/div>\n<div data-track=\"key-details\" data-v-83a2b402=\"\"><\/div>","protected":false},"featured_media":13097,"template":"","meta":[],"product_brand":[],"product_cat":[97],"product_tag":[101,102],"class_list":{"0":"post-12862","1":"product","2":"type-product","3":"status-publish","4":"has-post-thumbnail","6":"product_cat-dominican-republic","7":"product_tag-excursion","8":"product_tag-tour","10":"first","11":"instock","12":"shipping-taxable","13":"product-type-external"},"_links":{"self":[{"href":"https:\/\/whalewatching.placessites.com\/fr\/wp-json\/wp\/v2\/product\/12862","targetHints":{"allow":["GET"]}}],"collection":[{"href":"https:\/\/whalewatching.placessites.com\/fr\/wp-json\/wp\/v2\/product"}],"about":[{"href":"https:\/\/whalewatching.placessites.com\/fr\/wp-json\/wp\/v2\/types\/product"}],"version-history":[{"count":0,"href":"https:\/\/whalewatching.placessites.com\/fr\/wp-json\/wp\/v2\/product\/12862\/revisions"}],"wp:featuredmedia":[{"embeddable":true,"href":"https:\/\/whalewatching.placessites.com\/fr\/wp-json\/wp\/v2\/media\/13097"}],"wp:attachment":[{"href":"https:\/\/whalewatching.placessites.com\/fr\/wp-json\/wp\/v2\/media?parent=12862"}],"wp:term":[{"taxonomy":"product_brand","embeddable":true,"href":"https:\/\/whalewatching.placessites.com\/fr\/wp-json\/wp\/v2\/product_brand?post=12862"},{"taxonomy":"product_cat","embeddable":true,"href":"https:\/\/whalewatching.placessites.com\/fr\/wp-json\/wp\/v2\/product_cat?post=12862"},{"taxonomy":"product_tag","embeddable":true,"href":"https:\/\/whalewatching.placessites.com\/fr\/wp-json\/wp\/v2\/product_tag?post=12862"}],"curies":[{"name":"wp","href":"https:\/\/api.w.org\/{rel}","templated":true}]}}