{"id":13062,"date":"2025-12-18T11:17:42","date_gmt":"2025-12-18T11:17:42","guid":{"rendered":"https:\/\/whalewatching.placessites.com\/?post_type=product&#038;p=13062"},"modified":"2025-12-18T11:26:58","modified_gmt":"2025-12-18T11:26:58","slug":"-198","status":"publish","type":"product","link":"https:\/\/whalewatching.placessites.com\/fr\/tournee\/-198\/","title":{"rendered":"2 heures d'aventure \u00e0 cheval sur la plage, la jungle et la rivi\u00e8re"},"content":{"rendered":"<p>*La randonn\u00e9e \u00e0 cheval dans la jungle et sur la plage de Macao<\/p>\n<p>Imaginez une aventure o\u00f9 la nature vibrante et l'air frais vous entourent tandis que vous explorez des paysages spectaculaires sur le dos d'un cheval majestueux. Cette balade vous fera d\u00e9couvrir deux cadres \u00e9tonnants : la jungle tropicale luxuriante et les plages sereines de Macao.<\/p>\n<p>*D\u00e9but de la randonn\u00e9e:*.<\/p>\n<p>Votre aventure commence dans un ranch pittoresque situ\u00e9 en p\u00e9riph\u00e9rie, o\u00f9 l'on vous pr\u00e9sentera votre cheval, soigneusement s\u00e9lectionn\u00e9 en fonction de votre niveau d'exp\u00e9rience. Des guides locaux experts et comp\u00e9tents vous pr\u00e9senteront bri\u00e8vement le sentier et vous donneront quelques instructions de base pour monter \u00e0 cheval.<\/p>\n<p>*Jungle Adventure.<\/p>\n<p>Au d\u00e9but de la randonn\u00e9e, vous p\u00e9n\u00e9trez rapidement dans la for\u00eat tropicale dense et verdoyante, un paradis o\u00f9 la biodiversit\u00e9 se d\u00e9ploie sous vos yeux. Les sentiers sinueux vous m\u00e8neront \u00e0 travers une v\u00e9g\u00e9tation luxuriante et des arbres imposants, qui abritent des oiseaux exotiques et diverses esp\u00e8ces d'animaux sauvages. Vous sentirez la fra\u00eecheur de l'air, le gazouillis des oiseaux et les sons subtils de la faune. Vos guides vous raconteront des histoires fascinantes sur la flore et la faune locales, ainsi que sur la culture et les traditions de la r\u00e9gion.<\/p>\n<p>*Vers la plage de Macao:*.<\/p>\n<p>Au fur et \u00e0 mesure que vous avancez, vous descendez vers la c\u00f4te, o\u00f9 l'horizon s'ouvre sur une vision de sable blanc et d'eaux turquoises. Le passage de la jungle \u00e0 la plage est une exp\u00e9rience magique : l'air devient sal\u00e9 et le bruit des vagues se brisant sur le rivage emplit l'atmosph\u00e8re. L'arriv\u00e9e \u00e0 Macao Beach est un v\u00e9ritable r\u00e9gal pour les sens ; c'est une plage intacte connue pour sa beaut\u00e9 naturelle et son atmosph\u00e8re tranquille.<\/p>\n<p>*Moment de d\u00e9tente<\/p>\n<p>Ici, vous aurez la possibilit\u00e9 de d\u00e9sar\u00e7onner votre cheval et de le laisser se reposer tout en profitant d'un peu de temps libre sur la plage. Vous pourrez marcher pieds nus sur le sable doux, nager dans les eaux chaudes des Cara\u00efbes ou simplement vous d\u00e9tendre sous le soleil des tropiques. Certaines randonn\u00e9es comprennent \u00e9galement un d\u00e9jeuner l\u00e9ger ou un pique-nique sur la plage, ce qui ajoute une touche sp\u00e9ciale \u00e0 cette exp\u00e9rience inoubliable.<\/p>\n<p>*Retour au Ranch.<\/p>\n<p>Apr\u00e8s le repos et la d\u00e9tente, vous vous pr\u00e9parerez pour le voyage de retour. La derni\u00e8re partie du trajet vous permettra de r\u00e9fl\u00e9chir \u00e0 la magnifique journ\u00e9e que vous avez v\u00e9cue, \u00e0 travers des paysages qui commencent d\u00e9j\u00e0 \u00e0 vous envelopper de la lueur chaude du coucher de soleil ou de la journ\u00e9e ensoleill\u00e9e.<\/p>\n<div class=\"toggle-content__content toggle-content__content--expanded toggle-content__content--packable\" data-v-59485d64=\"\">\n<div data-test-id=\"activity-full-description-text\" data-v-5835c99c=\"\">Cette promenade \u00e0 cheval est une combinaison parfaite d'aventure, d'exploration et de s\u00e9r\u00e9nit\u00e9, offrant une connexion unique avec la nature et une opportunit\u00e9 de d\u00e9couvrir la beaut\u00e9 \u00e9poustouflante de la jungle et des plages de Macao.<\/div>\n<\/div>\n<div class=\"toggle-content__label-placeholder\" data-v-59485d64=\"\"><\/div>","protected":false},"excerpt":{"rendered":"<div data-track=\"overview\" data-v-83a2b402=\"\">\n<section id=\"activity-overview\" class=\"activity-overview\" data-component=\"overview\" data-v-83a2b402=\"\" data-v-f3236c42=\"\">\n<p class=\"activity-overview__content\" data-test-id=\"activity-overview-content\" data-v-f3236c42=\"\">Longez \u00e0 cheval les rivages scintillants de la plage de Macao lors d'une visite guid\u00e9e avec transfert aller-retour depuis Punta Cana. Plongez dans la nature et d\u00e9couvrez une rivi\u00e8re pittoresque.<\/p>\n<\/section>\n<\/div>\n<div data-track=\"key-details\" data-v-83a2b402=\"\"><\/div>","protected":false},"featured_media":13286,"template":"","meta":[],"product_brand":[],"product_cat":[97],"product_tag":[101,102],"class_list":{"0":"post-13062","1":"product","2":"type-product","3":"status-publish","4":"has-post-thumbnail","6":"product_cat-dominican-republic","7":"product_tag-excursion","8":"product_tag-tour","10":"first","11":"instock","12":"shipping-taxable","13":"product-type-external"},"_links":{"self":[{"href":"https:\/\/whalewatching.placessites.com\/fr\/wp-json\/wp\/v2\/product\/13062","targetHints":{"allow":["GET"]}}],"collection":[{"href":"https:\/\/whalewatching.placessites.com\/fr\/wp-json\/wp\/v2\/product"}],"about":[{"href":"https:\/\/whalewatching.placessites.com\/fr\/wp-json\/wp\/v2\/types\/product"}],"version-history":[{"count":0,"href":"https:\/\/whalewatching.placessites.com\/fr\/wp-json\/wp\/v2\/product\/13062\/revisions"}],"wp:featuredmedia":[{"embeddable":true,"href":"https:\/\/whalewatching.placessites.com\/fr\/wp-json\/wp\/v2\/media\/13286"}],"wp:attachment":[{"href":"https:\/\/whalewatching.placessites.com\/fr\/wp-json\/wp\/v2\/media?parent=13062"}],"wp:term":[{"taxonomy":"product_brand","embeddable":true,"href":"https:\/\/whalewatching.placessites.com\/fr\/wp-json\/wp\/v2\/product_brand?post=13062"},{"taxonomy":"product_cat","embeddable":true,"href":"https:\/\/whalewatching.placessites.com\/fr\/wp-json\/wp\/v2\/product_cat?post=13062"},{"taxonomy":"product_tag","embeddable":true,"href":"https:\/\/whalewatching.placessites.com\/fr\/wp-json\/wp\/v2\/product_tag?post=13062"}],"curies":[{"name":"wp","href":"https:\/\/api.w.org\/{rel}","templated":true}]}}