{"id":13783,"date":"2025-12-18T11:47:45","date_gmt":"2025-12-18T11:47:45","guid":{"rendered":"https:\/\/whalewatching.placessites.com\/?post_type=product&#038;p=13783"},"modified":"2025-12-18T11:59:40","modified_gmt":"2025-12-18T11:59:40","slug":"randonnee-a-cheval-au-coucher-du-soleil-a-punta-cana-dans-la-plage-et-la-foret-de-macao-3","status":"publish","type":"product","link":"https:\/\/whalewatching.placessites.com\/fr\/tournee\/randonnee-a-cheval-au-coucher-du-soleil-a-punta-cana-dans-la-plage-et-la-foret-de-macao-3\/","title":{"rendered":"Punta Cana : Safari d'une demi-journ\u00e9e \u00e0 la Terre des singes et plantation"},"content":{"rendered":"<p><strong>Punta Cana : Safari d'une demi-journ\u00e9e \u00e0 la Terre des singes et plantation<\/strong><\/p>\n<p>Visit the coconut house or \u201cCasa del Coco\u201d to learn how coconut oil is produced and taste exotic Caribbean fruits, roasted coffee, and cacao.<\/p>\n<p>Interact near friendly squirrel monkeys for the next 45 minutes. These charming and intelligent monkeys have been trained by a Canadian couple with over 35 years of experience working with animals, including 12 years at the Toronto Zoo teaching monkeys how to interact with humans.<\/p>\n<p>The tour is based on 5 acres of beautiful land that monkeys have made their home. They will descend from the trees to sit on your shoulder and eat from your hands. They also love to pose for the cameras, especially for selfies.<\/p>","protected":false},"excerpt":{"rendered":"<div data-track=\"overview\" data-v-83a2b402=\"\">\n<section id=\"activity-overview\" class=\"activity-overview\" data-component=\"overview\" data-v-83a2b402=\"\" data-v-f3236c42=\"\">\n<div data-track=\"overview\" data-v-83a2b402=\"\">\n<section id=\"activity-overview\" class=\"activity-overview\" data-component=\"overview\" data-v-83a2b402=\"\" data-v-f3236c42=\"\">\n<p class=\"activity-overview__content\" data-test-id=\"activity-overview-content\" data-v-f3236c42=\"\">Suivez une visite guid\u00e9e qui vous permettra de c\u00f4toyer de pr\u00e8s de magnifiques et sympathiques singes \u00e9cureuils \u00e0 Monkeyland, et visitez une maison dominicaine typique o\u00f9 vous en apprendrez davantage sur la culture et le mode de vie du pays.<\/p>\n<\/section>\n<\/div>\n<div data-track=\"key-details\" data-v-83a2b402=\"\"><\/div>\n<\/section>\n<\/div>\n<div data-track=\"key-details\" data-v-83a2b402=\"\"><\/div>","protected":false},"featured_media":14036,"template":"","meta":[],"product_brand":[],"product_cat":[97],"product_tag":[101,102],"class_list":{"0":"post-13783","1":"product","2":"type-product","3":"status-publish","4":"has-post-thumbnail","6":"product_cat-dominican-republic","7":"product_tag-excursion","8":"product_tag-tour","10":"first","11":"instock","12":"shipping-taxable","13":"product-type-external"},"_links":{"self":[{"href":"https:\/\/whalewatching.placessites.com\/fr\/wp-json\/wp\/v2\/product\/13783","targetHints":{"allow":["GET"]}}],"collection":[{"href":"https:\/\/whalewatching.placessites.com\/fr\/wp-json\/wp\/v2\/product"}],"about":[{"href":"https:\/\/whalewatching.placessites.com\/fr\/wp-json\/wp\/v2\/types\/product"}],"version-history":[{"count":0,"href":"https:\/\/whalewatching.placessites.com\/fr\/wp-json\/wp\/v2\/product\/13783\/revisions"}],"wp:featuredmedia":[{"embeddable":true,"href":"https:\/\/whalewatching.placessites.com\/fr\/wp-json\/wp\/v2\/media\/14036"}],"wp:attachment":[{"href":"https:\/\/whalewatching.placessites.com\/fr\/wp-json\/wp\/v2\/media?parent=13783"}],"wp:term":[{"taxonomy":"product_brand","embeddable":true,"href":"https:\/\/whalewatching.placessites.com\/fr\/wp-json\/wp\/v2\/product_brand?post=13783"},{"taxonomy":"product_cat","embeddable":true,"href":"https:\/\/whalewatching.placessites.com\/fr\/wp-json\/wp\/v2\/product_cat?post=13783"},{"taxonomy":"product_tag","embeddable":true,"href":"https:\/\/whalewatching.placessites.com\/fr\/wp-json\/wp\/v2\/product_tag?post=13783"}],"curies":[{"name":"wp","href":"https:\/\/api.w.org\/{rel}","templated":true}]}}