{"id":14909,"date":"2025-12-18T12:39:26","date_gmt":"2025-12-18T12:39:26","guid":{"rendered":"https:\/\/whalewatching.placessites.com\/?post_type=product&#038;p=14909"},"modified":"2025-12-18T12:49:09","modified_gmt":"2025-12-18T12:49:09","slug":"-321","status":"publish","type":"product","link":"https:\/\/whalewatching.placessites.com\/fr\/tournee\/-321\/","title":{"rendered":"Punta Cana : Aventure en zipline avec prise en charge \u00e0 l'h\u00f4tel"},"content":{"rendered":"<p>Envolez-vous au-dessus de la for\u00eat tropicale sur l'une des plus longues tyroliennes des Cara\u00efbes dans le cadre d'un circuit d'aventure palpitant. Glissez d'une plateforme \u00e0 l'autre sur un r\u00e9seau de 7 c\u00e2bles parall\u00e8les, vous permettant de faire la course avec votre partenaire pour plus d'excitation.<\/p>\n<p>Profitez d'une vue a\u00e9rienne \u00e0 couper le souffle sur la for\u00eat tropicale, sa flore et sa faune diverses. Cette excursion exaltante de 3 heures comprend 1 heure de tyrolienne, avec prise en charge et retour \u00e0 l'h\u00f4tel.<\/p>\n<div class=\"toggle-content__content toggle-content__content--expanded toggle-content__content--packable\" data-v-59485d64=\"\">\n<div data-test-id=\"activity-full-description-text\" data-v-5835c99c=\"\">Ne manquez pas de r\u00e9server votre aventure en tyrolienne d\u00e8s aujourd'hui et vivez l'exp\u00e9rience ultime dans la for\u00eat tropicale.<\/div>\n<\/div>\n<div class=\"toggle-content__label-placeholder\" data-v-59485d64=\"\"><\/div>","protected":false},"excerpt":{"rendered":"<div data-track=\"overview\" data-v-83a2b402=\"\">\n<section id=\"activity-overview\" class=\"activity-overview\" data-component=\"overview\" data-v-83a2b402=\"\" data-v-f3236c42=\"\">\n<p class=\"activity-overview__content\" data-test-id=\"activity-overview-content\" data-v-f3236c42=\"\">Envolez-vous au-dessus de la for\u00eat tropicale sur l'une des plus longues tyroliennes des Cara\u00efbes lors d'un circuit d'aventure palpitant.<\/p>\n<\/section>\n<\/div>\n<div data-track=\"key-details\" data-v-83a2b402=\"\"><\/div>","protected":false},"featured_media":15123,"template":"","meta":[],"product_brand":[],"product_cat":[77],"product_tag":[101,102],"class_list":{"0":"post-14909","1":"product","2":"type-product","3":"status-publish","4":"has-post-thumbnail","6":"product_cat-uncategorized","7":"product_tag-excursion","8":"product_tag-tour","10":"first","11":"instock","12":"shipping-taxable","13":"product-type-external"},"_links":{"self":[{"href":"https:\/\/whalewatching.placessites.com\/fr\/wp-json\/wp\/v2\/product\/14909","targetHints":{"allow":["GET"]}}],"collection":[{"href":"https:\/\/whalewatching.placessites.com\/fr\/wp-json\/wp\/v2\/product"}],"about":[{"href":"https:\/\/whalewatching.placessites.com\/fr\/wp-json\/wp\/v2\/types\/product"}],"version-history":[{"count":0,"href":"https:\/\/whalewatching.placessites.com\/fr\/wp-json\/wp\/v2\/product\/14909\/revisions"}],"wp:featuredmedia":[{"embeddable":true,"href":"https:\/\/whalewatching.placessites.com\/fr\/wp-json\/wp\/v2\/media\/15123"}],"wp:attachment":[{"href":"https:\/\/whalewatching.placessites.com\/fr\/wp-json\/wp\/v2\/media?parent=14909"}],"wp:term":[{"taxonomy":"product_brand","embeddable":true,"href":"https:\/\/whalewatching.placessites.com\/fr\/wp-json\/wp\/v2\/product_brand?post=14909"},{"taxonomy":"product_cat","embeddable":true,"href":"https:\/\/whalewatching.placessites.com\/fr\/wp-json\/wp\/v2\/product_cat?post=14909"},{"taxonomy":"product_tag","embeddable":true,"href":"https:\/\/whalewatching.placessites.com\/fr\/wp-json\/wp\/v2\/product_tag?post=14909"}],"curies":[{"name":"wp","href":"https:\/\/api.w.org\/{rel}","templated":true}]}}