{"id":14910,"date":"2025-12-18T12:39:27","date_gmt":"2025-12-18T12:39:27","guid":{"rendered":"https:\/\/whalewatching.placessites.com\/?post_type=product&#038;p=14910"},"modified":"2025-12-18T12:49:24","modified_gmt":"2025-12-18T12:49:24","slug":"-322","status":"publish","type":"product","link":"https:\/\/whalewatching.placessites.com\/fr\/tournee\/-322\/","title":{"rendered":"Transfert priv\u00e9 de l'a\u00e9roport de Punta Cana \u00e0 Bahia P. Bouganville"},"content":{"rendered":"<div class=\"toggle-content__content toggle-content__content--expanded toggle-content__content--packable\" data-v-59485d64=\"\">\n<div data-test-id=\"activity-full-description-text\" data-v-5835c99c=\"\">Punta Cana Transfer est un chef de file dans la prestation de services de transport priv\u00e9 \u00e0 Punta Cana. En tant qu'entreprise, nous avons plus de 4 ans d'exp\u00e9rience et plus de 1000 commentaires 5 \u00e9toiles sur TripAdvisor. Profitez de la facilit\u00e9 d'\u00eatre pris en charge par votre propre repr\u00e9sentant du service \u00e0 la client\u00e8le avant, pendant et apr\u00e8s votre voyage. Pas de tickets, d'attente d'emails ou de longues files d'attente, toutes les communications sont imm\u00e9diates et se font par SMS. Votre chauffeur vous attendra avec un panneau \u00e0 votre arriv\u00e9e et vous conduira directement \u00e0 votre lieu de vill\u00e9giature, sans arr\u00eat ind\u00e9sirable ni surprise. R\u00e9servez votre trajet et allez directement de l'a\u00e9roport de Punta Cana \u00e0 Bahia Principe Bouganville ou de Bahia Principe Bouganville \u00e0 l'a\u00e9roport de Punta Cana pour prendre votre vol.<\/div>\n<\/div>\n<div class=\"toggle-content__label-placeholder\" data-v-59485d64=\"\"><\/div>","protected":false},"excerpt":{"rendered":"<div data-track=\"overview\" data-v-83a2b402=\"\">\n<section id=\"activity-overview\" class=\"activity-overview\" data-component=\"overview\" data-v-83a2b402=\"\" data-v-f3236c42=\"\">\n<p class=\"activity-overview__content\" data-test-id=\"activity-overview-content\" data-v-f3236c42=\"\">\u00c9vitez l'attente et rejoignez directement le paradis ! D\u00e8s votre arriv\u00e9e, votre chauffeur sera \u00e0 la sortie du terminal avec une pancarte \u00e0 votre nom, pr\u00eat \u00e0 vous conduire directement \u00e0 votre lieu de vill\u00e9giature.<\/p>\n<\/section>\n<\/div>\n<div data-track=\"key-details\" data-v-83a2b402=\"\"><\/div>","protected":false},"featured_media":15127,"template":"","meta":[],"product_brand":[],"product_cat":[77],"product_tag":[101,102],"class_list":{"0":"post-14910","1":"product","2":"type-product","3":"status-publish","4":"has-post-thumbnail","6":"product_cat-uncategorized","7":"product_tag-excursion","8":"product_tag-tour","10":"first","11":"instock","12":"shipping-taxable","13":"product-type-external"},"_links":{"self":[{"href":"https:\/\/whalewatching.placessites.com\/fr\/wp-json\/wp\/v2\/product\/14910","targetHints":{"allow":["GET"]}}],"collection":[{"href":"https:\/\/whalewatching.placessites.com\/fr\/wp-json\/wp\/v2\/product"}],"about":[{"href":"https:\/\/whalewatching.placessites.com\/fr\/wp-json\/wp\/v2\/types\/product"}],"version-history":[{"count":0,"href":"https:\/\/whalewatching.placessites.com\/fr\/wp-json\/wp\/v2\/product\/14910\/revisions"}],"wp:featuredmedia":[{"embeddable":true,"href":"https:\/\/whalewatching.placessites.com\/fr\/wp-json\/wp\/v2\/media\/15127"}],"wp:attachment":[{"href":"https:\/\/whalewatching.placessites.com\/fr\/wp-json\/wp\/v2\/media?parent=14910"}],"wp:term":[{"taxonomy":"product_brand","embeddable":true,"href":"https:\/\/whalewatching.placessites.com\/fr\/wp-json\/wp\/v2\/product_brand?post=14910"},{"taxonomy":"product_cat","embeddable":true,"href":"https:\/\/whalewatching.placessites.com\/fr\/wp-json\/wp\/v2\/product_cat?post=14910"},{"taxonomy":"product_tag","embeddable":true,"href":"https:\/\/whalewatching.placessites.com\/fr\/wp-json\/wp\/v2\/product_tag?post=14910"}],"curies":[{"name":"wp","href":"https:\/\/api.w.org\/{rel}","templated":true}]}}