{"id":14994,"date":"2025-12-18T12:43:04","date_gmt":"2025-12-18T12:43:04","guid":{"rendered":"https:\/\/whalewatching.placessites.com\/?post_type=product&#038;p=14994"},"modified":"2025-12-19T10:18:29","modified_gmt":"2025-12-19T10:18:29","slug":"de-punta-cana-a-santo-domingo-visite-de-la-ville-2","status":"publish","type":"product","link":"https:\/\/whalewatching.placessites.com\/fr\/tournee\/de-punta-cana-a-santo-domingo-visite-de-la-ville-2\/","title":{"rendered":"From Punta Cana: Santo Domingo City Tour"},"content":{"rendered":"<p>Santo Domingo is a magical city, full of history, culture and amazing landscapes. Explore the oldest Capital of the \u201cNew\u201d World, Santo Domingo, the first city founded in America.<\/p>\n<p>Cette visite touristique vous fera d\u00e9couvrir une ville pleine d'histoire et de culture. Une activit\u00e9 id\u00e9ale pour toute la famille.<\/p>\n<p>- Nous viendrons vous chercher \u00e0 votre h\u00f4tel pour commencer une incroyable excursion \u00e0 Saint-Domingue, au cours de laquelle vous verrez des d\u00e9tails incroyables sur la culture de la R\u00e9publique dominicaine.<\/p>\n<p>- \u00c0 l'arriv\u00e9e \u00e0 Saint-Domingue, vous visiterez les incroyables c\u00e9notes du parc national de Los Tres Ojos, particuli\u00e8rement naturels et magiques.<\/p>\n<p>- Nous nous prom\u00e8nerons dans la zone coloniale, une rue romantique, la premi\u00e8re en Am\u00e9rique, \u201cThe Ladies\u201d. Nous profiterons d'une vue panoramique ancienne mais pittoresque.<\/p>\n<div class=\"toggle-content__content toggle-content__content--expanded toggle-content__content--packable\" data-v-59485d64=\"\">\n<div data-test-id=\"activity-full-description-text\" data-v-5835c99c=\"\">It operates every day. Its approximate total duration is 10 hours.<\/div>\n<\/div>\n<div class=\"toggle-content__label-placeholder\" data-v-59485d64=\"\"><\/div>","protected":false},"excerpt":{"rendered":"<div data-track=\"overview\" data-v-83a2b402=\"\">\n<section id=\"activity-overview\" class=\"activity-overview\" data-component=\"overview\" data-v-83a2b402=\"\" data-v-f3236c42=\"\">\n<p class=\"activity-overview__content\" data-test-id=\"activity-overview-content\" data-v-f3236c42=\"\">Discover the magical city of Santa Domingo with a guide on this all-inclusive tour. Explore the city and visit famous landmarks like the Colonial Zone, the Cenotes of Los Tres Ojos National Park, and much more.<\/p>\n<\/section>\n<\/div>\n<div data-track=\"key-details\" data-v-83a2b402=\"\"><\/div>","protected":false},"featured_media":13942,"template":"","meta":[],"product_brand":[],"product_cat":[97],"product_tag":[101,102],"class_list":{"0":"post-14994","1":"product","2":"type-product","3":"status-publish","4":"has-post-thumbnail","6":"product_cat-dominican-republic","7":"product_tag-excursion","8":"product_tag-tour","10":"first","11":"instock","12":"shipping-taxable","13":"product-type-external"},"_links":{"self":[{"href":"https:\/\/whalewatching.placessites.com\/fr\/wp-json\/wp\/v2\/product\/14994","targetHints":{"allow":["GET"]}}],"collection":[{"href":"https:\/\/whalewatching.placessites.com\/fr\/wp-json\/wp\/v2\/product"}],"about":[{"href":"https:\/\/whalewatching.placessites.com\/fr\/wp-json\/wp\/v2\/types\/product"}],"version-history":[{"count":0,"href":"https:\/\/whalewatching.placessites.com\/fr\/wp-json\/wp\/v2\/product\/14994\/revisions"}],"wp:featuredmedia":[{"embeddable":true,"href":"https:\/\/whalewatching.placessites.com\/fr\/wp-json\/wp\/v2\/media\/13942"}],"wp:attachment":[{"href":"https:\/\/whalewatching.placessites.com\/fr\/wp-json\/wp\/v2\/media?parent=14994"}],"wp:term":[{"taxonomy":"product_brand","embeddable":true,"href":"https:\/\/whalewatching.placessites.com\/fr\/wp-json\/wp\/v2\/product_brand?post=14994"},{"taxonomy":"product_cat","embeddable":true,"href":"https:\/\/whalewatching.placessites.com\/fr\/wp-json\/wp\/v2\/product_cat?post=14994"},{"taxonomy":"product_tag","embeddable":true,"href":"https:\/\/whalewatching.placessites.com\/fr\/wp-json\/wp\/v2\/product_tag?post=14994"}],"curies":[{"name":"wp","href":"https:\/\/api.w.org\/{rel}","templated":true}]}}