{"id":15176,"date":"2025-12-18T12:51:05","date_gmt":"2025-12-18T12:51:05","guid":{"rendered":"https:\/\/whalewatching.placessites.com\/?post_type=product&#038;p=15176"},"modified":"2025-12-18T13:04:36","modified_gmt":"2025-12-18T13:04:36","slug":"los-haitises-4-caves-expedition-rain-forest-walk","status":"publish","type":"product","link":"https:\/\/whalewatching.placessites.com\/fr\/tournee\/los-haitises-4-caves-expedition-rain-forest-walk\/","title":{"rendered":"Los Haitises 4 Caves expedition &#038; Rain Forest walk"},"content":{"rendered":"<p>Los Haitises National Park This trip will be focus in Caves expedition plus Rain Forest.<\/p>\n<p>Le parc national Los Haitises (dont le nom signifie \u201cterre haute\u201d ou \u201cmontagne\u201d dans la langue des anciens Tainos) est l'un des paysages naturels prot\u00e9g\u00e9s les plus importants de la R\u00e9publique dominicaine. Il couvre une superficie d'environ 1 600 km2, qui fait partie d'un vaste syst\u00e8me karstique cr\u00e9\u00e9 il y a 50 millions d'ann\u00e9es, et comprend une riche mosa\u00efque d'\u00e9cosyst\u00e8mes marins et terrestres : estuaires, bras de mer, baies, cl\u00e9s et mogotes - ces curieuses formations rocheuses en forme de c\u00f4ne qui caract\u00e9risent le paysage de la r\u00e9gion - ainsi que des dolines, des mangroves, etc. En d'autres termes, il s'agit d'un immense parc qui regorge d'attraits naturels et o\u00f9 l'on peut vivre des aventures uniques.<\/p>\n<p>Apart from its indisputable wealth, this great National Park is also an ideal place to discover the rich (both present-day and pre-Hispanic) cultural heritage of the Dominican Republic Places such as Sabana de la Mar show the modern charm of the Dominican Republic, but in nearly 100 caves scattered throughout the Park, you can discover the country\u2019s largest collection of prehistoric paintings, an invaluable legacy of ancient, pre-Columbian civilizations.<\/p>\n<p>Los Haitises offers all kinds of experiences from thrilling adventures to visits focusing on appreciating the area\u2019s natural wonders or its archaeological treasures. Of course, you can always have a mixture of all these, and therefore gain a much better appreciation of the Park\u2019s wealth in general.<\/p>\n<p>One of the features of the Park\u2019s karst landscape \u2014 limestone rocks eroded by water \u2014 is the formation of caves of many different sizes; these are one of Los Haiteses\u2019 chief attractions. They draw visitors for two reasons: firstly, their immense natural wealth and the beauty of their rock formations. The second, and perhaps more important, reason is that many of these caves contain amazing collections of pictographs and petroglyphs created hundreds (even thousands) of years ago by the island of La Espa\u00f1ola\u2019s original inhabitants. Places such as the caves of La Reyna, La Arena, San Gabriel, Willi and La L\u00ednea are veritable galleries of tremendously impressive cave paintings that no visitor should miss.<\/p>\n<p>The Los Haitises National Park is open throughout the year, but if you want to be extra careful, minimize the chance of rain, and enjoy fewer extreme temperatures, plan your visit for between November and April. The summer here is hotter and humid.<\/p>","protected":false},"excerpt":{"rendered":"<div data-track=\"overview\" data-v-83a2b402=\"\">\n<section id=\"activity-overview\" class=\"activity-overview\" data-component=\"overview\" data-v-83a2b402=\"\" data-v-f3236c42=\"\">\n<p class=\"activity-overview__content\" data-test-id=\"activity-overview-content\" data-v-f3236c42=\"\">Visiting 4 Caves in Los Haitises National Park. Focus in the Taino&#8217;s culture and the wildlife of los haitises national park. Mangroves, Caves &amp; Islands.<\/p>\n<\/section>\n<\/div>\n<div data-track=\"key-details\" data-v-83a2b402=\"\"><\/div>","protected":false},"featured_media":15401,"template":"","meta":[],"product_brand":[],"product_cat":[97],"product_tag":[101,102],"class_list":{"0":"post-15176","1":"product","2":"type-product","3":"status-publish","4":"has-post-thumbnail","6":"product_cat-dominican-republic","7":"product_tag-excursion","8":"product_tag-tour","10":"first","11":"instock","12":"shipping-taxable","13":"product-type-external"},"_links":{"self":[{"href":"https:\/\/whalewatching.placessites.com\/fr\/wp-json\/wp\/v2\/product\/15176","targetHints":{"allow":["GET"]}}],"collection":[{"href":"https:\/\/whalewatching.placessites.com\/fr\/wp-json\/wp\/v2\/product"}],"about":[{"href":"https:\/\/whalewatching.placessites.com\/fr\/wp-json\/wp\/v2\/types\/product"}],"version-history":[{"count":0,"href":"https:\/\/whalewatching.placessites.com\/fr\/wp-json\/wp\/v2\/product\/15176\/revisions"}],"wp:featuredmedia":[{"embeddable":true,"href":"https:\/\/whalewatching.placessites.com\/fr\/wp-json\/wp\/v2\/media\/15401"}],"wp:attachment":[{"href":"https:\/\/whalewatching.placessites.com\/fr\/wp-json\/wp\/v2\/media?parent=15176"}],"wp:term":[{"taxonomy":"product_brand","embeddable":true,"href":"https:\/\/whalewatching.placessites.com\/fr\/wp-json\/wp\/v2\/product_brand?post=15176"},{"taxonomy":"product_cat","embeddable":true,"href":"https:\/\/whalewatching.placessites.com\/fr\/wp-json\/wp\/v2\/product_cat?post=15176"},{"taxonomy":"product_tag","embeddable":true,"href":"https:\/\/whalewatching.placessites.com\/fr\/wp-json\/wp\/v2\/product_tag?post=15176"}],"curies":[{"name":"wp","href":"https:\/\/api.w.org\/{rel}","templated":true}]}}