{"id":15696,"date":"2025-12-18T13:17:01","date_gmt":"2025-12-18T13:17:01","guid":{"rendered":"https:\/\/whalewatching.placessites.com\/?post_type=product&#038;p=15696"},"modified":"2025-12-18T13:26:20","modified_gmt":"2025-12-18T13:26:20","slug":"santo-domingo-los-haitises-cayo-levantado-island","status":"publish","type":"product","link":"https:\/\/whalewatching.placessites.com\/fr\/tournee\/santo-domingo-los-haitises-cayo-levantado-island\/","title":{"rendered":"Saint-Domingue : Los Haitises et l'\u00eele de Cayo Levantado"},"content":{"rendered":"<p>De Saint-Domingue \u00e0 Samana et apr\u00e8s Voyagez \u00e0 travers de magnifiques eaux tropicales et d\u00e9gustez de d\u00e9licieuses sp\u00e9cialit\u00e9s dominicaines au cours de ce magnifique circuit. Contemplez les \u0153uvres d'art historiques du peuple indig\u00e8ne Ta\u00edno trouv\u00e9es dans des grottes situ\u00e9es dans le magnifique parc national de Los Haitises.<\/p>\n<p>Commencez par le port de Samana o\u00f9 vous prendrez un catamaran ou un bateau pour passer la baie de Samana. Arriv\u00e9e au parc national de Los Haitises, visite des magnifiques \u00eeles rocheuses et d\u00e9couverte des interpr\u00e9tations des peintures indig\u00e8nes ta\u00efno \u00e0 la grotte de Linea.<\/p>\n<p>Apr\u00e8s avoir quitt\u00e9 l'ancienne grotte, prenez un bateau qui traverse les eaux magnifiques pour visiter une charmante plage et la grotte Cueva de la Larena. Terminez la visite de la grotte par un toast et reprenez le bateau pour Cayo Levantado.<\/p>\n<div class=\"toggle-content__content toggle-content__content--expanded toggle-content__content--packable\" data-v-59485d64=\"\">\n<div data-test-id=\"activity-full-description-text\" data-v-5835c99c=\"\">\n<p>\u00c0 votre retour, d\u00e9gustez un buffet dominicain traditionnel et d\u00e9tendez-vous \u00e0 la plage de Cayo Levantado.<\/p>\n<\/div>\n<\/div>\n<div class=\"toggle-content__label-placeholder\" data-v-59485d64=\"\"><\/div>","protected":false},"excerpt":{"rendered":"<div data-track=\"overview\" data-v-83a2b402=\"\">\n<section id=\"activity-overview\" class=\"activity-overview\" data-component=\"overview\" data-v-83a2b402=\"\" data-v-f3236c42=\"\">\n<p class=\"activity-overview__content\" data-test-id=\"activity-overview-content\" data-v-f3236c42=\"\">Visitez les magnifiques \u00eeles rocheuses et les peintures rupestres indig\u00e8nes du parc national de Los Haitises. Savourez un authentique festin dominicain tout en admirant les eaux, les rochers et la flore de la r\u00e9gion.<\/p>\n<\/section>\n<\/div>\n<div data-track=\"key-details\" data-v-83a2b402=\"\"><\/div>","protected":false},"featured_media":15889,"template":"","meta":[],"product_brand":[],"product_cat":[97],"product_tag":[101,102],"class_list":{"0":"post-15696","1":"product","2":"type-product","3":"status-publish","4":"has-post-thumbnail","6":"product_cat-dominican-republic","7":"product_tag-excursion","8":"product_tag-tour","10":"first","11":"instock","12":"shipping-taxable","13":"product-type-external"},"_links":{"self":[{"href":"https:\/\/whalewatching.placessites.com\/fr\/wp-json\/wp\/v2\/product\/15696","targetHints":{"allow":["GET"]}}],"collection":[{"href":"https:\/\/whalewatching.placessites.com\/fr\/wp-json\/wp\/v2\/product"}],"about":[{"href":"https:\/\/whalewatching.placessites.com\/fr\/wp-json\/wp\/v2\/types\/product"}],"version-history":[{"count":0,"href":"https:\/\/whalewatching.placessites.com\/fr\/wp-json\/wp\/v2\/product\/15696\/revisions"}],"wp:featuredmedia":[{"embeddable":true,"href":"https:\/\/whalewatching.placessites.com\/fr\/wp-json\/wp\/v2\/media\/15889"}],"wp:attachment":[{"href":"https:\/\/whalewatching.placessites.com\/fr\/wp-json\/wp\/v2\/media?parent=15696"}],"wp:term":[{"taxonomy":"product_brand","embeddable":true,"href":"https:\/\/whalewatching.placessites.com\/fr\/wp-json\/wp\/v2\/product_brand?post=15696"},{"taxonomy":"product_cat","embeddable":true,"href":"https:\/\/whalewatching.placessites.com\/fr\/wp-json\/wp\/v2\/product_cat?post=15696"},{"taxonomy":"product_tag","embeddable":true,"href":"https:\/\/whalewatching.placessites.com\/fr\/wp-json\/wp\/v2\/product_tag?post=15696"}],"curies":[{"name":"wp","href":"https:\/\/api.w.org\/{rel}","templated":true}]}}