{"id":15730,"date":"2025-12-18T13:18:50","date_gmt":"2025-12-18T13:18:50","guid":{"rendered":"https:\/\/whalewatching.placessites.com\/?post_type=product&#038;p=15730"},"modified":"2025-12-19T10:18:33","modified_gmt":"2025-12-19T10:18:33","slug":"-343","status":"publish","type":"product","link":"https:\/\/whalewatching.placessites.com\/fr\/tournee\/-343\/","title":{"rendered":"Excursion en bateau aux piscines naturelles de Cano Hondo et Los Haitises"},"content":{"rendered":"<p>Visite du parc national de Los Haitises en petits groupes pour profiter des piscines naturelles essentielles de ce parc national.<\/p>\n<p>Le d\u00e9jeuner sera pr\u00e9par\u00e9 \u00e0 partir de la cuisine locale et l'excursion en bateau vers les grottes sera unique.<\/p>\n<p>Une grande mosa\u00efque naturelle et culturelle !<\/p>\n<p>Le parc national Los Haitises (dont le nom signifie \u201cterre haute\u201d ou \u201cmontagne\u201d dans la langue des anciens Tainos) est l'un des paysages naturels prot\u00e9g\u00e9s les plus importants de la R\u00e9publique dominicaine. Il couvre une superficie d'environ 1 600 km2, qui fait partie d'un vaste syst\u00e8me karstique cr\u00e9\u00e9 il y a 50 millions d'ann\u00e9es, et comprend une riche mosa\u00efque d'\u00e9cosyst\u00e8mes marins et terrestres : estuaires, bras de mer, baies, cl\u00e9s et mogotes - ces curieuses formations rocheuses en forme de c\u00f4ne qui caract\u00e9risent le paysage de la r\u00e9gion - ainsi que des dolines, des mangroves, etc. En d'autres termes, il s'agit d'un immense parc qui regorge d'attraits naturels et o\u00f9 l'on peut vivre des aventures uniques.<\/p>\n<div class=\"toggle-content__content toggle-content__content--expanded toggle-content__content--packable\" data-v-59485d64=\"\">\n<div data-test-id=\"activity-full-description-text\" data-v-5835c99c=\"\">Apr\u00e8s avoir visit\u00e9 Los Haitises, nous nous concentrons sur un d\u00e9jeuner local avec du temps libre pour les piscines naturelles dans les h\u00f4tels Cano Hondo.<\/div>\n<\/div>\n<div class=\"toggle-content__label-placeholder\" data-v-59485d64=\"\"><\/div>","protected":false},"excerpt":{"rendered":"<div data-track=\"overview\" data-v-83a2b402=\"\">\n<section id=\"activity-overview\" class=\"activity-overview\" data-component=\"overview\" data-v-83a2b402=\"\" data-v-f3236c42=\"\">\n<p class=\"activity-overview__content\" data-test-id=\"activity-overview-content\" data-v-f3236c42=\"\">Explorez le parc national de Los Haitises avec une excursion en bateau jusqu'aux grottes, en passant par la magnifique v\u00e9g\u00e9tation des mangroves et l'\u00eele Rocky ! D\u00e9couvrez les grottes des Tainos et profitez des piscines naturelles de Cano Hondo.<\/p>\n<\/section>\n<\/div>\n<div data-track=\"key-details\" data-v-83a2b402=\"\"><\/div>","protected":false},"featured_media":14561,"template":"","meta":[],"product_brand":[],"product_cat":[97],"product_tag":[101,102],"class_list":{"0":"post-15730","1":"product","2":"type-product","3":"status-publish","4":"has-post-thumbnail","6":"product_cat-dominican-republic","7":"product_tag-excursion","8":"product_tag-tour","10":"first","11":"instock","12":"shipping-taxable","13":"product-type-external"},"_links":{"self":[{"href":"https:\/\/whalewatching.placessites.com\/fr\/wp-json\/wp\/v2\/product\/15730","targetHints":{"allow":["GET"]}}],"collection":[{"href":"https:\/\/whalewatching.placessites.com\/fr\/wp-json\/wp\/v2\/product"}],"about":[{"href":"https:\/\/whalewatching.placessites.com\/fr\/wp-json\/wp\/v2\/types\/product"}],"version-history":[{"count":0,"href":"https:\/\/whalewatching.placessites.com\/fr\/wp-json\/wp\/v2\/product\/15730\/revisions"}],"wp:featuredmedia":[{"embeddable":true,"href":"https:\/\/whalewatching.placessites.com\/fr\/wp-json\/wp\/v2\/media\/14561"}],"wp:attachment":[{"href":"https:\/\/whalewatching.placessites.com\/fr\/wp-json\/wp\/v2\/media?parent=15730"}],"wp:term":[{"taxonomy":"product_brand","embeddable":true,"href":"https:\/\/whalewatching.placessites.com\/fr\/wp-json\/wp\/v2\/product_brand?post=15730"},{"taxonomy":"product_cat","embeddable":true,"href":"https:\/\/whalewatching.placessites.com\/fr\/wp-json\/wp\/v2\/product_cat?post=15730"},{"taxonomy":"product_tag","embeddable":true,"href":"https:\/\/whalewatching.placessites.com\/fr\/wp-json\/wp\/v2\/product_tag?post=15730"}],"curies":[{"name":"wp","href":"https:\/\/api.w.org\/{rel}","templated":true}]}}