{"id":15882,"date":"2025-12-18T13:25:33","date_gmt":"2025-12-18T13:25:33","guid":{"rendered":"https:\/\/whalewatching.placessites.com\/?post_type=product&#038;p=15882"},"modified":"2025-12-18T13:33:59","modified_gmt":"2025-12-18T13:33:59","slug":"transfert-de-laeroport-la-romana-a-lhotel-bayahibe-punta-cana","status":"publish","type":"product","link":"https:\/\/whalewatching.placessites.com\/fr\/tournee\/transfert-de-laeroport-la-romana-a-lhotel-bayahibe-punta-cana\/","title":{"rendered":"Transfert de l'a\u00e9roport de La Romana \u00e0 l'h\u00f4tel Bayahibe &amp; Punta Cana"},"content":{"rendered":"<p>Enjoy a private airport transfer service from La Romana Airport to your hotel in Punta Cana. Travel in a modern, comfortable vehicle and enjoy a stress-free start to your vacation.<\/p>\n<p>Be greeted by your driver at the airport and receive assistance with your luggage. Then, sit back and relax as you are driven to your hotel in Punta Cana.<\/p>\n<div class=\"toggle-content__content toggle-content__content--expanded toggle-content__content--packable\" data-v-59485d64=\"\">\n<div data-test-id=\"activity-full-description-text\" data-v-5835c99c=\"\">Travel in a modern, comfortable vehicle and enjoy a stress-free start to your vacation. Benefit from a service that is available 24\/7 and that is tailored to your needs.<\/div>\n<\/div>\n<div class=\"toggle-content__label-placeholder\" data-v-59485d64=\"\"><\/div>","protected":false},"excerpt":{"rendered":"<div data-track=\"overview\" data-v-83a2b402=\"\">\n<section id=\"activity-overview\" class=\"activity-overview\" data-component=\"overview\" data-v-83a2b402=\"\" data-v-f3236c42=\"\">\n<p class=\"activity-overview__content\" data-test-id=\"activity-overview-content\" data-v-f3236c42=\"\">Enjoy a private transfer from La Romana Airport to your hotel in the city. Travel in comfort and style in a modern, air-conditioned vehicle.<\/p>\n<\/section>\n<\/div>\n<div data-track=\"key-details\" data-v-83a2b402=\"\"><\/div>","protected":false},"featured_media":16084,"template":"","meta":[],"product_brand":[],"product_cat":[97],"product_tag":[101,102],"class_list":{"0":"post-15882","1":"product","2":"type-product","3":"status-publish","4":"has-post-thumbnail","6":"product_cat-dominican-republic","7":"product_tag-excursion","8":"product_tag-tour","10":"first","11":"instock","12":"shipping-taxable","13":"product-type-external"},"_links":{"self":[{"href":"https:\/\/whalewatching.placessites.com\/fr\/wp-json\/wp\/v2\/product\/15882","targetHints":{"allow":["GET"]}}],"collection":[{"href":"https:\/\/whalewatching.placessites.com\/fr\/wp-json\/wp\/v2\/product"}],"about":[{"href":"https:\/\/whalewatching.placessites.com\/fr\/wp-json\/wp\/v2\/types\/product"}],"version-history":[{"count":0,"href":"https:\/\/whalewatching.placessites.com\/fr\/wp-json\/wp\/v2\/product\/15882\/revisions"}],"wp:featuredmedia":[{"embeddable":true,"href":"https:\/\/whalewatching.placessites.com\/fr\/wp-json\/wp\/v2\/media\/16084"}],"wp:attachment":[{"href":"https:\/\/whalewatching.placessites.com\/fr\/wp-json\/wp\/v2\/media?parent=15882"}],"wp:term":[{"taxonomy":"product_brand","embeddable":true,"href":"https:\/\/whalewatching.placessites.com\/fr\/wp-json\/wp\/v2\/product_brand?post=15882"},{"taxonomy":"product_cat","embeddable":true,"href":"https:\/\/whalewatching.placessites.com\/fr\/wp-json\/wp\/v2\/product_cat?post=15882"},{"taxonomy":"product_tag","embeddable":true,"href":"https:\/\/whalewatching.placessites.com\/fr\/wp-json\/wp\/v2\/product_tag?post=15882"}],"curies":[{"name":"wp","href":"https:\/\/api.w.org\/{rel}","templated":true}]}}