{"id":17087,"date":"2025-12-18T14:21:54","date_gmt":"2025-12-18T14:21:54","guid":{"rendered":"https:\/\/whalewatching.placessites.com\/?post_type=product&#038;p=17087"},"modified":"2025-12-18T14:24:11","modified_gmt":"2025-12-18T14:24:11","slug":"excursion-aux-chutes-deau-amber-cove-taino-bay-transport-2","status":"publish","type":"product","link":"https:\/\/whalewatching.placessites.com\/fr\/tournee\/excursion-aux-chutes-deau-amber-cove-taino-bay-transport-2\/","title":{"rendered":"Excursion aux chutes d'eau, crique d'ambre, baie de Taino et transport"},"content":{"rendered":"<p><strong>Excursion aux chutes d'eau Amber Cove Taino Bay &amp; Transport<\/strong><\/p>\n<p>Rejoignez-nous pour une excursion inoubliable remplie d'aventure, de nature et de beaut\u00e9. Notre excursion comprend un voyage de trois heures et demie de randonn\u00e9e, de natation, de sauts et de glissades jusqu'aux magnifiques chutes d'eau. Apr\u00e8s l'excursion, nous vous fournirons de l'eau pour vous rafra\u00eechir, ce qui vous permettra de savourer les beaux moments que vous vivrez aux chutes d'eau.<\/p>\n<p>Cette excursion vous m\u00e8nera \u00e0 la cascade num\u00e9ro 7, en commen\u00e7ant par une randonn\u00e9e mod\u00e9r\u00e9e. Au fur et \u00e0 mesure que vous progressez, l'excitation commence avec des occasions de sauter, de glisser, de se balancer sous la cascade et de sauter dans les eaux rafra\u00eechissantes. \u00c0 votre retour, un guide bien inform\u00e9 vous accompagnera pour assurer votre s\u00e9curit\u00e9 lorsque vous naviguerez dans les endroits s\u00fbrs pour sauter.<\/p>\n<p>Ces chutes enchanteresses renferment d'anciennes l\u00e9gendes des Indiens Taino, ce qui ajoute une richesse culturelle \u00e0 l'exp\u00e9rience. Il est important de noter que ce monument fait partie du syst\u00e8me de zones prot\u00e9g\u00e9es de la R\u00e9publique dominicaine. Lors de votre r\u00e9servation, nous vous fournirons les d\u00e9tails n\u00e9cessaires, y compris l'heure pr\u00e9vue pour votre aventure.<\/p>","protected":false},"excerpt":{"rendered":"<div data-track=\"overview\" data-v-56a1a938=\"\">\n<section id=\"activity-overview\" class=\"activity-overview\" data-component=\"overview\" data-v-56a1a938=\"\" data-v-f3236c42=\"\">\n<p class=\"activity-overview__content\" data-test-id=\"activity-overview-content\" data-v-f3236c42=\"\">Vous pouvez sauter, glisser, nager. Amenez votre famille ou votre groupe<\/p>\n<\/section>\n<\/div>\n<div data-track=\"key-details\" data-v-56a1a938=\"\"><\/div>","protected":false},"featured_media":17126,"template":"","meta":[],"product_brand":[],"product_cat":[97],"product_tag":[101,102],"class_list":{"0":"post-17087","1":"product","2":"type-product","3":"status-publish","4":"has-post-thumbnail","6":"product_cat-dominican-republic","7":"product_tag-excursion","8":"product_tag-tour","10":"first","11":"instock","12":"sale","13":"shipping-taxable","14":"product-type-external"},"_links":{"self":[{"href":"https:\/\/whalewatching.placessites.com\/fr\/wp-json\/wp\/v2\/product\/17087","targetHints":{"allow":["GET"]}}],"collection":[{"href":"https:\/\/whalewatching.placessites.com\/fr\/wp-json\/wp\/v2\/product"}],"about":[{"href":"https:\/\/whalewatching.placessites.com\/fr\/wp-json\/wp\/v2\/types\/product"}],"version-history":[{"count":0,"href":"https:\/\/whalewatching.placessites.com\/fr\/wp-json\/wp\/v2\/product\/17087\/revisions"}],"wp:featuredmedia":[{"embeddable":true,"href":"https:\/\/whalewatching.placessites.com\/fr\/wp-json\/wp\/v2\/media\/17126"}],"wp:attachment":[{"href":"https:\/\/whalewatching.placessites.com\/fr\/wp-json\/wp\/v2\/media?parent=17087"}],"wp:term":[{"taxonomy":"product_brand","embeddable":true,"href":"https:\/\/whalewatching.placessites.com\/fr\/wp-json\/wp\/v2\/product_brand?post=17087"},{"taxonomy":"product_cat","embeddable":true,"href":"https:\/\/whalewatching.placessites.com\/fr\/wp-json\/wp\/v2\/product_cat?post=17087"},{"taxonomy":"product_tag","embeddable":true,"href":"https:\/\/whalewatching.placessites.com\/fr\/wp-json\/wp\/v2\/product_tag?post=17087"}],"curies":[{"name":"wp","href":"https:\/\/api.w.org\/{rel}","templated":true}]}}