{"id":17352,"date":"2025-12-18T14:33:18","date_gmt":"2025-12-18T14:33:18","guid":{"rendered":"https:\/\/whalewatching.placessites.com\/?post_type=product&#038;p=17352"},"modified":"2025-12-18T14:37:34","modified_gmt":"2025-12-18T14:37:34","slug":"excursion-dune-journee-a-samana-pour-observer-les-baleines-et-a-cayo-levantado-3","status":"publish","type":"product","link":"https:\/\/whalewatching.placessites.com\/fr\/tournee\/excursion-dune-journee-a-samana-pour-observer-les-baleines-et-a-cayo-levantado-3\/","title":{"rendered":"Samana : Observation des baleines et excursion d'une journ\u00e9e \u00e0 Cayo Levantado"},"content":{"rendered":"<p>Ride by Boat to explore the Bay of Samana, which harbors thousands of humpback whales during their winter mating season. Next, enjoy the picturesque views of Cayo Levantado, also known as Bacardi Island. Swim in the serene waters and sunbathe on the white-sand beaches before heading back.<\/p>\n<p>D\u00e9part de Samana et direction la baie de Samana, en scrutant les eaux \u00e0 la recherche des majestueuses baleines \u00e0 bosse au plus fort de la saison des amours. Vous appr\u00e9cierez d'\u00eatre sur l'eau et vous vous sentirez \u00e0 l'aise avec des collations et des boissons \u00e0 bord. Prenez des photos de ces grands animaux et apprenez des faits importants gr\u00e2ce \u00e0 votre guide.<\/p>\n<p>Ensuite, vous naviguez vers l'\u00eele de Bacardi ou Cayo Levantado. Admirez les eaux turquoise et le sable blanc qui entourent l'\u00eele. D\u00e9tendez-vous sur les plages chaudes et baignez-vous au soleil. Profitez-en pour vous baigner dans des eaux sereines et savourez le reste de votre journ\u00e9e avant de rentrer au port.<\/p>","protected":false},"excerpt":{"rendered":"<div data-track=\"overview\" data-v-83a2b402=\"\">\n<section id=\"activity-overview\" class=\"activity-overview\" data-component=\"overview\" data-v-83a2b402=\"\" data-v-f3236c42=\"\">\n<p class=\"activity-overview__content\" data-test-id=\"activity-overview-content\" data-v-f3236c42=\"\">Enjoy the unforgettable experience of whale watching and enjoy the paradise island of Cayo Levantado. Take a full day to explore Bacardi Island, with its turquoise waters and white-sand beaches.<\/p>\n<\/section>\n<\/div>\n<div data-track=\"key-details\" data-v-83a2b402=\"\"><\/div>","protected":false},"featured_media":17444,"template":"","meta":[],"product_brand":[],"product_cat":[97],"product_tag":[101,102],"class_list":{"0":"post-17352","1":"product","2":"type-product","3":"status-publish","4":"has-post-thumbnail","6":"product_cat-dominican-republic","7":"product_tag-excursion","8":"product_tag-tour","10":"first","11":"instock","12":"shipping-taxable","13":"product-type-external"},"_links":{"self":[{"href":"https:\/\/whalewatching.placessites.com\/fr\/wp-json\/wp\/v2\/product\/17352","targetHints":{"allow":["GET"]}}],"collection":[{"href":"https:\/\/whalewatching.placessites.com\/fr\/wp-json\/wp\/v2\/product"}],"about":[{"href":"https:\/\/whalewatching.placessites.com\/fr\/wp-json\/wp\/v2\/types\/product"}],"version-history":[{"count":0,"href":"https:\/\/whalewatching.placessites.com\/fr\/wp-json\/wp\/v2\/product\/17352\/revisions"}],"wp:featuredmedia":[{"embeddable":true,"href":"https:\/\/whalewatching.placessites.com\/fr\/wp-json\/wp\/v2\/media\/17444"}],"wp:attachment":[{"href":"https:\/\/whalewatching.placessites.com\/fr\/wp-json\/wp\/v2\/media?parent=17352"}],"wp:term":[{"taxonomy":"product_brand","embeddable":true,"href":"https:\/\/whalewatching.placessites.com\/fr\/wp-json\/wp\/v2\/product_brand?post=17352"},{"taxonomy":"product_cat","embeddable":true,"href":"https:\/\/whalewatching.placessites.com\/fr\/wp-json\/wp\/v2\/product_cat?post=17352"},{"taxonomy":"product_tag","embeddable":true,"href":"https:\/\/whalewatching.placessites.com\/fr\/wp-json\/wp\/v2\/product_tag?post=17352"}],"curies":[{"name":"wp","href":"https:\/\/api.w.org\/{rel}","templated":true}]}}