{"id":17415,"date":"2025-12-18T14:35:38","date_gmt":"2025-12-18T14:35:38","guid":{"rendered":"https:\/\/whalewatching.placessites.com\/?post_type=product&#038;p=17415"},"modified":"2025-12-18T14:44:40","modified_gmt":"2025-12-18T14:44:40","slug":"randonnee-a-cheval-au-coucher-du-soleil-a-punta-cana-dans-la-plage-et-la-foret-de-macao-3-2","status":"publish","type":"product","link":"https:\/\/whalewatching.placessites.com\/fr\/tournee\/randonnee-a-cheval-au-coucher-du-soleil-a-punta-cana-dans-la-plage-et-la-foret-de-macao-3-2\/","title":{"rendered":"Punta Cana : Balade \u00e0 cheval au coucher du soleil sur la plage et dans la for\u00eat de Macao"},"content":{"rendered":"<p>Entrez dans un royaume de pure tranquillit\u00e9 et de beaut\u00e9 naturelle avec cette promenade \u00e0 cheval exclusive au coucher du soleil. Cette aventure exquise vous plonge dans la splendeur de la plage de Macao et l'\u00e9tendue verdoyante de la for\u00eat. Imaginez-vous sur un cheval majestueux alors que les rayons dor\u00e9s du soleil couchant dansent \u00e0 l'horizon, jetant une lueur envo\u00fbtante sur le paysage.<\/p>\n<p>Mais ce qui distingue notre exp\u00e9rience, c'est l'attention m\u00e9ticuleuse que nous portons aux d\u00e9tails. D\u00e8s votre r\u00e9servation, le transport est organis\u00e9 de mani\u00e8re transparente, afin que votre voyage vers et depuis l'excursion se d\u00e9roule dans les meilleures conditions possibles.<\/p>\n<p>Et parce que nous comprenons que l'exploration va souvent de pair avec l'indulgence, nous avons incorpor\u00e9 un arr\u00eat shopping gratuit dans votre itin\u00e9raire. Prenez le temps de d\u00e9couvrir les tr\u00e9sors et les souvenirs locaux, ce qui vous permettra d'immortaliser l'essence de la R\u00e9publique dominicaine.<\/p>\n<p>Ce circuit ne se contente pas de faire du tourisme - il cr\u00e9e des moments inoubliables qui restent grav\u00e9s dans les m\u00e9moires longtemps apr\u00e8s la fin du voyage. Il est parfait pour ceux qui ont soif d'aventure mais pr\u00e9f\u00e8rent voyager de mani\u00e8re concise, ce qui en fait un choix id\u00e9al pour les clients qui cherchent \u00e0 s'\u00e9vader bri\u00e8vement du confort de leur h\u00f4tel ou de leur Airbnb.<\/p>\n<div class=\"toggle-content__content toggle-content__content--expanded toggle-content__content--packable\" data-v-59485d64=\"\">\n<div data-test-id=\"activity-full-description-text\" data-v-5835c99c=\"\">Ne laissez pas passer cette occasion. Rejoignez-nous pour une exp\u00e9rience extraordinaire qui promet d'enflammer vos sens et de vous laisser bouche b\u00e9e. R\u00e9servez d\u00e8s maintenant et laissez-nous vous guider dans un voyage de d\u00e9couverte et d'\u00e9merveillement.<\/div>\n<\/div>\n<div class=\"toggle-content__label-placeholder\" data-v-59485d64=\"\"><\/div>","protected":false},"excerpt":{"rendered":"<div data-track=\"overview\" data-v-83a2b402=\"\">\n<section id=\"activity-overview\" class=\"activity-overview\" data-component=\"overview\" data-v-83a2b402=\"\" data-v-f3236c42=\"\">\n<p class=\"activity-overview__content\" data-test-id=\"activity-overview-content\" data-v-f3236c42=\"\">D\u00e9couvrez l'allure enchanteresse de la plage et de la for\u00eat de Macao lors d'une fascinante promenade \u00e0 cheval au coucher du soleil, avec un transport sans tracas.<\/p>\n<\/section>\n<\/div>\n<div data-track=\"key-details\" data-v-83a2b402=\"\"><\/div>","protected":false},"featured_media":17604,"template":"","meta":[],"product_brand":[],"product_cat":[97],"product_tag":[101,102],"class_list":{"0":"post-17415","1":"product","2":"type-product","3":"status-publish","4":"has-post-thumbnail","6":"product_cat-dominican-republic","7":"product_tag-excursion","8":"product_tag-tour","10":"first","11":"instock","12":"sale","13":"shipping-taxable","14":"purchasable","15":"product-type-simple"},"_links":{"self":[{"href":"https:\/\/whalewatching.placessites.com\/fr\/wp-json\/wp\/v2\/product\/17415","targetHints":{"allow":["GET"]}}],"collection":[{"href":"https:\/\/whalewatching.placessites.com\/fr\/wp-json\/wp\/v2\/product"}],"about":[{"href":"https:\/\/whalewatching.placessites.com\/fr\/wp-json\/wp\/v2\/types\/product"}],"version-history":[{"count":0,"href":"https:\/\/whalewatching.placessites.com\/fr\/wp-json\/wp\/v2\/product\/17415\/revisions"}],"wp:featuredmedia":[{"embeddable":true,"href":"https:\/\/whalewatching.placessites.com\/fr\/wp-json\/wp\/v2\/media\/17604"}],"wp:attachment":[{"href":"https:\/\/whalewatching.placessites.com\/fr\/wp-json\/wp\/v2\/media?parent=17415"}],"wp:term":[{"taxonomy":"product_brand","embeddable":true,"href":"https:\/\/whalewatching.placessites.com\/fr\/wp-json\/wp\/v2\/product_brand?post=17415"},{"taxonomy":"product_cat","embeddable":true,"href":"https:\/\/whalewatching.placessites.com\/fr\/wp-json\/wp\/v2\/product_cat?post=17415"},{"taxonomy":"product_tag","embeddable":true,"href":"https:\/\/whalewatching.placessites.com\/fr\/wp-json\/wp\/v2\/product_tag?post=17415"}],"curies":[{"name":"wp","href":"https:\/\/api.w.org\/{rel}","templated":true}]}}