{"id":17523,"date":"2025-12-18T14:40:58","date_gmt":"2025-12-18T14:40:58","guid":{"rendered":"https:\/\/whalewatching.placessites.com\/?post_type=product&#038;p=17523"},"modified":"2025-12-18T14:49:01","modified_gmt":"2025-12-18T14:49:01","slug":"excursion-dune-journee-a-samana-pour-observer-les-baleines-et-a-cayo-levantado-4","status":"publish","type":"product","link":"https:\/\/whalewatching.placessites.com\/fr\/tournee\/excursion-dune-journee-a-samana-pour-observer-les-baleines-et-a-cayo-levantado-4\/","title":{"rendered":"Samana : Observation des baleines et excursion d'une journ\u00e9e \u00e0 Cayo Levantado"},"content":{"rendered":"<div class=\"wpb-content-wrapper\"><div class=\"vc_row wpb_row st bg-holder\"><div class='container'><div class='row'>\n\t<div class=\"wpb_column column_container col-md-12\"><div class=\"vc_column-inner wpb_wrapper\">\n\t\t\t\n\t<div class=\"wpb_text_column wpb_content_element\" >\n\t\t<div class=\"wpb_wrapper\">\n\t\t\t<div class=\"toggle-content__content toggle-content__content--expanded toggle-content__content--packable\" data-v-59485d64=\"\">\n<div data-test-id=\"activity-full-description-text\" data-v-5835c99c=\"\">Ride by catamaran motor boat to explore the Bay of Samana, which harbors thousands of humpback whales during their winter mating season. Next, enjoy the picturesque views of Cayo Levantado, also known as Bacardi Island. Swim in the serene waters and sunbathe on the white-sand beaches before heading back.<\/div>\n<div data-test-id=\"activity-full-description-text\" data-v-5835c99c=\"\">D\u00e9part de Samana et direction la baie de Samana, en scrutant les eaux \u00e0 la recherche des majestueuses baleines \u00e0 bosse au plus fort de la saison des amours. Vous appr\u00e9cierez d'\u00eatre sur l'eau et vous vous sentirez \u00e0 l'aise avec des collations et des boissons \u00e0 bord. Prenez des photos de ces grands animaux et apprenez des faits importants gr\u00e2ce \u00e0 votre guide.<\/div>\n<div data-test-id=\"activity-full-description-text\" data-v-5835c99c=\"\"><\/div>\n<div data-test-id=\"activity-full-description-text\" data-v-5835c99c=\"\">Ensuite, vous naviguez vers l'\u00eele de Bacardi ou Cayo Levantado. Admirez les eaux turquoise et le sable blanc qui entourent l'\u00eele. D\u00e9tendez-vous sur les plages chaudes et baignez-vous au soleil. Profitez-en pour vous baigner dans des eaux sereines et savourez le reste de votre journ\u00e9e avant de rentrer au port.<\/div>\n<\/div>\n<div class=\"toggle-content__label-placeholder\" data-v-59485d64=\"\"><\/div>\n\n\t\t<\/div>\n\t<\/div>\n<div class=\"vc_empty_space\"   style=\"height: 32px\"><span class=\"vc_empty_space_inner\"><\/span><\/div>\n\t<div class=\"wpb_text_column wpb_content_element\" >\n\t\t<div class=\"wpb_wrapper\">\n\t\t\t<h2>More whale watching Options:<\/h2>\n\n\t\t<\/div>\n\t<\/div>\n<div class=\"vc_empty_space\"   style=\"height: 32px\"><span class=\"vc_empty_space_inner\"><\/span><\/div><div class=\"woocommerce columns-4\"><ul class=\"products columns-4\">\n<li class=\"product type-product post-13632 status-publish first instock product_cat-dominican-republic product_tag-excursion product_tag-tour has-post-thumbnail shipping-taxable product-type-external\">\r\n\t<a href=\"https:\/\/whalewatching.placessites.com\/fr\/tournee\/-249\/\" class=\"woocommerce-LoopProduct-link woocommerce-loop-product__link\"><img fetchpriority=\"high\" decoding=\"async\" width=\"300\" height=\"300\" src=\"https:\/\/whalewatching.placessites.com\/wp-content\/uploads\/2025\/12\/145-197-300x300.jpg\" class=\"attachment-woocommerce_thumbnail size-woocommerce_thumbnail\" alt=\"Bayahibe : Excursion d&#039;une journ\u00e9e \u00e0 Saman\u00e1 et Miches pour observer les baleines\" srcset=\"https:\/\/whalewatching.placessites.com\/wp-content\/uploads\/2025\/12\/145-197-300x300.jpg 300w, https:\/\/whalewatching.placessites.com\/wp-content\/uploads\/2025\/12\/145-197-1536x1536.jpg 1536w, https:\/\/whalewatching.placessites.com\/wp-content\/uploads\/2025\/12\/145-197-2048x2048.jpg 2048w, https:\/\/whalewatching.placessites.com\/wp-content\/uploads\/2025\/12\/145-197-100x100.jpg 100w\" sizes=\"(max-width: 300px) 100vw, 300px\" \/><h2 class=\"woocommerce-loop-product__title\">Bayahibe : Excursion d'une journ\u00e9e \u00e0 Saman\u00e1 et Miches pour observer les baleines<\/h2>\n\t<span class=\"price\"><span class=\"woocs_price_code\" data-currency=\"\" data-redraw-id=\"69e275bca64b9\"  data-product-id=\"13632\"><span class=\"woocommerce-Price-amount amount\"><bdi>169.00<span class=\"woocommerce-Price-currencySymbol\">&#36;<\/span><\/bdi><\/span><\/span><\/span>\n<\/a><a href=\"https:\/\/gyg.me\/o2nyTIoV\" aria-describedby=\"woocommerce_loop_add_to_cart_link_describedby_13632\" data-quantity=\"1\" class=\"button product_type_external\" data-product_id=\"13632\" data-product_sku=\"\" aria-label=\"V\u00e9rifier la disponibilit\u00e9\" rel=\"nofollow noopener\" target=\"_blank\">V\u00e9rifier la disponibilit\u00e9<\/a>\t<span id=\"woocommerce_loop_add_to_cart_link_describedby_13632\" class=\"screen-reader-text\">\n\t\t\t<\/span>\n<\/li>\r\n<li class=\"product type-product post-18154 status-publish instock product_cat-dominican-republic product_tag-excursion product_tag-tour has-post-thumbnail shipping-taxable product-type-external\">\r\n\t<a href=\"https:\/\/whalewatching.placessites.com\/fr\/tournee\/-403\/\" class=\"woocommerce-LoopProduct-link woocommerce-loop-product__link\"><img decoding=\"async\" width=\"300\" height=\"300\" src=\"https:\/\/whalewatching.placessites.com\/wp-content\/uploads\/2025\/12\/99-53-300x300.png\" class=\"attachment-woocommerce_thumbnail size-woocommerce_thumbnail\" alt=\"Las Terrenas : Demi-journ\u00e9e priv\u00e9e d&#039;observation des baleines\" srcset=\"https:\/\/whalewatching.placessites.com\/wp-content\/uploads\/2025\/12\/99-53-300x300.png 300w, https:\/\/whalewatching.placessites.com\/wp-content\/uploads\/2025\/12\/99-53-1536x1536.png 1536w, https:\/\/whalewatching.placessites.com\/wp-content\/uploads\/2025\/12\/99-53-2048x2048.png 2048w, https:\/\/whalewatching.placessites.com\/wp-content\/uploads\/2025\/12\/99-53-100x100.png 100w, https:\/\/whalewatching.placessites.com\/wp-content\/uploads\/2025\/12\/99-53-266x266.png 266w\" sizes=\"(max-width: 300px) 100vw, 300px\" \/><h2 class=\"woocommerce-loop-product__title\">Las Terrenas : Demi-journ\u00e9e priv\u00e9e d'observation des baleines<\/h2>\n\t<span class=\"price\"><span class=\"woocs_price_code\" data-currency=\"\" data-redraw-id=\"69e275bca6d67\"  data-product-id=\"18154\"><span class=\"woocommerce-Price-amount amount\"><bdi>450.00<span class=\"woocommerce-Price-currencySymbol\">&#36;<\/span><\/bdi><\/span><\/span><\/span>\n<\/a><a href=\"https:\/\/gyg.me\/ZdIaGQzW\" aria-describedby=\"woocommerce_loop_add_to_cart_link_describedby_18154\" data-quantity=\"1\" class=\"button product_type_external\" data-product_id=\"18154\" data-product_sku=\"\" aria-label=\"V\u00e9rifier la disponibilit\u00e9\" rel=\"nofollow noopener\" target=\"_blank\">V\u00e9rifier la disponibilit\u00e9<\/a>\t<span id=\"woocommerce_loop_add_to_cart_link_describedby_18154\" class=\"screen-reader-text\">\n\t\t\t<\/span>\n<\/li>\r\n<\/ul>\n<\/div><div class=\"vc_empty_space\"   style=\"height: 32px\"><span class=\"vc_empty_space_inner\"><\/span><\/div><\/div>\n\t<\/div> \n<\/div><!--End .row--><\/div><!--End .container--><\/div>\n<\/div>","protected":false},"excerpt":{"rendered":"<div data-track=\"overview\" data-v-83a2b402=\"\">\n<section id=\"activity-overview\" class=\"activity-overview\" data-component=\"overview\" data-v-83a2b402=\"\" data-v-f3236c42=\"\">\n<p class=\"activity-overview__content\" data-test-id=\"activity-overview-content\" data-v-f3236c42=\"\">Vivez l'exp\u00e9rience inoubliable de l'observation des baleines et profitez de l'\u00eele paradisiaque de Cayo Levantado. Prenez une journ\u00e9e enti\u00e8re pour explorer l'\u00eele de Bacardi, avec ses eaux turquoise et ses plages de sable blanc.<\/p>\n<\/section>\n<\/div>\n<div data-track=\"key-details\" data-v-83a2b402=\"\"><\/div>","protected":false},"featured_media":17707,"template":"","meta":[],"product_brand":[],"product_cat":[97],"product_tag":[101,102],"class_list":{"0":"post-17523","1":"product","2":"type-product","3":"status-publish","4":"has-post-thumbnail","6":"product_cat-dominican-republic","7":"product_tag-excursion","8":"product_tag-tour","10":"first","11":"instock","12":"shipping-taxable","13":"product-type-external"},"_links":{"self":[{"href":"https:\/\/whalewatching.placessites.com\/fr\/wp-json\/wp\/v2\/product\/17523","targetHints":{"allow":["GET"]}}],"collection":[{"href":"https:\/\/whalewatching.placessites.com\/fr\/wp-json\/wp\/v2\/product"}],"about":[{"href":"https:\/\/whalewatching.placessites.com\/fr\/wp-json\/wp\/v2\/types\/product"}],"version-history":[{"count":0,"href":"https:\/\/whalewatching.placessites.com\/fr\/wp-json\/wp\/v2\/product\/17523\/revisions"}],"wp:featuredmedia":[{"embeddable":true,"href":"https:\/\/whalewatching.placessites.com\/fr\/wp-json\/wp\/v2\/media\/17707"}],"wp:attachment":[{"href":"https:\/\/whalewatching.placessites.com\/fr\/wp-json\/wp\/v2\/media?parent=17523"}],"wp:term":[{"taxonomy":"product_brand","embeddable":true,"href":"https:\/\/whalewatching.placessites.com\/fr\/wp-json\/wp\/v2\/product_brand?post=17523"},{"taxonomy":"product_cat","embeddable":true,"href":"https:\/\/whalewatching.placessites.com\/fr\/wp-json\/wp\/v2\/product_cat?post=17523"},{"taxonomy":"product_tag","embeddable":true,"href":"https:\/\/whalewatching.placessites.com\/fr\/wp-json\/wp\/v2\/product_tag?post=17523"}],"curies":[{"name":"wp","href":"https:\/\/api.w.org\/{rel}","templated":true}]}}