{"id":18032,"date":"2025-12-18T15:03:36","date_gmt":"2025-12-18T15:03:36","guid":{"rendered":"https:\/\/whalewatching.placessites.com\/?post_type=product&#038;p=18032"},"modified":"2025-12-18T15:12:28","modified_gmt":"2025-12-18T15:12:28","slug":"-394","status":"publish","type":"product","link":"https:\/\/whalewatching.placessites.com\/fr\/tournee\/-394\/","title":{"rendered":"Affordable Whale Watching in Saman\u00e1 &#8211; Only $39 | Dominican Republic Tours"},"content":{"rendered":"<div class=\"wpb-content-wrapper\"><div class=\"vc_row wpb_row st bg-holder\"><div class='container'><div class='row'>\n\t<div class=\"wpb_column column_container col-md-12\"><div class=\"vc_column-inner wpb_wrapper\">\n\t\t\t\n\t<div class=\"wpb_text_column wpb_content_element\" >\n\t\t<div class=\"wpb_wrapper\">\n\t\t\t<h1><strong>Whale Watching &amp; Cayo Levantado Tour: The Best Price Guaranteed!<\/strong><\/h1>\n<p>\ud83c\udf0a <strong>Embark on the Ultimate Saman\u00e1 Adventure at an Unbeatable Price!<\/strong> \ud83c\udf34<\/p>\n<p>Looking for the most thrilling and affordable whale watching experience in Saman\u00e1? We\u2019ve got you covered! Our <strong>Whale Watching and Cayo Levantado Tour<\/strong> offers the <strong>best value for your money<\/strong>, combining two unforgettable experiences in one perfect day\u2014all at the <strong>lowest price guaranteed<\/strong>.<\/p>\n<hr \/>\n<h3><strong>Tour Itinerary<\/strong><\/h3>\n<h4><strong>10:00 AM \u2013 Meeting Point at Carenero Port<\/strong><\/h4>\n<p>Start your day stress-free at <strong>Carenero Port<\/strong>, Saman\u00e1, where our friendly team will welcome you aboard a comfortable, modern boat.<\/p>\n<h4><strong>10:15 AM \u2013 Whale Watching at Saman\u00e1 Bay<\/strong><\/h4>\n<p>Set sail to the renowned <strong>Whale Watching Sanctuary<\/strong> and marvel at the majestic humpback whales. Witness their spectacular behaviors\u2014breaching, tail-slapping, and singing\u2014all while enjoying expert commentary from our marine guides.<\/p>\n<h4><strong>12:00 PM \u2013 Free Time at Cayo Levantado (Bacardi Island)<\/strong><\/h4>\n<p>After an incredible morning with the whales, we\u2019ll head to <strong>Cayo Levantado<\/strong>, a tropical paradise known for its white-sand beaches and crystal-clear waters. Spend <strong>free time<\/strong> relaxing, swimming, or exploring the island at your leisure.<\/p>\n<h4><strong>2:30 PM \u2013 Return to Carenero Port<\/strong><\/h4>\n<p>We\u2019ll leave the island and return to Saman\u00e1, arriving back at <strong>Carenero Port between 2:30 PM and 3:00 PM<\/strong>, with plenty of time to enjoy the rest of your day.<\/p>\n<hr \/>\n<h3><strong>Why This Is the Best Price Whale Watching Tour in Saman\u00e1<\/strong><\/h3>\n<p>\u2705 <strong>Two Adventures in One<\/strong> \u2013 Whale watching + Cayo Levantado visit for a single low price!<br \/>\n\u2705 <strong>Lowest Price Guarantee<\/strong> \u2013 You won\u2019t find a better deal anywhere else.<br \/>\n\u2705 <strong>No Hidden Fees<\/strong> \u2013 Transparent pricing includes boat ride, guides, and entry to the sanctuary.<br \/>\n\u2705 <strong>High-Quality Service<\/strong> \u2013 Modern boats, expert guides, and the most comfortable experience.<\/p>\n<hr \/>\n<h3><strong>Seasonal Offer: Book Early and Save!<\/strong><\/h3>\n<p>\ud83d\udcc6 <strong>Prime Season<\/strong>: January\u2013March is the best time to see the humpback whales.<br \/>\n\ud83d\udcb8 <strong>Exclusive Deal<\/strong>: Reserve your spot today and lock in the <strong>best price for whale watching in Saman\u00e1<\/strong>!<\/p>\n<hr \/>\n<h3><strong>How to Book<\/strong><\/h3>\n<p>\ud83d\udcde <a href=\"http:\/\/CALLTO:+18097206035\"><strong>Call us now<\/strong><\/a> to guarantee your spot.<br \/>\n\ud83d\udce7 <a href=\"MAILTO:RESERVABATOUR@GMAIL.COM\"><strong>Email us<\/strong> <\/a>for group bookings or special requests.<br \/>\n\ud83c\udf10 <a href=\"https:\/\/bookingadventures.tours\/booking.php?slug=Whale_watching_and_Cayo_levantado_low_price\" target=\"_blank\" rel=\"noopener\"><strong>Book online<\/strong> <\/a>for quick and easy reservations.<\/p>\n<p>\ud83d\udea8 <strong>Hurry! Limited spaces available<\/strong>\u2014don\u2019t miss out on this incredible opportunity to experience <strong>Saman\u00e1\u2019s top-rated tour at the best price!<\/strong><\/p>\n\n\t\t<\/div>\n\t<\/div>\n<div class=\"vc_empty_space\"   style=\"height: 32px\"><span class=\"vc_empty_space_inner\"><\/span><\/div>\n\t<div class=\"wpb_text_column wpb_content_element\" >\n\t\t<div class=\"wpb_wrapper\">\n\t\t\t<h2>More whale watching Options:<\/h2>\n\n\t\t<\/div>\n\t<\/div>\n<div class=\"vc_empty_space\"   style=\"height: 32px\"><span class=\"vc_empty_space_inner\"><\/span><\/div><div class=\"woocommerce columns-4\"><ul class=\"products columns-4\">\n<li class=\"product type-product post-13632 status-publish first instock product_cat-dominican-republic product_tag-excursion product_tag-tour has-post-thumbnail shipping-taxable product-type-external\">\r\n\t<a href=\"https:\/\/whalewatching.placessites.com\/fr\/tournee\/-249\/\" class=\"woocommerce-LoopProduct-link woocommerce-loop-product__link\"><img fetchpriority=\"high\" decoding=\"async\" width=\"300\" height=\"300\" src=\"https:\/\/whalewatching.placessites.com\/wp-content\/uploads\/2025\/12\/145-197-300x300.jpg\" class=\"attachment-woocommerce_thumbnail size-woocommerce_thumbnail\" alt=\"Bayahibe : Excursion d&#039;une journ\u00e9e \u00e0 Saman\u00e1 et Miches pour observer les baleines\" srcset=\"https:\/\/whalewatching.placessites.com\/wp-content\/uploads\/2025\/12\/145-197-300x300.jpg 300w, https:\/\/whalewatching.placessites.com\/wp-content\/uploads\/2025\/12\/145-197-1536x1536.jpg 1536w, https:\/\/whalewatching.placessites.com\/wp-content\/uploads\/2025\/12\/145-197-2048x2048.jpg 2048w, https:\/\/whalewatching.placessites.com\/wp-content\/uploads\/2025\/12\/145-197-100x100.jpg 100w\" sizes=\"(max-width: 300px) 100vw, 300px\" \/><h2 class=\"woocommerce-loop-product__title\">Bayahibe : Excursion d'une journ\u00e9e \u00e0 Saman\u00e1 et Miches pour observer les baleines<\/h2>\n\t<span class=\"price\"><span class=\"woocs_price_code\" data-currency=\"\" data-redraw-id=\"69df476c23f42\"  data-product-id=\"13632\"><span class=\"woocommerce-Price-amount amount\"><bdi>169.00<span class=\"woocommerce-Price-currencySymbol\">&#36;<\/span><\/bdi><\/span><\/span><\/span>\n<\/a><a href=\"https:\/\/gyg.me\/o2nyTIoV\" aria-describedby=\"woocommerce_loop_add_to_cart_link_describedby_13632\" data-quantity=\"1\" class=\"button product_type_external\" data-product_id=\"13632\" data-product_sku=\"\" aria-label=\"V\u00e9rifier la disponibilit\u00e9\" rel=\"nofollow noopener\" target=\"_blank\">V\u00e9rifier la disponibilit\u00e9<\/a>\t<span id=\"woocommerce_loop_add_to_cart_link_describedby_13632\" class=\"screen-reader-text\">\n\t\t\t<\/span>\n<\/li>\r\n<li class=\"product type-product post-18154 status-publish instock product_cat-dominican-republic product_tag-excursion product_tag-tour has-post-thumbnail shipping-taxable product-type-external\">\r\n\t<a href=\"https:\/\/whalewatching.placessites.com\/fr\/tournee\/-403\/\" class=\"woocommerce-LoopProduct-link woocommerce-loop-product__link\"><img decoding=\"async\" width=\"300\" height=\"300\" src=\"https:\/\/whalewatching.placessites.com\/wp-content\/uploads\/2025\/12\/99-53-300x300.png\" class=\"attachment-woocommerce_thumbnail size-woocommerce_thumbnail\" alt=\"Las Terrenas : Demi-journ\u00e9e priv\u00e9e d&#039;observation des baleines\" srcset=\"https:\/\/whalewatching.placessites.com\/wp-content\/uploads\/2025\/12\/99-53-300x300.png 300w, https:\/\/whalewatching.placessites.com\/wp-content\/uploads\/2025\/12\/99-53-1536x1536.png 1536w, https:\/\/whalewatching.placessites.com\/wp-content\/uploads\/2025\/12\/99-53-2048x2048.png 2048w, https:\/\/whalewatching.placessites.com\/wp-content\/uploads\/2025\/12\/99-53-100x100.png 100w, https:\/\/whalewatching.placessites.com\/wp-content\/uploads\/2025\/12\/99-53-266x266.png 266w\" sizes=\"(max-width: 300px) 100vw, 300px\" \/><h2 class=\"woocommerce-loop-product__title\">Las Terrenas : Demi-journ\u00e9e priv\u00e9e d'observation des baleines<\/h2>\n\t<span class=\"price\"><span class=\"woocs_price_code\" data-currency=\"\" data-redraw-id=\"69df476c24d37\"  data-product-id=\"18154\"><span class=\"woocommerce-Price-amount amount\"><bdi>450.00<span class=\"woocommerce-Price-currencySymbol\">&#36;<\/span><\/bdi><\/span><\/span><\/span>\n<\/a><a href=\"https:\/\/gyg.me\/ZdIaGQzW\" aria-describedby=\"woocommerce_loop_add_to_cart_link_describedby_18154\" data-quantity=\"1\" class=\"button product_type_external\" data-product_id=\"18154\" data-product_sku=\"\" aria-label=\"V\u00e9rifier la disponibilit\u00e9\" rel=\"nofollow noopener\" target=\"_blank\">V\u00e9rifier la disponibilit\u00e9<\/a>\t<span id=\"woocommerce_loop_add_to_cart_link_describedby_18154\" class=\"screen-reader-text\">\n\t\t\t<\/span>\n<\/li>\r\n<\/ul>\n<\/div><\/div>\n\t<\/div> \n<\/div><!--End .row--><\/div><!--End .container--><\/div>\n<\/div>","protected":false},"excerpt":{"rendered":"<p><strong>Best Price Whale Watching &amp; Cayo Levantado Tour \u2013 Saman\u00e1<\/strong><\/p>\n<p>Experience the ultimate <strong>whale watching tour in Saman\u00e1<\/strong> at the <strong>best price guaranteed<\/strong>! Witness majestic humpback whales in the famous <strong>Saman\u00e1 Bay Whale Watching Sanctuary<\/strong>, then relax on the pristine beaches of <strong>Cayo Levantado (Bacardi Island)<\/strong>. This affordable half-day tour offers unmatched value, expert guides, and two unforgettable adventures in one. <strong>Book now<\/strong> for an unbeatable deal on Saman\u00e1\u2019s top-rated excursion!<\/p>","protected":false},"featured_media":18204,"template":"","meta":[],"product_brand":[],"product_cat":[97,229],"product_tag":[],"class_list":{"0":"post-18032","1":"product","2":"type-product","3":"status-publish","4":"has-post-thumbnail","6":"product_cat-dominican-republic","7":"product_cat-whale-watching","9":"first","10":"instock","11":"sale","12":"shipping-taxable","13":"product-type-external"},"_links":{"self":[{"href":"https:\/\/whalewatching.placessites.com\/fr\/wp-json\/wp\/v2\/product\/18032","targetHints":{"allow":["GET"]}}],"collection":[{"href":"https:\/\/whalewatching.placessites.com\/fr\/wp-json\/wp\/v2\/product"}],"about":[{"href":"https:\/\/whalewatching.placessites.com\/fr\/wp-json\/wp\/v2\/types\/product"}],"version-history":[{"count":0,"href":"https:\/\/whalewatching.placessites.com\/fr\/wp-json\/wp\/v2\/product\/18032\/revisions"}],"wp:featuredmedia":[{"embeddable":true,"href":"https:\/\/whalewatching.placessites.com\/fr\/wp-json\/wp\/v2\/media\/18204"}],"wp:attachment":[{"href":"https:\/\/whalewatching.placessites.com\/fr\/wp-json\/wp\/v2\/media?parent=18032"}],"wp:term":[{"taxonomy":"product_brand","embeddable":true,"href":"https:\/\/whalewatching.placessites.com\/fr\/wp-json\/wp\/v2\/product_brand?post=18032"},{"taxonomy":"product_cat","embeddable":true,"href":"https:\/\/whalewatching.placessites.com\/fr\/wp-json\/wp\/v2\/product_cat?post=18032"},{"taxonomy":"product_tag","embeddable":true,"href":"https:\/\/whalewatching.placessites.com\/fr\/wp-json\/wp\/v2\/product_tag?post=18032"}],"curies":[{"name":"wp","href":"https:\/\/api.w.org\/{rel}","templated":true}]}}