{"id":18131,"date":"2025-12-18T15:08:17","date_gmt":"2025-12-18T15:08:17","guid":{"rendered":"https:\/\/whalewatching.placessites.com\/?post_type=product&#038;p=18131"},"modified":"2025-12-19T10:18:51","modified_gmt":"2025-12-19T10:18:51","slug":"punta-cana-santo-domingo-private-day-trip-2","status":"publish","type":"product","link":"https:\/\/whalewatching.placessites.com\/fr\/tournee\/punta-cana-santo-domingo-private-day-trip-2\/","title":{"rendered":"Punta Cana: Santo Domingo Private Day Trip"},"content":{"rendered":"<p>Santo Domingo is a magical city, full of history, culture and amazing landscapes. Explore the oldest Capital of the \u201cNew\u201d World, Santo Domingo, the first city founded in America.<\/p>\n<p>Cette visite touristique vous fera d\u00e9couvrir une ville pleine d'histoire et de culture. Une activit\u00e9 id\u00e9ale pour toute la famille.<\/p>\n<p>- Nous viendrons vous chercher \u00e0 votre h\u00f4tel pour commencer une incroyable excursion \u00e0 Saint-Domingue, au cours de laquelle vous verrez des d\u00e9tails incroyables sur la culture de la R\u00e9publique dominicaine.<\/p>\n<p>- \u00c0 l'arriv\u00e9e \u00e0 Saint-Domingue, vous visiterez les incroyables c\u00e9notes du parc national de Los Tres Ojos, particuli\u00e8rement naturels et magiques.<\/p>\n<p>- Vous visiterez les monuments les plus importants de la ville : la premi\u00e8re cath\u00e9drale d'Am\u00e9rique, l'Alc\u00e1zar de Col\u00f3n et le Panth\u00e9on national, El Faro a Col\u00f3n.<\/p>\n<p>- Nous nous prom\u00e8nerons dans la zone coloniale, une rue romantique, la premi\u00e8re en Am\u00e9rique, \u201cThe Ladies\u201d. Nous profiterons d'une vue panoramique ancienne mais pittoresque.<\/p>\n<p>Il fonctionne tous les jours. Sa dur\u00e9e approximative est de 10 heures.<\/p>","protected":false},"excerpt":{"rendered":"<div data-track=\"overview\" data-v-83a2b402=\"\">\n<section id=\"activity-overview\" class=\"activity-overview\" data-component=\"overview\" data-v-83a2b402=\"\" data-v-f3236c42=\"\">\n<p class=\"activity-overview__content\" data-test-id=\"activity-overview-content\" data-v-f3236c42=\"\">Private Enjoy the history, culture, and landscapes of Santo Domingo on this day tour from Punta Cana. Visit the Three Eyes National Park cenotes, America&#8217;s first cathedral, and the National Pantheon.<\/p>\n<\/section>\n<\/div>\n<div data-track=\"key-details\" data-v-83a2b402=\"\"><\/div>","protected":false},"featured_media":16610,"template":"","meta":[],"product_brand":[],"product_cat":[97],"product_tag":[101,102],"class_list":{"0":"post-18131","1":"product","2":"type-product","3":"status-publish","4":"has-post-thumbnail","6":"product_cat-dominican-republic","7":"product_tag-excursion","8":"product_tag-tour","10":"first","11":"instock","12":"shipping-taxable","13":"product-type-external"},"_links":{"self":[{"href":"https:\/\/whalewatching.placessites.com\/fr\/wp-json\/wp\/v2\/product\/18131","targetHints":{"allow":["GET"]}}],"collection":[{"href":"https:\/\/whalewatching.placessites.com\/fr\/wp-json\/wp\/v2\/product"}],"about":[{"href":"https:\/\/whalewatching.placessites.com\/fr\/wp-json\/wp\/v2\/types\/product"}],"version-history":[{"count":0,"href":"https:\/\/whalewatching.placessites.com\/fr\/wp-json\/wp\/v2\/product\/18131\/revisions"}],"wp:featuredmedia":[{"embeddable":true,"href":"https:\/\/whalewatching.placessites.com\/fr\/wp-json\/wp\/v2\/media\/16610"}],"wp:attachment":[{"href":"https:\/\/whalewatching.placessites.com\/fr\/wp-json\/wp\/v2\/media?parent=18131"}],"wp:term":[{"taxonomy":"product_brand","embeddable":true,"href":"https:\/\/whalewatching.placessites.com\/fr\/wp-json\/wp\/v2\/product_brand?post=18131"},{"taxonomy":"product_cat","embeddable":true,"href":"https:\/\/whalewatching.placessites.com\/fr\/wp-json\/wp\/v2\/product_cat?post=18131"},{"taxonomy":"product_tag","embeddable":true,"href":"https:\/\/whalewatching.placessites.com\/fr\/wp-json\/wp\/v2\/product_tag?post=18131"}],"curies":[{"name":"wp","href":"https:\/\/api.w.org\/{rel}","templated":true}]}}