{"id":18228,"date":"2025-12-18T15:12:27","date_gmt":"2025-12-18T15:12:27","guid":{"rendered":"https:\/\/whalewatching.placessites.com\/?post_type=product&#038;p=18228"},"modified":"2025-12-30T10:32:29","modified_gmt":"2025-12-30T10:32:29","slug":"los-haitises-montana-redonda-tour-2","status":"publish","type":"product","link":"https:\/\/whalewatching.placessites.com\/fr\/tournee\/los-haitises-montana-redonda-tour-2\/","title":{"rendered":"Depuis Punta Cana : Excursion \u00e0 Los Haitises avec visite de la Monta\u00f1a Redonda"},"content":{"rendered":"<h4 class=\"product_title entry-title\">Depuis Punta Cana : Excursion \u00e0 Los Haitises avec visite de la Monta\u00f1a Redonda<\/h4>\n<p>Nous viendrons vous chercher \u00e0 votre h\u00f4tel de Punta Cana \u00e0 partir de 6h30 et partirons pour le parc national de Los Haitises, un paysage karstique unique baign\u00e9 par les eaux de la baie de Saman\u00e1.<\/p>\n<p>\u00c0 notre arriv\u00e9e, nous monterons \u00e0 bord d'un bateau et naviguerons le long du fleuve Ca\u00f1o Hondo en direction de la baie de San Lorenzo, tout en observant les enchev\u00eatrements de mangroves rouges sur le rivage. En pleine mer, nous pourrons apercevoir des mogotes rocheux peupl\u00e9s de p\u00e9licans et de moucherolles \u00e0 queue fourchue.<\/p>\n<p>L'exp\u00e9dition se poursuit vers les grottes Arena et Linea, autrefois utilis\u00e9es par le peuple indig\u00e8ne Ta\u00edno. \u00c0 l'int\u00e9rieur, nous verrons ces grottes d\u00e9cor\u00e9es de pictogrammes et de p\u00e9troglyphes indig\u00e8nes.<\/p>\n<p>Notre prochain arr\u00eat sera l'h\u00f4tel Ca\u00f1o Hondo Paradise, o\u00f9 nous descendrons du bateau et verrons de magnifiques piscines naturelles dans l'enceinte de l'h\u00f4tel. Vous pourrez vous rafra\u00eechir dans la rivi\u00e8re Jivales avant de prendre un d\u00e9jeuner dominicain traditionnel, que nous mangerons dans cet endroit idyllique.<\/p>\n<p>Une fois l'\u00e9nergie retrouv\u00e9e, nous monterons dans une jeep pour nous rendre au sommet de la montagne Redonda, nich\u00e9e entre deux lagunes : Lim\u00f3n et Redonda. Depuis le sommet, la vue sur la jungle est digne d'un conte de f\u00e9es.<\/p>\n<p>Enfin, nous reviendrons sur le continent et retournerons \u00e0 Punta Cana, o\u00f9 nous arriverons \u00e0 votre h\u00f4tel entre 16 h 30 et 18 h 30.<\/p>","protected":false},"excerpt":{"rendered":"<div data-track=\"overview\" data-v-83a2b402=\"\">\n<section id=\"activity-overview\" class=\"activity-overview\" data-component=\"overview\" data-v-83a2b402=\"\" data-v-f3236c42=\"\">\n<p class=\"activity-overview__content\" data-test-id=\"activity-overview-content\" data-v-f3236c42=\"\">Explorez les merveilles naturelles du parc national de Los Haitises lors d'une excursion au d\u00e9part de Punta Cana. Naviguez en bateau le long de la rivi\u00e8re, visitez des grottes et des piscines naturelles et montez en jeep jusqu'au sommet de la Monta\u00f1a Redonda.<\/p>\n<\/section>\n<\/div>\n<div data-track=\"key-details\" data-v-83a2b402=\"\"><\/div>","protected":false},"featured_media":18325,"template":"","meta":[],"product_brand":[],"product_cat":[97],"product_tag":[101,102],"class_list":{"0":"post-18228","1":"product","2":"type-product","3":"status-publish","4":"has-post-thumbnail","6":"product_cat-dominican-republic","7":"product_tag-excursion","8":"product_tag-tour","10":"first","11":"instock","12":"shipping-taxable","13":"product-type-external"},"_links":{"self":[{"href":"https:\/\/whalewatching.placessites.com\/fr\/wp-json\/wp\/v2\/product\/18228","targetHints":{"allow":["GET"]}}],"collection":[{"href":"https:\/\/whalewatching.placessites.com\/fr\/wp-json\/wp\/v2\/product"}],"about":[{"href":"https:\/\/whalewatching.placessites.com\/fr\/wp-json\/wp\/v2\/types\/product"}],"version-history":[{"count":1,"href":"https:\/\/whalewatching.placessites.com\/fr\/wp-json\/wp\/v2\/product\/18228\/revisions"}],"predecessor-version":[{"id":18376,"href":"https:\/\/whalewatching.placessites.com\/fr\/wp-json\/wp\/v2\/product\/18228\/revisions\/18376"}],"wp:featuredmedia":[{"embeddable":true,"href":"https:\/\/whalewatching.placessites.com\/fr\/wp-json\/wp\/v2\/media\/18325"}],"wp:attachment":[{"href":"https:\/\/whalewatching.placessites.com\/fr\/wp-json\/wp\/v2\/media?parent=18228"}],"wp:term":[{"taxonomy":"product_brand","embeddable":true,"href":"https:\/\/whalewatching.placessites.com\/fr\/wp-json\/wp\/v2\/product_brand?post=18228"},{"taxonomy":"product_cat","embeddable":true,"href":"https:\/\/whalewatching.placessites.com\/fr\/wp-json\/wp\/v2\/product_cat?post=18228"},{"taxonomy":"product_tag","embeddable":true,"href":"https:\/\/whalewatching.placessites.com\/fr\/wp-json\/wp\/v2\/product_tag?post=18228"}],"curies":[{"name":"wp","href":"https:\/\/api.w.org\/{rel}","templated":true}]}}